{"id":160410,"date":"2025-12-19T01:09:50","date_gmt":"2025-12-18T22:09:50","guid":{"rendered":"https:\/\/baldumarket.lt\/product\/szafka-kuchenna-dolna-1d-sorento-d30-p-l-bialy-mat-puccini\/"},"modified":"2026-02-18T11:19:09","modified_gmt":"2026-02-18T08:19:09","slug":"szafka-kuchenna-dolna-1d-sorento-d30-p-l-bialy-mat-puccini","status":"publish","type":"product","link":"https:\/\/baldumarket.lt\/lt\/product\/szafka-kuchenna-dolna-1d-sorento-d30-p-l-bialy-mat-puccini\/","title":{"rendered":"Apatin\u0117 virtuv\u0117s spintel\u0117 1D Sorento D30 P\/L matin\u0117s baltos spalvos Puccini"},"content":{"rendered":"<p>Atraskite modern\u0173 savo virtuv\u0117s veid\u0105 su \u201eSorento D30\u201c apatine spintele, kuri derina funkcionalum\u0105 ir rafinuot\u0105 estetik\u0105. Eleganti\u0161ka Puccini spalvos priekin\u0117 dalis gra\u017eiai kontrastuoja su matin\u0117s baltos spalvos korpusu, suteikdama j\u016bs\u0173 virtuv\u0117s erdvei gaivumo ir rafinuotumo. Tai puikus pasirinkimas tiems, kurie vertina subtil\u0173 interjer\u0105, kupin\u0105 klas\u0117s ir ramyb\u0117s. \u0160i ak\u012f traukianti virtuv\u0117s spintel\u0117 pagaminta i\u0161 laminuotos plok\u0161t\u0117s, u\u017etikrinan\u010dios patvarum\u0105 ir atsparum\u0105 kasdieniam virtuv\u0117s gyvenimui. Tai rei\u0161kia, kad m\u0117gausit\u0117s ne tik jos gro\u017eiu, bet ir kasdienio naudojimo patogumu. Sodri juoda metalin\u0117 rankena suteikia charakterio, pabr\u0117\u017eiant modern\u0173 dizain\u0105. \u0160ios spintel\u0117s funkcionalumo paslaptis slypi \u201eClip-On\u201c vyriuose su \u0161velnaus u\u017edarymo mechanizmu. \u0160ie vyriai kasdien\u012f naudojim\u0105 paver\u010dia tikru malonumu, pa\u0161alina nereikaling\u0105 triuk\u0161m\u0105 ir u\u017etikrina skland\u0173 veikim\u0105. \u201eSorento D30\u201c apatin\u0117 spintel\u0117 yra ne tik esteti\u0161kas pasirinkimas, bet ir gerai apgalvotas sprendimas bet kokiam stilingam interjerui.<\/p>","protected":false},"excerpt":{"rendered":"<p>Plotis (cm): 30<br \/>\n\u016agis (cm): 87<br \/>\nGylis (cm): 52<\/p>","protected":false},"featured_media":160411,"comment_status":"open","ping_status":"open","template":"","meta":[],"product_brand":[],"product_cat":[9436,4106],"product_tag":[],"class_list":{"0":"post-160410","1":"product","2":"type-product","3":"status-publish","4":"has-post-thumbnail","6":"product_cat-kitchen-system-sorento","7":"product_cat-gala-meble","9":"first","10":"instock","11":"purchasable","12":"product-type-simple"},"_links":{"self":[{"href":"https:\/\/baldumarket.lt\/lt\/wp-json\/wp\/v2\/product\/160410","targetHints":{"allow":["GET"]}}],"collection":[{"href":"https:\/\/baldumarket.lt\/lt\/wp-json\/wp\/v2\/product"}],"about":[{"href":"https:\/\/baldumarket.lt\/lt\/wp-json\/wp\/v2\/types\/product"}],"replies":[{"embeddable":true,"href":"https:\/\/baldumarket.lt\/lt\/wp-json\/wp\/v2\/comments?post=160410"}],"wp:featuredmedia":[{"embeddable":true,"href":"https:\/\/baldumarket.lt\/lt\/wp-json\/wp\/v2\/media\/160411"}],"wp:attachment":[{"href":"https:\/\/baldumarket.lt\/lt\/wp-json\/wp\/v2\/media?parent=160410"}],"wp:term":[{"taxonomy":"product_brand","embeddable":true,"href":"https:\/\/baldumarket.lt\/lt\/wp-json\/wp\/v2\/product_brand?post=160410"},{"taxonomy":"product_cat","embeddable":true,"href":"https:\/\/baldumarket.lt\/lt\/wp-json\/wp\/v2\/product_cat?post=160410"},{"taxonomy":"product_tag","embeddable":true,"href":"https:\/\/baldumarket.lt\/lt\/wp-json\/wp\/v2\/product_tag?post=160410"}],"curies":[{"name":"wp","href":"https:\/\/api.w.org\/{rel}","templated":true}]}}