{"id":160405,"date":"2025-12-19T01:09:40","date_gmt":"2025-12-18T22:09:40","guid":{"rendered":"https:\/\/baldumarket.lt\/product\/szafka-kuchenna-dolna-1d-sorento-d30-p-l-puccini\/"},"modified":"2026-02-18T11:19:09","modified_gmt":"2026-02-18T08:19:09","slug":"szafka-kuchenna-dolna-1d-sorento-d30-p-l-puccini","status":"publish","type":"product","link":"https:\/\/baldumarket.lt\/lt\/product\/szafka-kuchenna-dolna-1d-sorento-d30-p-l-puccini\/","title":{"rendered":"Apatin\u0117 virtuv\u0117s spintel\u0117 1D Sorento D30 P\/L Puccini"},"content":{"rendered":"<p>Atraskite elegancij\u0105 ir funkcionalum\u0105 su \u201eSorento D30 1-D\u201c apatine virtuv\u0117s spintele su \u201ePuccini\u201c apdaila i\u0161 garsaus \u201eGa\u0142a Meble\u201c prek\u0117s \u017eenklo. \u0160is baldas yra ne tik prakti\u0161kas virtuv\u0117s aksesuaras, bet ir stilingas akcentas, kuris bet kokiam interjerui suteiks modernaus dizaino. I\u0161siskirianti sodriu \u201ePuccini\u201c atspalviu, spintel\u0117 skland\u017eiai dera su \u012fvairiais dekoro elementais, paversdama j\u016bs\u0173 virtuv\u0119 harmoninga ir rafinuoto skonio erdve. Pasinaudokite i\u0161skirtinai patvaria laminuotos plok\u0161t\u0117s konstrukcija, kuri u\u017etikrina atsparum\u0105 pa\u017eeidimams ir ilgalaik\u012f estetin\u012f patrauklum\u0105. Klasikin\u0117 juodo metalo rankena suteikia modernumo ir leid\u017eia lengvai atidaryti bei u\u017edaryti dureles. D\u0117l subtilaus elegancijos ir puikaus meistri\u0161kumo \u0161i spintel\u0117 yra idealus pasirinkimas tiems, kurie kasdien naudojasi kokybe ir stiliumi. \u0160ios spintel\u0117s techninis pa\u017eanga taip pat akivaizdus naudojant \u201eClip-On\u201c vyrius su \u0161velnaus u\u017edarymo funkcija, kurie garantuoja skland\u0173, patog\u0173 ir tyl\u0173 veikim\u0105. Jos funkcionalum\u0105 dar labiau sustiprina reguliuojamos kojel\u0117s, leid\u017eian\u010dios puikiai reguliuoti spintel\u0117s auk\u0161t\u012f pagal savo poreikius, u\u017etikrinant stabilum\u0105 ant bet kokio pavir\u0161iaus. Tai detal\u0117s, kurios prisideda prie kasdienio gyvenimo virtuv\u0117je komforto.<\/p>","protected":false},"excerpt":{"rendered":"<p>Plotis (cm): 30<br \/>\n\u016agis (cm): 87<br \/>\nGylis (cm): 52<\/p>","protected":false},"featured_media":160406,"comment_status":"open","ping_status":"open","template":"","meta":[],"product_brand":[],"product_cat":[9436,4106],"product_tag":[],"class_list":{"0":"post-160405","1":"product","2":"type-product","3":"status-publish","4":"has-post-thumbnail","6":"product_cat-kitchen-system-sorento","7":"product_cat-gala-meble","9":"first","10":"instock","11":"purchasable","12":"product-type-simple"},"_links":{"self":[{"href":"https:\/\/baldumarket.lt\/lt\/wp-json\/wp\/v2\/product\/160405","targetHints":{"allow":["GET"]}}],"collection":[{"href":"https:\/\/baldumarket.lt\/lt\/wp-json\/wp\/v2\/product"}],"about":[{"href":"https:\/\/baldumarket.lt\/lt\/wp-json\/wp\/v2\/types\/product"}],"replies":[{"embeddable":true,"href":"https:\/\/baldumarket.lt\/lt\/wp-json\/wp\/v2\/comments?post=160405"}],"wp:featuredmedia":[{"embeddable":true,"href":"https:\/\/baldumarket.lt\/lt\/wp-json\/wp\/v2\/media\/160406"}],"wp:attachment":[{"href":"https:\/\/baldumarket.lt\/lt\/wp-json\/wp\/v2\/media?parent=160405"}],"wp:term":[{"taxonomy":"product_brand","embeddable":true,"href":"https:\/\/baldumarket.lt\/lt\/wp-json\/wp\/v2\/product_brand?post=160405"},{"taxonomy":"product_cat","embeddable":true,"href":"https:\/\/baldumarket.lt\/lt\/wp-json\/wp\/v2\/product_cat?post=160405"},{"taxonomy":"product_tag","embeddable":true,"href":"https:\/\/baldumarket.lt\/lt\/wp-json\/wp\/v2\/product_tag?post=160405"}],"curies":[{"name":"wp","href":"https:\/\/api.w.org\/{rel}","templated":true}]}}