{"id":160401,"date":"2025-12-19T01:09:32","date_gmt":"2025-12-18T22:09:32","guid":{"rendered":"https:\/\/baldumarket.lt\/product\/szafka-kuchenna-dolna-1d-sorento-d30-p-l-puccini-bezowy-mat\/"},"modified":"2026-02-18T11:19:09","modified_gmt":"2026-02-18T08:19:09","slug":"szafka-kuchenna-dolna-1d-sorento-d30-p-l-puccini-bezowy-mat","status":"publish","type":"product","link":"https:\/\/baldumarket.lt\/lt\/product\/szafka-kuchenna-dolna-1d-sorento-d30-p-l-puccini-bezowy-mat\/","title":{"rendered":"Apatin\u0117 virtuv\u0117s spintel\u0117 1D Sorento D30 P\/L Puccini matin\u0117s sm\u0117lio spalvos"},"content":{"rendered":"<p>Atraskite unikal\u0173 \u201eSorento D30\u201c virtuv\u0117s spintel\u0117s \u017eaves\u012f, kuri patrauks ak\u012f eleganti\u0161ka matin\u0117s sm\u0117lio spalvos apdaila. \u0160is subtilus atspalvis puikiai dera prie \u012fvairi\u0173 interjer\u0173, suteikdamas \u0161ilumos ir klas\u0117s. Laminuoti fasadai yra ne tik esteti\u0161kai patraukl\u016bs, bet ir patvar\u016bs, tod\u0117l tikrai patenkins net ir reikliausi\u0173 vartotoj\u0173 poreikius. Tai puikus pasirinkimas tiems, kurie ie\u0161ko subtilaus ir modernaus prisilietimo savo virtuvei.<\/p>\n<p>\u201eSorento\u201c spintel\u0117s funkcionalumas neatsiejamas nuo jos i\u0161vaizdos. D\u0117l apgalvoto dizaino galite b\u016bti tikri, kad \u010dia patogiai susid\u0117site svarbiausius virtuv\u0117s reikmenis, viskas i\u0161liks tvarkinga ir organizuota. Kompakti\u0161ki matmenys rei\u0161kia, kad tinkam\u0105 viet\u0105 rasite net ir ma\u017eesn\u0117je virtuv\u0117je. \u201eClip-On\u201c vyriai su \u0161velnaus u\u017edarymo funkcija suteikia ne tik modernaus stiliaus, bet ir patogumo kasdien naudojant.<\/p>\n<p>Spintel\u0117s i\u0161skirtinis bruo\u017eas \u2013 eleganti\u0161kos juodo metalo rankenos, kurios pabr\u0117\u017eia jos modernum\u0105 ir stili\u0173. Tvirta konstrukcija garantuoja patvarum\u0105 ir naudojimo paprastum\u0105, o kruop\u0161\u010diai parinktos spalvos suteikia harmonijos bendram dizainui. \u0160i subtili detal\u0117 puikiai dera su likusiu dizainu, sukurdama darni\u0105 vizualin\u0119 kompozicij\u0105.<\/p>\n<p>Spintel\u0117s surinkimas patiems \u2013 tikras malonumas, leid\u017eiantis m\u0117gautis pasitenkinimu kuriant \u0161\u012f gra\u017e\u0173 virtuv\u0117s papildym\u0105. Reguliuojamos kojel\u0117s leid\u017eia reguliuoti auk\u0161t\u012f pagal savo poreikius, taip \u017eymiai pagerinant jos stabilum\u0105 ant bet kokio pavir\u0161iaus. Rinkit\u0117s prakti\u0161kum\u0105 ir stili\u0173 su \u201eSorento D30\u201c virtuv\u0117s spintele ir pasiduokite jos universalumo \u017eavesiui.<\/p>","protected":false},"excerpt":{"rendered":"<p>Plotis (cm): 30<br \/>\n\u016agis (cm): 87<br \/>\nGylis (cm): 52<\/p>","protected":false},"featured_media":160402,"comment_status":"open","ping_status":"open","template":"","meta":[],"product_brand":[],"product_cat":[9436,4106],"product_tag":[],"class_list":{"0":"post-160401","1":"product","2":"type-product","3":"status-publish","4":"has-post-thumbnail","6":"product_cat-kitchen-system-sorento","7":"product_cat-gala-meble","9":"first","10":"instock","11":"purchasable","12":"product-type-simple"},"_links":{"self":[{"href":"https:\/\/baldumarket.lt\/lt\/wp-json\/wp\/v2\/product\/160401","targetHints":{"allow":["GET"]}}],"collection":[{"href":"https:\/\/baldumarket.lt\/lt\/wp-json\/wp\/v2\/product"}],"about":[{"href":"https:\/\/baldumarket.lt\/lt\/wp-json\/wp\/v2\/types\/product"}],"replies":[{"embeddable":true,"href":"https:\/\/baldumarket.lt\/lt\/wp-json\/wp\/v2\/comments?post=160401"}],"wp:featuredmedia":[{"embeddable":true,"href":"https:\/\/baldumarket.lt\/lt\/wp-json\/wp\/v2\/media\/160402"}],"wp:attachment":[{"href":"https:\/\/baldumarket.lt\/lt\/wp-json\/wp\/v2\/media?parent=160401"}],"wp:term":[{"taxonomy":"product_brand","embeddable":true,"href":"https:\/\/baldumarket.lt\/lt\/wp-json\/wp\/v2\/product_brand?post=160401"},{"taxonomy":"product_cat","embeddable":true,"href":"https:\/\/baldumarket.lt\/lt\/wp-json\/wp\/v2\/product_cat?post=160401"},{"taxonomy":"product_tag","embeddable":true,"href":"https:\/\/baldumarket.lt\/lt\/wp-json\/wp\/v2\/product_tag?post=160401"}],"curies":[{"name":"wp","href":"https:\/\/api.w.org\/{rel}","templated":true}]}}