{"id":160396,"date":"2025-12-19T01:09:22","date_gmt":"2025-12-18T22:09:22","guid":{"rendered":"https:\/\/baldumarket.lt\/product\/szafka-kuchenna-dolna-1d-sorento-d30-p-l-puccini-bialy-mat-ramka\/"},"modified":"2026-02-18T11:19:09","modified_gmt":"2026-02-18T08:19:09","slug":"szafka-kuchenna-dolna-1d-sorento-d30-p-l-puccini-bialy-mat-ramka","status":"publish","type":"product","link":"https:\/\/baldumarket.lt\/lt\/product\/szafka-kuchenna-dolna-1d-sorento-d30-p-l-puccini-bialy-mat-ramka\/","title":{"rendered":"Apatin\u0117 virtuv\u0117s spintel\u0117 1D Sorento D30 P\/L Puccini matin\u0117s baltos spalvos r\u0117meliu"},"content":{"rendered":"<p>Atraskite elegancij\u0105 ir funkcionalum\u0105 gryniausia forma su \u201eSorento D30 P\/L\u201c vien\u0173 dur\u0173 apatine virtuv\u0117s spintele. \u0160i unikali spintel\u0117 \u2013 tai tobulas modernaus dizaino ir subtilaus stiliaus derinys, puikiai papildantis bet kuri\u0105 virtuv\u0119. Matin\u0117s baltos spalvos priekis suteikia gaivumo ir eleganti\u0161kumo \u012fsp\u016bd\u012f, o Puccini spalvos korpusas \u2013 jaukumo ir \u0161ilumos poj\u016bt\u012f. \u0160is spalv\u0173 derinys paver\u010dia \u0161i\u0105 spintel\u0119 nepakei\u010diamu j\u016bs\u0173 virtuv\u0117s elementu, harmoningai deran\u010diu su kitais baldais. \u201eGa\u0142a Meble\u201c dizaineriai daugiausia d\u0117mesio skyr\u0117 kokybei ir estetikai. Spintel\u0117 pagaminta i\u0161 patvarios MDF ir itin atsparios laminuotos plok\u0161t\u0117s. D\u0117mesys smulkiausioms detal\u0117ms matomas aukso spalvos metalin\u0117se rankenose, kurios suteikia prabangos. Reguliuojamos kojel\u0117s u\u017etikrina stabilum\u0105 ir auk\u0161\u010dio reguliavim\u0105, tod\u0117l spintel\u0117 yra nepaprastai prakti\u0161ka kasdieniam naudojimui. Funkcionalumas yra pagrindinis \u0161ios spintel\u0117s aspektas. D\u0117l u\u017esegam\u0173 vyri\u0173 ir \u0161velnaus u\u017edarymo mechanizm\u0173 dureli\u0173 atidarymas ir u\u017edarymas yra prakti\u0161kai tylus. \u0160is sprendimas kasdienius virtuv\u0117s darbus paver\u010dia dar malonesniais, o maisto gaminimas \u012fgauna nauj\u0105 komforto dimensij\u0105. Be to, spintel\u0117 sukurta savaranki\u0161kam surinkimui, suteikiant rank\u0173 darbo baldo pasitenkinim\u0105 ir galimyb\u0119 j\u0105 pritaikyti pagal individualius poreikius.<\/p>","protected":false},"excerpt":{"rendered":"<p>Plotis (cm): 30<br \/>\n\u016agis (cm): 87<br \/>\nGylis (cm): 52<\/p>","protected":false},"featured_media":160397,"comment_status":"open","ping_status":"open","template":"","meta":[],"product_brand":[],"product_cat":[9436,4106],"product_tag":[],"class_list":{"0":"post-160396","1":"product","2":"type-product","3":"status-publish","4":"has-post-thumbnail","6":"product_cat-kitchen-system-sorento","7":"product_cat-gala-meble","9":"first","10":"instock","11":"purchasable","12":"product-type-simple"},"_links":{"self":[{"href":"https:\/\/baldumarket.lt\/lt\/wp-json\/wp\/v2\/product\/160396","targetHints":{"allow":["GET"]}}],"collection":[{"href":"https:\/\/baldumarket.lt\/lt\/wp-json\/wp\/v2\/product"}],"about":[{"href":"https:\/\/baldumarket.lt\/lt\/wp-json\/wp\/v2\/types\/product"}],"replies":[{"embeddable":true,"href":"https:\/\/baldumarket.lt\/lt\/wp-json\/wp\/v2\/comments?post=160396"}],"wp:featuredmedia":[{"embeddable":true,"href":"https:\/\/baldumarket.lt\/lt\/wp-json\/wp\/v2\/media\/160397"}],"wp:attachment":[{"href":"https:\/\/baldumarket.lt\/lt\/wp-json\/wp\/v2\/media?parent=160396"}],"wp:term":[{"taxonomy":"product_brand","embeddable":true,"href":"https:\/\/baldumarket.lt\/lt\/wp-json\/wp\/v2\/product_brand?post=160396"},{"taxonomy":"product_cat","embeddable":true,"href":"https:\/\/baldumarket.lt\/lt\/wp-json\/wp\/v2\/product_cat?post=160396"},{"taxonomy":"product_tag","embeddable":true,"href":"https:\/\/baldumarket.lt\/lt\/wp-json\/wp\/v2\/product_tag?post=160396"}],"curies":[{"name":"wp","href":"https:\/\/api.w.org\/{rel}","templated":true}]}}