{"id":160391,"date":"2025-12-19T01:09:13","date_gmt":"2025-12-18T22:09:13","guid":{"rendered":"https:\/\/baldumarket.lt\/product\/szafka-kuchenna-dolna-1d-sorento-d40-p-l-baltic-storm\/"},"modified":"2026-02-18T11:19:09","modified_gmt":"2026-02-18T08:19:09","slug":"szafka-kuchenna-dolna-1d-sorento-d40-p-l-baltic-storm","status":"publish","type":"product","link":"https:\/\/baldumarket.lt\/lt\/product\/szafka-kuchenna-dolna-1d-sorento-d40-p-l-baltic-storm\/","title":{"rendered":"Apatin\u0117 virtuv\u0117s spintel\u0117 1D Sorento D40 P\/L Baltic Storm"},"content":{"rendered":"<p>Atraskite nauj\u0105 kokyb\u0117s lyg\u012f savo virtuv\u0117je su eleganti\u0161kos \u201eBaltic Storm\u201c spalvos \u201eSorento D40 1-D\u201c apatine virtuv\u0117s spintele. \u0160i moderni spintel\u0117 ne tik suteikia j\u016bs\u0173 erdvei rafinuoto stiliaus, bet ir maksimaliai padidina virtuv\u0117s funkcionalum\u0105. Kompakti\u0161ki 40 cm plo\u010dio matmenys puikiai tinka bet kokiam interjerui ir suteikia daug vietos kasdieniams daiktams laikyti. \u201eBaltic Storm\u201c apdaila suteikia spintelei eleganti\u0161k\u0105 i\u0161vaizd\u0105, kuri\u0105 lengva pritaikyti prie \u012fvairi\u0173 interjero stili\u0173 \u2013 nuo skandinavi\u0161ko iki modernaus. 18 mm storio laminuota plok\u0161t\u0117 yra ne tik esteti\u0161kai patraukli, bet ir atspari pa\u017eeidimams, tod\u0117l j\u016bs\u0173 naujoji spintel\u0117 tikrai atlaikys laiko i\u0161bandym\u0105 ir i\u0161laikys savo blizges\u012f ilgus metus. Reguliuojamos juodos plastikin\u0117s kojel\u0117s suteikia visam baldui gaiv\u0173, minimalistin\u012f poj\u016bt\u012f. Tarp pagrindini\u0173 \u0161ios spintel\u0117s savybi\u0173 yra \u0161velnaus u\u017edarymo sistema ir \u201eClip-On\u201c vyriai, u\u017etikrinantys patog\u0173 kasdien\u012f naudojim\u0105. Tai leid\u017eia paprastai ir tyliai atidaryti ir u\u017edaryti dureles, puikiai papildan\u010dias minimalistin\u012f gyvenimo b\u016bd\u0105. 15 cm ilgio juoda metalin\u0117 rankena dar labiau sustiprina viso dizaino modernum\u0105 ir elegancij\u0105.<\/p>","protected":false},"excerpt":{"rendered":"<p>Plotis (cm): 40<br \/>\n\u016agis (cm): 87<br \/>\nGylis (cm): 52<\/p>","protected":false},"featured_media":160392,"comment_status":"open","ping_status":"open","template":"","meta":[],"product_brand":[],"product_cat":[9436,4106],"product_tag":[],"class_list":{"0":"post-160391","1":"product","2":"type-product","3":"status-publish","4":"has-post-thumbnail","6":"product_cat-kitchen-system-sorento","7":"product_cat-gala-meble","9":"first","10":"instock","11":"purchasable","12":"product-type-simple"},"_links":{"self":[{"href":"https:\/\/baldumarket.lt\/lt\/wp-json\/wp\/v2\/product\/160391","targetHints":{"allow":["GET"]}}],"collection":[{"href":"https:\/\/baldumarket.lt\/lt\/wp-json\/wp\/v2\/product"}],"about":[{"href":"https:\/\/baldumarket.lt\/lt\/wp-json\/wp\/v2\/types\/product"}],"replies":[{"embeddable":true,"href":"https:\/\/baldumarket.lt\/lt\/wp-json\/wp\/v2\/comments?post=160391"}],"wp:featuredmedia":[{"embeddable":true,"href":"https:\/\/baldumarket.lt\/lt\/wp-json\/wp\/v2\/media\/160392"}],"wp:attachment":[{"href":"https:\/\/baldumarket.lt\/lt\/wp-json\/wp\/v2\/media?parent=160391"}],"wp:term":[{"taxonomy":"product_brand","embeddable":true,"href":"https:\/\/baldumarket.lt\/lt\/wp-json\/wp\/v2\/product_brand?post=160391"},{"taxonomy":"product_cat","embeddable":true,"href":"https:\/\/baldumarket.lt\/lt\/wp-json\/wp\/v2\/product_cat?post=160391"},{"taxonomy":"product_tag","embeddable":true,"href":"https:\/\/baldumarket.lt\/lt\/wp-json\/wp\/v2\/product_tag?post=160391"}],"curies":[{"name":"wp","href":"https:\/\/api.w.org\/{rel}","templated":true}]}}