{"id":160386,"date":"2025-12-19T01:09:03","date_gmt":"2025-12-18T22:09:03","guid":{"rendered":"https:\/\/baldumarket.lt\/product\/szafka-kuchenna-dolna-1d-sorento-d40-p-l-baltic-storm-bezowy-mat\/"},"modified":"2026-02-18T11:19:09","modified_gmt":"2026-02-18T08:19:09","slug":"szafka-kuchenna-dolna-1d-sorento-d40-p-l-baltic-storm-bezowy-mat","status":"publish","type":"product","link":"https:\/\/baldumarket.lt\/lt\/product\/szafka-kuchenna-dolna-1d-sorento-d40-p-l-baltic-storm-bezowy-mat\/","title":{"rendered":"Apatin\u0117 virtuv\u0117s spintel\u0117 1D Sorento D40 P\/L Baltic Storm Beige Matte"},"content":{"rendered":"<p>Pristatome unikali\u0105 \u201eSorento D40\u201c virtuv\u0117s spintel\u0119, kuri \u012fne\u0161a gaivumo \u012f bet kuri\u0105 virtuv\u0119. Matin\u0117s sm\u0117lio spalvos priekin\u0117 dalis \u017eavi subtiliu rafinuotumu, puikiai dera tiek prie modernaus, tiek prie klasikinio interjero. Kartu su eleganti\u0161ku \u201eBaltic Storm\u201c korpusu ji sukuria harmoning\u0105 i\u0161d\u0117stym\u0105, kuris taps tobulu fonu kasdieniam kulinariniam \u012fkv\u0117pimui. \u201eSorento\u201c spintel\u0117 si\u016blo ne tik estetik\u0105, bet ir prakti\u0161kus sprendimus j\u016bs\u0173 virtuvei. Kompakti\u0161kas, 40 cm plo\u010dio dizainas buvo sukurtas atsi\u017evelgiant \u012f efektyv\u0173 erdv\u0117s i\u0161naudojim\u0105, tod\u0117l idealiai tinka ma\u017eesn\u0117ms erdv\u0117ms. Viduje galite lengvai laikyti visus b\u016btiniausius virtuv\u0117s reikmenis, kad viskas b\u016bt\u0173 tvarkinga ir organizuota. D\u0117mesys funkcionalumui, spintel\u0117 turi metalin\u0119 ranken\u0105 su subtilia juoda apdaila, pabr\u0117\u017eian\u010di\u0105 jos modern\u0173 charakter\u012f. \u0160velniai u\u017esidaran\u010dios durel\u0117s, d\u0117ka pa\u017eangios \u201eClip-On\u201c technologijos, garantuoja komfort\u0105 vis\u0105 dien\u0105. Suteikite savo virtuvei unikal\u0173 stili\u0173 be vargo trenkiant dureles.<\/p>","protected":false},"excerpt":{"rendered":"<p>Plotis (cm): 40<br \/>\n\u016agis (cm): 87<br \/>\nGylis (cm): 52<\/p>","protected":false},"featured_media":160387,"comment_status":"open","ping_status":"open","template":"","meta":[],"product_brand":[],"product_cat":[9436,4106],"product_tag":[],"class_list":{"0":"post-160386","1":"product","2":"type-product","3":"status-publish","4":"has-post-thumbnail","6":"product_cat-kitchen-system-sorento","7":"product_cat-gala-meble","9":"first","10":"instock","11":"purchasable","12":"product-type-simple"},"_links":{"self":[{"href":"https:\/\/baldumarket.lt\/lt\/wp-json\/wp\/v2\/product\/160386","targetHints":{"allow":["GET"]}}],"collection":[{"href":"https:\/\/baldumarket.lt\/lt\/wp-json\/wp\/v2\/product"}],"about":[{"href":"https:\/\/baldumarket.lt\/lt\/wp-json\/wp\/v2\/types\/product"}],"replies":[{"embeddable":true,"href":"https:\/\/baldumarket.lt\/lt\/wp-json\/wp\/v2\/comments?post=160386"}],"wp:featuredmedia":[{"embeddable":true,"href":"https:\/\/baldumarket.lt\/lt\/wp-json\/wp\/v2\/media\/160387"}],"wp:attachment":[{"href":"https:\/\/baldumarket.lt\/lt\/wp-json\/wp\/v2\/media?parent=160386"}],"wp:term":[{"taxonomy":"product_brand","embeddable":true,"href":"https:\/\/baldumarket.lt\/lt\/wp-json\/wp\/v2\/product_brand?post=160386"},{"taxonomy":"product_cat","embeddable":true,"href":"https:\/\/baldumarket.lt\/lt\/wp-json\/wp\/v2\/product_cat?post=160386"},{"taxonomy":"product_tag","embeddable":true,"href":"https:\/\/baldumarket.lt\/lt\/wp-json\/wp\/v2\/product_tag?post=160386"}],"curies":[{"name":"wp","href":"https:\/\/api.w.org\/{rel}","templated":true}]}}