{"id":160381,"date":"2025-12-19T01:08:53","date_gmt":"2025-12-18T22:08:53","guid":{"rendered":"https:\/\/baldumarket.lt\/product\/szafka-kuchenna-dolna-1d-sorento-d40-p-l-baltic-storm-green\/"},"modified":"2026-02-18T11:19:09","modified_gmt":"2026-02-18T08:19:09","slug":"szafka-kuchenna-dolna-1d-sorento-d40-p-l-baltic-storm-green","status":"publish","type":"product","link":"https:\/\/baldumarket.lt\/lt\/product\/szafka-kuchenna-dolna-1d-sorento-d40-p-l-baltic-storm-green\/","title":{"rendered":"Apatin\u0117 virtuv\u0117s spintel\u0117 1D Sorento D40 P\/L Baltic Storm Green"},"content":{"rendered":"<p>Atgaivinkite savo virtuv\u0119 eleganti\u0161ka ir funkcionalia \u201eSorento D40 P\/L\u201c apatine virtuv\u0117s spintele \u201eBaltic Storm Green\u201c spalvos. Minimalistinis dizainas, pary\u0161kintas matin\u0117s \u017ealios spalvos priekiu, bet kokiam interjerui suteikia gaivumo ir nat\u016bralumo. Stilingai priderintos juodos metalin\u0117s ranken\u0117l\u0117s suteikia modernumo, puikiai papildydamos skandinavi\u0161k\u0105 ir industrin\u012f dekor\u0105. \u201eSorento\u201c spintel\u0117 ne tik traukia ak\u012f, bet ir supaprastina kasdienyb\u0119 d\u0117l apgalvoto dizaino. Daikt\u0173 laikymo vietos suprojektuotos taip, kad atitikt\u0173 \u012fvairius poreikius, u\u017etikrinant organizuot\u0105 ir funkcionali\u0105 virtuv\u0119. Patikimi \u201eClip-On\u201c vyriai su \u0161velnaus u\u017edarymo sistema u\u017etikrina komfort\u0105, pa\u0161alindami nemalon\u0173 dureli\u0173 u\u017edarymo gars\u0105. Rinkit\u0117s funkcionalum\u0105, atitinkant\u012f j\u016bs\u0173 gyvenimo b\u016bd\u0105, su reguliuojamomis kojel\u0117mis, kurios leid\u017eia lengvai pritaikyti spintel\u0117s auk\u0161t\u012f pagal individualius poreikius. Laminuota apdaila ne tik pagerina estetik\u0105, bet ir garantuoja ilgaam\u017ei\u0161kum\u0105 bei atsparum\u0105 kasdieniams pa\u017eeidimams. Unikali spalv\u0173 palet\u0117, kurioje vyrauja \u201eBaltic Storm\u201c, yra puikus pasirinkimas tiems, kurie vertina harmonij\u0105 ir rafinuot\u0105 stili\u0173 savo interjere.<\/p>","protected":false},"excerpt":{"rendered":"<p>Plotis (cm): 40<br \/>\n\u016agis (cm): 87<br \/>\nGylis (cm): 52<\/p>","protected":false},"featured_media":160382,"comment_status":"open","ping_status":"open","template":"","meta":[],"product_brand":[],"product_cat":[9436,4106],"product_tag":[],"class_list":{"0":"post-160381","1":"product","2":"type-product","3":"status-publish","4":"has-post-thumbnail","6":"product_cat-kitchen-system-sorento","7":"product_cat-gala-meble","9":"first","10":"instock","11":"purchasable","12":"product-type-simple"},"_links":{"self":[{"href":"https:\/\/baldumarket.lt\/lt\/wp-json\/wp\/v2\/product\/160381","targetHints":{"allow":["GET"]}}],"collection":[{"href":"https:\/\/baldumarket.lt\/lt\/wp-json\/wp\/v2\/product"}],"about":[{"href":"https:\/\/baldumarket.lt\/lt\/wp-json\/wp\/v2\/types\/product"}],"replies":[{"embeddable":true,"href":"https:\/\/baldumarket.lt\/lt\/wp-json\/wp\/v2\/comments?post=160381"}],"wp:featuredmedia":[{"embeddable":true,"href":"https:\/\/baldumarket.lt\/lt\/wp-json\/wp\/v2\/media\/160382"}],"wp:attachment":[{"href":"https:\/\/baldumarket.lt\/lt\/wp-json\/wp\/v2\/media?parent=160381"}],"wp:term":[{"taxonomy":"product_brand","embeddable":true,"href":"https:\/\/baldumarket.lt\/lt\/wp-json\/wp\/v2\/product_brand?post=160381"},{"taxonomy":"product_cat","embeddable":true,"href":"https:\/\/baldumarket.lt\/lt\/wp-json\/wp\/v2\/product_cat?post=160381"},{"taxonomy":"product_tag","embeddable":true,"href":"https:\/\/baldumarket.lt\/lt\/wp-json\/wp\/v2\/product_tag?post=160381"}],"curies":[{"name":"wp","href":"https:\/\/api.w.org\/{rel}","templated":true}]}}