{"id":160376,"date":"2025-12-19T01:08:43","date_gmt":"2025-12-18T22:08:43","guid":{"rendered":"https:\/\/baldumarket.lt\/product\/szafka-kuchenna-dolna-1d-sorento-d40-p-l-bialy-green\/"},"modified":"2026-02-18T11:18:53","modified_gmt":"2026-02-18T08:18:53","slug":"szafka-kuchenna-dolna-1d-sorento-d40-p-l-bialy-green","status":"publish","type":"product","link":"https:\/\/baldumarket.lt\/lt\/product\/szafka-kuchenna-dolna-1d-sorento-d40-p-l-bialy-green\/","title":{"rendered":"Apatin\u0117 virtuv\u0117s spintel\u0117 1D Sorento D40 P\/L Balta \u017dalia"},"content":{"rendered":"<p>Atraskite garsaus \u201eGa\u0142a Meble\u201c prek\u0117s \u017eenklo \u201eDolna 1D Sorento D40\u201c virtuv\u0117s spintel\u0119, kuri taps nepakei\u010diamu j\u016bs\u0173 virtuv\u0117s elementu. Eleganti\u0161kas baltas korpusas kartu su matiniu \u017ealiu priekiu suteikia kambariui modernumo ir gaivumo, puikiai atitinkan\u010diu dabartines interjero dizaino tendencijas. Spintel\u0117 ne tik \u017eavi savo estetika, bet ir tampa bet kuri\u0173 nam\u0173 gastronomin\u0117s \u0161irdies traukos centru. \u0160i spintel\u0117 ne tik gra\u017ei, bet ir i\u0161skirtinai funkcionali. Su 15 cm reguliuojamomis kojel\u0117mis ji puikiai prisitaiko prie j\u016bs\u0173 poreiki\u0173 ir leid\u017eia lengvai valyti grindis. D\u0117l prieinam\u0173 40 x 87 x 52 cm matmen\u0173 ji lengvai tilps net ir ank\u0161tiausiose erdv\u0117se, neprarandant elegancijos ir prakti\u0161kumo. D\u0117l 18 mm storio laminuotos plok\u0161t\u0117s naudojimo spintel\u0117 yra atspari pa\u017eeidimams ir \u012fbr\u0117\u017eimams, tod\u0117l tarnaus jums ilgus metus. \u0160velniai u\u017esidarantys \u201eClip-On\u201c vyriai u\u017etikrina patog\u0173 naudojim\u0105, tuo pa\u010diu i\u0161saugant u\u017edarytos spintel\u0117s estetik\u0105, pa\u0161alinant nepageidaujam\u0105 triuk\u0161m\u0105. Visa tai paver\u010dia \u201eSorento D40 1D\u201c apatin\u0119 spintel\u0119 ne tik baldu, bet ir investicija \u012f kokyb\u0119 bei ilgaam\u017ei\u0161kum\u0105.<\/p>","protected":false},"excerpt":{"rendered":"<p>Plotis (cm): 40<br \/>\n\u016agis (cm): 87<br \/>\nGylis (cm): 52<\/p>","protected":false},"featured_media":160377,"comment_status":"open","ping_status":"open","template":"","meta":[],"product_brand":[],"product_cat":[9436,4106],"product_tag":[],"class_list":{"0":"post-160376","1":"product","2":"type-product","3":"status-publish","4":"has-post-thumbnail","6":"product_cat-kitchen-system-sorento","7":"product_cat-gala-meble","9":"first","10":"instock","11":"purchasable","12":"product-type-simple"},"_links":{"self":[{"href":"https:\/\/baldumarket.lt\/lt\/wp-json\/wp\/v2\/product\/160376","targetHints":{"allow":["GET"]}}],"collection":[{"href":"https:\/\/baldumarket.lt\/lt\/wp-json\/wp\/v2\/product"}],"about":[{"href":"https:\/\/baldumarket.lt\/lt\/wp-json\/wp\/v2\/types\/product"}],"replies":[{"embeddable":true,"href":"https:\/\/baldumarket.lt\/lt\/wp-json\/wp\/v2\/comments?post=160376"}],"wp:featuredmedia":[{"embeddable":true,"href":"https:\/\/baldumarket.lt\/lt\/wp-json\/wp\/v2\/media\/160377"}],"wp:attachment":[{"href":"https:\/\/baldumarket.lt\/lt\/wp-json\/wp\/v2\/media?parent=160376"}],"wp:term":[{"taxonomy":"product_brand","embeddable":true,"href":"https:\/\/baldumarket.lt\/lt\/wp-json\/wp\/v2\/product_brand?post=160376"},{"taxonomy":"product_cat","embeddable":true,"href":"https:\/\/baldumarket.lt\/lt\/wp-json\/wp\/v2\/product_cat?post=160376"},{"taxonomy":"product_tag","embeddable":true,"href":"https:\/\/baldumarket.lt\/lt\/wp-json\/wp\/v2\/product_tag?post=160376"}],"curies":[{"name":"wp","href":"https:\/\/api.w.org\/{rel}","templated":true}]}}