{"id":160370,"date":"2025-12-19T01:08:29","date_gmt":"2025-12-18T22:08:29","guid":{"rendered":"https:\/\/baldumarket.lt\/product\/szafka-kuchenna-dolna-1d-sorento-d40-p-l-bialy-mat\/"},"modified":"2026-02-18T11:18:53","modified_gmt":"2026-02-18T08:18:53","slug":"szafka-kuchenna-dolna-1d-sorento-d40-p-l-bialy-mat","status":"publish","type":"product","link":"https:\/\/baldumarket.lt\/lt\/product\/szafka-kuchenna-dolna-1d-sorento-d40-p-l-bialy-mat\/","title":{"rendered":"Apatin\u0117 virtuv\u0117s spintel\u0117 1D Sorento D40 P\/L matin\u0117 balta"},"content":{"rendered":"<p>Suteikite savo virtuvei elegancijos ir funkcionalumo su \u201eSorento D40\u201c apatine spintele, pasi\u017eymin\u010dia rafinuota matine balta apdaila. Sukurta tiems, kurie vertina modern\u0173, ta\u010diau nesenstant\u012f \u012fvaizd\u012f, \u0161i spintel\u0117 puikiai papildys bet kuri\u0105 virtuv\u0117s erdv\u0119. Minimalistinis stilius kartu su matiniu fasad\u0173 pavir\u0161iumi suteikia gaivumo ir elegancijos, kuri sustiprins unikali\u0105 j\u016bs\u0173 virtuv\u0117s erdv\u0117s atmosfer\u0105. \u017davinga auksin\u0117 rankena \u2013 ry\u0161ki detal\u0117, suteikianti spintelei unikalumo. \u0160is subtilus estetinis elementas suteikia prabangos poj\u016bt\u012f kiekvienam, kuris siekia jos spindin\u010dio pavir\u0161iaus. Matin\u0117 balta priekin\u0117 dalis ir derantis korpusas harmoningai dera su \u012fvairiais i\u0161d\u0117stymais, sukurdami daugyb\u0119 galimybi\u0173 suasmeninti j\u016bs\u0173 virtuv\u0117s erdv\u0119. \u201eSorento D40\u201c spintel\u0117s funkcionalumas patenkins net ir reikliausius vartotojus. D\u0117l tvirt\u0173, reguliuojam\u0173 kojeli\u0173 galite puikiai reguliuoti spintel\u0117s auk\u0161t\u012f pagal savo virtuv\u0119. U\u017espaud\u017eiam\u0173 vyri\u0173 su \u0161velnaus u\u017edarymo funkcija naudojimas u\u017etikrina skland\u0173 ir tyl\u0173 veikim\u0105, pa\u0161alinant nemalon\u0173 dur\u0173 trankym\u0105. Tai ne tik patogu, bet ir prisideda prie ramios atmosferos j\u016bs\u0173 namuose.<\/p>","protected":false},"excerpt":{"rendered":"<p>Plotis (cm): 40<br \/>\n\u016agis (cm): 87<br \/>\nGylis (cm): 52<\/p>","protected":false},"featured_media":160371,"comment_status":"open","ping_status":"open","template":"","meta":[],"product_brand":[],"product_cat":[9436,4106],"product_tag":[],"class_list":{"0":"post-160370","1":"product","2":"type-product","3":"status-publish","4":"has-post-thumbnail","6":"product_cat-kitchen-system-sorento","7":"product_cat-gala-meble","9":"first","10":"instock","11":"purchasable","12":"product-type-simple"},"_links":{"self":[{"href":"https:\/\/baldumarket.lt\/lt\/wp-json\/wp\/v2\/product\/160370","targetHints":{"allow":["GET"]}}],"collection":[{"href":"https:\/\/baldumarket.lt\/lt\/wp-json\/wp\/v2\/product"}],"about":[{"href":"https:\/\/baldumarket.lt\/lt\/wp-json\/wp\/v2\/types\/product"}],"replies":[{"embeddable":true,"href":"https:\/\/baldumarket.lt\/lt\/wp-json\/wp\/v2\/comments?post=160370"}],"wp:featuredmedia":[{"embeddable":true,"href":"https:\/\/baldumarket.lt\/lt\/wp-json\/wp\/v2\/media\/160371"}],"wp:attachment":[{"href":"https:\/\/baldumarket.lt\/lt\/wp-json\/wp\/v2\/media?parent=160370"}],"wp:term":[{"taxonomy":"product_brand","embeddable":true,"href":"https:\/\/baldumarket.lt\/lt\/wp-json\/wp\/v2\/product_brand?post=160370"},{"taxonomy":"product_cat","embeddable":true,"href":"https:\/\/baldumarket.lt\/lt\/wp-json\/wp\/v2\/product_cat?post=160370"},{"taxonomy":"product_tag","embeddable":true,"href":"https:\/\/baldumarket.lt\/lt\/wp-json\/wp\/v2\/product_tag?post=160370"}],"curies":[{"name":"wp","href":"https:\/\/api.w.org\/{rel}","templated":true}]}}