{"id":160365,"date":"2025-12-19T01:08:19","date_gmt":"2025-12-18T22:08:19","guid":{"rendered":"https:\/\/baldumarket.lt\/product\/szafka-kuchenna-dolna-1d-sorento-d40-p-l-bialy-mat-bezowy-mat\/"},"modified":"2026-02-18T11:18:53","modified_gmt":"2026-02-18T08:18:53","slug":"szafka-kuchenna-dolna-1d-sorento-d40-p-l-bialy-mat-bezowy-mat","status":"publish","type":"product","link":"https:\/\/baldumarket.lt\/lt\/product\/szafka-kuchenna-dolna-1d-sorento-d40-p-l-bialy-mat-bezowy-mat\/","title":{"rendered":"Apatin\u0117 virtuv\u0117s spintel\u0117 1D Sorento D40 P\/L matin\u0117 balta matin\u0117 sm\u0117lio spalvos"},"content":{"rendered":"<p>Vizualin\u0117 harmonija ir funkcionalumas \u2013 tai \u201eGa\u0142a Meble\u201c gaminamos apatin\u0117s virtuv\u0117s spintel\u0117s \u201eSorento D40\u201c skiriamieji bruo\u017eai. Pasigro\u017e\u0117kite eleganti\u0161ku matin\u0117s sm\u0117lio spalvos priekio ir matin\u0117s baltos spalvos korpuso deriniu, sukurian\u010diu ry\u0161ki\u0105, ta\u010diau subtili\u0105 spalv\u0173 gam\u0105. D\u0117l minimalistinio dizaino ir d\u0117mesio detal\u0117ms \u0161i spintel\u0117 papuo\u0161 bet kuri\u0105 moderni\u0105 virtuv\u0119, harmoningai \u012fsiliedama \u012f erdv\u0119, jos neu\u017ego\u017edama. Projektuojant apatin\u0119 \u201eSorento D40\u201c spintel\u0119, pagrindinis d\u0117mesys buvo skiriamas prakti\u0161kumui. Reguliuojamos 15 cm kojel\u0117s leid\u017eia lengvai prisitaikyti prie bet kokio grind\u0173 pavir\u0161iaus, u\u017etikrinant stabilum\u0105 ir komfort\u0105. Juoda metalin\u0117 rankena suteikia kontrasto ir modernumo, tod\u0117l spintel\u0117s atidarymas ir u\u017edarymas yra patogus ir stilingas. \u201eClip-On\u201c vyriai su \u0161velnaus u\u017edarymo funkcija garantuoja ne tik skland\u0173 veikim\u0105, bet ir tyli\u0105 aplink\u0105 j\u016bs\u0173 virtuv\u0117je. Patraukli ir atspari pa\u017eeidimams laminato plok\u0161t\u0117, naudojama tiek spintel\u0117s priekiui, tiek korpusui, u\u017etikrina patvarum\u0105 ir estetik\u0105 ilgus metus. Sm\u0117lio ir matin\u0117s baltos spalvos puikiai atspindi \u0161vies\u0105, tod\u0117l \u0161i spintel\u0117 puikiai tinka net ir ma\u017eiau saul\u0117tiems interjerams. Be to, d\u0117l lengvo valymo tvirta i\u0161vaizda nesukels problem\u0173 kasdien naudojant.<\/p>","protected":false},"excerpt":{"rendered":"<p>Plotis (cm): 40<br \/>\n\u016agis (cm): 87<br \/>\nGylis (cm): 52<\/p>","protected":false},"featured_media":160366,"comment_status":"open","ping_status":"open","template":"","meta":[],"product_brand":[],"product_cat":[9436,4106],"product_tag":[],"class_list":{"0":"post-160365","1":"product","2":"type-product","3":"status-publish","4":"has-post-thumbnail","6":"product_cat-kitchen-system-sorento","7":"product_cat-gala-meble","9":"first","10":"instock","11":"purchasable","12":"product-type-simple"},"_links":{"self":[{"href":"https:\/\/baldumarket.lt\/lt\/wp-json\/wp\/v2\/product\/160365","targetHints":{"allow":["GET"]}}],"collection":[{"href":"https:\/\/baldumarket.lt\/lt\/wp-json\/wp\/v2\/product"}],"about":[{"href":"https:\/\/baldumarket.lt\/lt\/wp-json\/wp\/v2\/types\/product"}],"replies":[{"embeddable":true,"href":"https:\/\/baldumarket.lt\/lt\/wp-json\/wp\/v2\/comments?post=160365"}],"wp:featuredmedia":[{"embeddable":true,"href":"https:\/\/baldumarket.lt\/lt\/wp-json\/wp\/v2\/media\/160366"}],"wp:attachment":[{"href":"https:\/\/baldumarket.lt\/lt\/wp-json\/wp\/v2\/media?parent=160365"}],"wp:term":[{"taxonomy":"product_brand","embeddable":true,"href":"https:\/\/baldumarket.lt\/lt\/wp-json\/wp\/v2\/product_brand?post=160365"},{"taxonomy":"product_cat","embeddable":true,"href":"https:\/\/baldumarket.lt\/lt\/wp-json\/wp\/v2\/product_cat?post=160365"},{"taxonomy":"product_tag","embeddable":true,"href":"https:\/\/baldumarket.lt\/lt\/wp-json\/wp\/v2\/product_tag?post=160365"}],"curies":[{"name":"wp","href":"https:\/\/api.w.org\/{rel}","templated":true}]}}