{"id":160360,"date":"2025-12-19T01:08:09","date_gmt":"2025-12-18T22:08:09","guid":{"rendered":"https:\/\/baldumarket.lt\/product\/szafka-kuchenna-dolna-1d-sorento-d40-p-l-bialy-mat-puccini\/"},"modified":"2026-02-18T11:18:53","modified_gmt":"2026-02-18T08:18:53","slug":"szafka-kuchenna-dolna-1d-sorento-d40-p-l-bialy-mat-puccini","status":"publish","type":"product","link":"https:\/\/baldumarket.lt\/lt\/product\/szafka-kuchenna-dolna-1d-sorento-d40-p-l-bialy-mat-puccini\/","title":{"rendered":"Apatin\u0117 virtuv\u0117s spintel\u0117 1D Sorento D40 P\/L matin\u0117s baltos spalvos Puccini"},"content":{"rendered":"<p>\u0160tai funkcionali ir esteti\u0161kai patraukli apatin\u0117 virtuv\u0117s spintel\u0117 \u201eSorento D40\u201c i\u0161 \u201ePuccini\u201c spalvos su matin\u0117s baltos spalvos apdaila. \u0160i spintel\u0117 yra modernaus elegancijos kvintesencija, puikiai papildanti bet kok\u012f virtuv\u0117s dizain\u0105. Subtilus kontrastas tarp unikalaus \u201ePuccini\u201c atspalvio ir klasikin\u0117s baltos spalvos suteiks j\u016bs\u0173 virtuvei unikal\u0173 charakter\u012f ir stili\u0173. \u201eSorento D40\u201c spintel\u0117 yra ne tik gra\u017ei, bet ir ne\u012ftik\u0117tinai prakti\u0161ka. \u012erengta \u0161velnaus u\u017edarymo sistema, spintel\u0117 suteikia komfort\u0105 kasdieniam naudojimui, pa\u0161alindama nemalon\u0173 girg\u017ed\u0117jim\u0105. Jos vidus sukurtas atsi\u017evelgiant \u012f maksimal\u0173 funkcionalum\u0105, leid\u017eiant\u012f lengvai ir intuityviai laikyti virtuv\u0117s priedus. I\u0161skirtinis patvarumas ir lengvas valymas yra dar vienas \u0161ios spintel\u0117s, pagamintos i\u0161 atsparios pa\u017eeidimams laminuotos plok\u0161t\u0117s, privalumas. Juodos metalin\u0117s rankenos suteikia i\u0161skirtinumo ir harmoningai papildo modern\u0173 dizain\u0105. Reguliuojamos kojel\u0117s leid\u017eia j\u0105 puikiai priderinti prie kit\u0173 bald\u0173 auk\u0161\u010dio, o tai ypa\u010d svarbu projektuojant darni\u0105 virtuv\u0119.<\/p>","protected":false},"excerpt":{"rendered":"<p>Plotis (cm): 40<br \/>\n\u016agis (cm): 87<br \/>\nGylis (cm): 52<\/p>","protected":false},"featured_media":160361,"comment_status":"open","ping_status":"open","template":"","meta":[],"product_brand":[],"product_cat":[9436,4106],"product_tag":[],"class_list":{"0":"post-160360","1":"product","2":"type-product","3":"status-publish","4":"has-post-thumbnail","6":"product_cat-kitchen-system-sorento","7":"product_cat-gala-meble","9":"first","10":"instock","11":"purchasable","12":"product-type-simple"},"_links":{"self":[{"href":"https:\/\/baldumarket.lt\/lt\/wp-json\/wp\/v2\/product\/160360","targetHints":{"allow":["GET"]}}],"collection":[{"href":"https:\/\/baldumarket.lt\/lt\/wp-json\/wp\/v2\/product"}],"about":[{"href":"https:\/\/baldumarket.lt\/lt\/wp-json\/wp\/v2\/types\/product"}],"replies":[{"embeddable":true,"href":"https:\/\/baldumarket.lt\/lt\/wp-json\/wp\/v2\/comments?post=160360"}],"wp:featuredmedia":[{"embeddable":true,"href":"https:\/\/baldumarket.lt\/lt\/wp-json\/wp\/v2\/media\/160361"}],"wp:attachment":[{"href":"https:\/\/baldumarket.lt\/lt\/wp-json\/wp\/v2\/media?parent=160360"}],"wp:term":[{"taxonomy":"product_brand","embeddable":true,"href":"https:\/\/baldumarket.lt\/lt\/wp-json\/wp\/v2\/product_brand?post=160360"},{"taxonomy":"product_cat","embeddable":true,"href":"https:\/\/baldumarket.lt\/lt\/wp-json\/wp\/v2\/product_cat?post=160360"},{"taxonomy":"product_tag","embeddable":true,"href":"https:\/\/baldumarket.lt\/lt\/wp-json\/wp\/v2\/product_tag?post=160360"}],"curies":[{"name":"wp","href":"https:\/\/api.w.org\/{rel}","templated":true}]}}