{"id":160355,"date":"2025-12-19T01:07:58","date_gmt":"2025-12-18T22:07:58","guid":{"rendered":"https:\/\/baldumarket.lt\/product\/szafka-kuchenna-dolna-1d-sorento-d40-p-l-puccini\/"},"modified":"2026-02-18T11:18:53","modified_gmt":"2026-02-18T08:18:53","slug":"szafka-kuchenna-dolna-1d-sorento-d40-p-l-puccini","status":"publish","type":"product","link":"https:\/\/baldumarket.lt\/lt\/product\/szafka-kuchenna-dolna-1d-sorento-d40-p-l-puccini\/","title":{"rendered":"Apatin\u0117 virtuv\u0117s spintel\u0117 1D Sorento D40 P\/L Puccini"},"content":{"rendered":"<p>Sveiki atvyk\u0119 \u012f elegancijos ir funkcionalumo pasaul\u012f su \u201ePuccini Sorento D40 P\/L\u201c vien\u0173 dur\u0173 apatine virtuv\u0117s spintele. \u0160is unikalus baldas tikrai pritrauks d\u0117mes\u012f d\u0117l modernios \u201ePuccini\u201c apdailos. Spintel\u0117 puikiai papildys bet kuri\u0105 virtuv\u0119, sustiprins jos stili\u0173 ir suteiks subtilaus prabangos prisilietimo. \u0160i\u0105 spintel\u0119 i\u0161skiria minimalistinis dizainas, derinamas su funkcionalumu, kuris patenkins net ir reikliausi\u0105 vartotoj\u0105. Nesvarbu, ar norite laikyti pagrindinius virtuv\u0117s \u012frankius, ar pasl\u0117pti smulkius daiktus, \u0161i spintel\u0117 yra tobula. Malonus liesti laminuotas priekis u\u017etikrina patvarum\u0105 ir lengv\u0105 valym\u0105. Nepriklausomai nuo j\u016bs\u0173 virtuv\u0117s dyd\u017eio, \u201eSorento\u201c virtuv\u0117s spintel\u0119 galima pritaikyti bet kurioje erdv\u0117je d\u0117l reguliuojam\u0173 kojeli\u0173. \u0160is sprendimas u\u017etikrina stabilum\u0105 ir leid\u017eia puikiai reguliuoti esam\u0173 bald\u0173 auk\u0161t\u012f. Juoda metalin\u0117 rankena suteikia modernumo, sukurdama harmoning\u0105 derin\u012f su \u0161iltu fasad\u0173 atspalviu.<\/p>","protected":false},"excerpt":{"rendered":"<p>Plotis (cm): 40<br \/>\n\u016agis (cm): 87<br \/>\nGylis (cm): 52<\/p>","protected":false},"featured_media":160356,"comment_status":"open","ping_status":"open","template":"","meta":[],"product_brand":[],"product_cat":[9436,4106],"product_tag":[],"class_list":{"0":"post-160355","1":"product","2":"type-product","3":"status-publish","4":"has-post-thumbnail","6":"product_cat-kitchen-system-sorento","7":"product_cat-gala-meble","9":"first","10":"instock","11":"purchasable","12":"product-type-simple"},"_links":{"self":[{"href":"https:\/\/baldumarket.lt\/lt\/wp-json\/wp\/v2\/product\/160355","targetHints":{"allow":["GET"]}}],"collection":[{"href":"https:\/\/baldumarket.lt\/lt\/wp-json\/wp\/v2\/product"}],"about":[{"href":"https:\/\/baldumarket.lt\/lt\/wp-json\/wp\/v2\/types\/product"}],"replies":[{"embeddable":true,"href":"https:\/\/baldumarket.lt\/lt\/wp-json\/wp\/v2\/comments?post=160355"}],"wp:featuredmedia":[{"embeddable":true,"href":"https:\/\/baldumarket.lt\/lt\/wp-json\/wp\/v2\/media\/160356"}],"wp:attachment":[{"href":"https:\/\/baldumarket.lt\/lt\/wp-json\/wp\/v2\/media?parent=160355"}],"wp:term":[{"taxonomy":"product_brand","embeddable":true,"href":"https:\/\/baldumarket.lt\/lt\/wp-json\/wp\/v2\/product_brand?post=160355"},{"taxonomy":"product_cat","embeddable":true,"href":"https:\/\/baldumarket.lt\/lt\/wp-json\/wp\/v2\/product_cat?post=160355"},{"taxonomy":"product_tag","embeddable":true,"href":"https:\/\/baldumarket.lt\/lt\/wp-json\/wp\/v2\/product_tag?post=160355"}],"curies":[{"name":"wp","href":"https:\/\/api.w.org\/{rel}","templated":true}]}}