{"id":160350,"date":"2025-12-19T01:07:48","date_gmt":"2025-12-18T22:07:48","guid":{"rendered":"https:\/\/baldumarket.lt\/product\/szafka-kuchenna-dolna-1d-sorento-d40-p-l-puccini-bezowy-mat\/"},"modified":"2026-02-18T11:18:53","modified_gmt":"2026-02-18T08:18:53","slug":"szafka-kuchenna-dolna-1d-sorento-d40-p-l-puccini-bezowy-mat","status":"publish","type":"product","link":"https:\/\/baldumarket.lt\/lt\/product\/szafka-kuchenna-dolna-1d-sorento-d40-p-l-puccini-bezowy-mat\/","title":{"rendered":"Apatin\u0117 virtuv\u0117s spintel\u0117 1D Sorento D40 P\/L Puccini matin\u0117s sm\u0117lio spalvos"},"content":{"rendered":"<p>Pristatome Jums eleganti\u0161k\u0105 apatin\u0119 virtuv\u0117s spintel\u0119 \u201eSorento D40\u201c, kuri puikiai dera prie modernaus virtuv\u0117s interjero. Subtilus matinis sm\u0117lio spalvos priekis kartu su \u201ePuccini\u201c korpuso spalvomis sukuria harmoning\u0105 visum\u0105, suteikdamas J\u016bs\u0173 virtuvei unikalaus \u017eavesio ir stilingos elegancijos. \u0160i spintel\u0117 yra ne tik baldas, bet ir dekoratyvinis elementas, kuris papuo\u0161 bet kok\u012f interjer\u0105. \u0160ios spintel\u0117s prakti\u0161kumas neatsiejamas nuo jos gro\u017eio. Reguliuojamos 15 cm kojel\u0117s leid\u017eia pritaikyti spintel\u0119 pagal individualius poreikius ir kartu suteikia stabil\u0173 pagrind\u0105, kuris yra b\u016btinas nam\u0173 erdv\u0117se. Tvirta laminuotos plok\u0161t\u0117s konstrukcija u\u017etikrina atsparum\u0105 kasdieniam naudojimui, daugel\u012f met\u0173 i\u0161laikant nepriekai\u0161ting\u0105 i\u0161vaizd\u0105. Unikalus \u0161io baldo akcentas \u2013 juodos metalin\u0117s rankenos, kurios ne tik kontrastuoja su ry\u0161kiu priekiu, bet ir suteikia modernumo. D\u0117l u\u017esegam\u0173 vyri\u0173 ir \u0161velnaus u\u017edarymo sistemos dureli\u0173 atidarymas ir u\u017edarymas yra beveik tylus, tod\u0117l padid\u0117ja komfortas. Tai idealus sprendimas \u017emon\u0117ms, kurie vertina ramyb\u0119 ir tyl\u0105 savo nam\u0173 jaukumoje.<\/p>","protected":false},"excerpt":{"rendered":"<p>Plotis (cm): 40<br \/>\n\u016agis (cm): 87<br \/>\nGylis (cm): 52<\/p>","protected":false},"featured_media":160351,"comment_status":"open","ping_status":"open","template":"","meta":[],"product_brand":[],"product_cat":[9436,4106],"product_tag":[],"class_list":{"0":"post-160350","1":"product","2":"type-product","3":"status-publish","4":"has-post-thumbnail","6":"product_cat-kitchen-system-sorento","7":"product_cat-gala-meble","9":"first","10":"instock","11":"purchasable","12":"product-type-simple"},"_links":{"self":[{"href":"https:\/\/baldumarket.lt\/lt\/wp-json\/wp\/v2\/product\/160350","targetHints":{"allow":["GET"]}}],"collection":[{"href":"https:\/\/baldumarket.lt\/lt\/wp-json\/wp\/v2\/product"}],"about":[{"href":"https:\/\/baldumarket.lt\/lt\/wp-json\/wp\/v2\/types\/product"}],"replies":[{"embeddable":true,"href":"https:\/\/baldumarket.lt\/lt\/wp-json\/wp\/v2\/comments?post=160350"}],"wp:featuredmedia":[{"embeddable":true,"href":"https:\/\/baldumarket.lt\/lt\/wp-json\/wp\/v2\/media\/160351"}],"wp:attachment":[{"href":"https:\/\/baldumarket.lt\/lt\/wp-json\/wp\/v2\/media?parent=160350"}],"wp:term":[{"taxonomy":"product_brand","embeddable":true,"href":"https:\/\/baldumarket.lt\/lt\/wp-json\/wp\/v2\/product_brand?post=160350"},{"taxonomy":"product_cat","embeddable":true,"href":"https:\/\/baldumarket.lt\/lt\/wp-json\/wp\/v2\/product_cat?post=160350"},{"taxonomy":"product_tag","embeddable":true,"href":"https:\/\/baldumarket.lt\/lt\/wp-json\/wp\/v2\/product_tag?post=160350"}],"curies":[{"name":"wp","href":"https:\/\/api.w.org\/{rel}","templated":true}]}}