{"id":160345,"date":"2025-12-19T01:07:38","date_gmt":"2025-12-18T22:07:38","guid":{"rendered":"https:\/\/baldumarket.lt\/product\/szafka-kuchenna-dolna-1d-sorento-d40-p-l-puccini-bialy-mat-ramka\/"},"modified":"2026-02-18T11:18:53","modified_gmt":"2026-02-18T08:18:53","slug":"szafka-kuchenna-dolna-1d-sorento-d40-p-l-puccini-bialy-mat-ramka","status":"publish","type":"product","link":"https:\/\/baldumarket.lt\/lt\/product\/szafka-kuchenna-dolna-1d-sorento-d40-p-l-puccini-bialy-mat-ramka\/","title":{"rendered":"Apatin\u0117 virtuv\u0117s spintel\u0117 1D Sorento D40 P\/L Puccini matin\u0117s baltos spalvos r\u0117meliu"},"content":{"rendered":"<p>Modernus elegancija ir funkcionalumas susitinka \u201eSorento D40\u201c virtuv\u0117s spintel\u0117je. D\u0117l gra\u017eaus, minimalistinio dizaino ji puikiai tinka bet kokiam interjerui, suteikdama klas\u0117s ir modernaus \u017eavesio. Matin\u0117 balta priekin\u0117 dalis kartu su subtilia auksine rankena sukuria stiling\u0105 aplink\u0105, kuri spind\u0117s tiek moderniose, tiek klasikin\u0117se virtuv\u0117se. Kasdien naudojant \u201eSorento D40\u201c spintel\u0117 \u017eavi savo prakti\u0161kumu. D\u0117l tvirtos MDF konstrukcijos ir patvarios laminuotos plok\u0161t\u0117s ji yra atspari kasdieniams i\u0161\u0161\u016bkiams. Erdvus interjeras leis lengvai palaikyti tvark\u0105 j\u016bs\u0173 virtuv\u0117je, o 87 cm auk\u0161tis u\u017etikrina puik\u0173 der\u0117jim\u0105 prie stalvir\u0161i\u0173. Unikal\u0173 spintel\u0117s charakter\u012f pabr\u0117\u017eia auksin\u0117s metalin\u0117s rankenos, kurios ne tik suteikia elegancijos, bet ir yra labai funkcionalios. U\u017espaud\u017eiami vyriai su \u0161velnaus u\u017edarymo funkcija leid\u017eia naudotis spintele nepaprastai patogiai, pa\u0161alina nemalon\u0173 girg\u017ed\u0117jim\u0105 ir u\u017etikrina ilgalaik\u012f malonum\u0105.<\/p>","protected":false},"excerpt":{"rendered":"<p>Plotis (cm): 40<br \/>\n\u016agis (cm): 87<br \/>\nGylis (cm): 52<\/p>","protected":false},"featured_media":160346,"comment_status":"open","ping_status":"open","template":"","meta":[],"product_brand":[],"product_cat":[9436,4106],"product_tag":[],"class_list":{"0":"post-160345","1":"product","2":"type-product","3":"status-publish","4":"has-post-thumbnail","6":"product_cat-kitchen-system-sorento","7":"product_cat-gala-meble","9":"first","10":"instock","11":"purchasable","12":"product-type-simple"},"_links":{"self":[{"href":"https:\/\/baldumarket.lt\/lt\/wp-json\/wp\/v2\/product\/160345","targetHints":{"allow":["GET"]}}],"collection":[{"href":"https:\/\/baldumarket.lt\/lt\/wp-json\/wp\/v2\/product"}],"about":[{"href":"https:\/\/baldumarket.lt\/lt\/wp-json\/wp\/v2\/types\/product"}],"replies":[{"embeddable":true,"href":"https:\/\/baldumarket.lt\/lt\/wp-json\/wp\/v2\/comments?post=160345"}],"wp:featuredmedia":[{"embeddable":true,"href":"https:\/\/baldumarket.lt\/lt\/wp-json\/wp\/v2\/media\/160346"}],"wp:attachment":[{"href":"https:\/\/baldumarket.lt\/lt\/wp-json\/wp\/v2\/media?parent=160345"}],"wp:term":[{"taxonomy":"product_brand","embeddable":true,"href":"https:\/\/baldumarket.lt\/lt\/wp-json\/wp\/v2\/product_brand?post=160345"},{"taxonomy":"product_cat","embeddable":true,"href":"https:\/\/baldumarket.lt\/lt\/wp-json\/wp\/v2\/product_cat?post=160345"},{"taxonomy":"product_tag","embeddable":true,"href":"https:\/\/baldumarket.lt\/lt\/wp-json\/wp\/v2\/product_tag?post=160345"}],"curies":[{"name":"wp","href":"https:\/\/api.w.org\/{rel}","templated":true}]}}