{"id":160340,"date":"2025-12-19T01:07:26","date_gmt":"2025-12-18T22:07:26","guid":{"rendered":"https:\/\/baldumarket.lt\/product\/szafka-kuchenna-dolna-1d-sorento-d40-p-l-puccini-green\/"},"modified":"2026-02-18T11:18:53","modified_gmt":"2026-02-18T08:18:53","slug":"szafka-kuchenna-dolna-1d-sorento-d40-p-l-puccini-green","status":"publish","type":"product","link":"https:\/\/baldumarket.lt\/lt\/product\/szafka-kuchenna-dolna-1d-sorento-d40-p-l-puccini-green\/","title":{"rendered":"Apatin\u0117 virtuv\u0117s spintel\u0117 1D Sorento D40 P\/L Puccini \u017ealia"},"content":{"rendered":"<p>Atraskite nepaprast\u0105 \u201eSorento D40 P\/L\u201c vieneri\u0173 dur\u0173 apatin\u0117s virtuv\u0117s spintel\u0117s \u201ePuccini Green\u201c spalvos elegancij\u0105 ir funkcionalum\u0105. Sukurta moderniam interjerui ir rafinuotai estetikai, \u0161i spintel\u0117 suteiks j\u016bs\u0173 virtuvei unikalaus charakterio, derindama klasikin\u012f gro\u017e\u012f su moderniu stiliumi. \u017dalias fasadas, puikiai papildytas \u201ePuccini\u201c spalvos korpusu, yra puikus pasirinkimas tiems, kurie vertina stilingus sprendimus. D\u0117l didelio \u0161io baldo funkcionalumo jis puikiai tinka bet kuriai virtuvei. D\u0117l tyli\u0173 \u201eClip-On\u201c vyri\u0173 dureli\u0173 atidarymas ir u\u017edarymas dar niekada nebuvo toks paprastas ar tylus. Viskas sukurta galvojant apie komfort\u0105, u\u017etikrinant, kad kiekviena virtuv\u0117je praleista akimirka b\u016bt\u0173 malonumas. Spintel\u0119 lengva surinkti, tod\u0117l j\u0105 galite greitai integruoti \u012f savo aplink\u0105. I\u0161skirtinis tvirtumas ir ilgaam\u017ei\u0161kumas pasiekiami d\u0117l auk\u0161\u010diausios kokyb\u0117s laminuot\u0173 plok\u0161\u010di\u0173, kurios yra atsparios pa\u017eeidimams ir garantuoja gaminio ilgaam\u017ei\u0161kum\u0105. Eleganti\u0161kos juodos metalin\u0117s rankenos pabr\u0117\u017eia modern\u0173 dizain\u0105, o 15 cm reguliuojamo auk\u0161\u010dio kojel\u0117s leid\u017eia reguliuoti auk\u0161t\u012f pagal savo pageidavimus ir poreikius.<\/p>","protected":false},"excerpt":{"rendered":"<p>Plotis (cm): 40<br \/>\n\u016agis (cm): 87<br \/>\nGylis (cm): 52<\/p>","protected":false},"featured_media":160341,"comment_status":"open","ping_status":"open","template":"","meta":[],"product_brand":[],"product_cat":[9436,4106],"product_tag":[],"class_list":{"0":"post-160340","1":"product","2":"type-product","3":"status-publish","4":"has-post-thumbnail","6":"product_cat-kitchen-system-sorento","7":"product_cat-gala-meble","9":"first","10":"instock","11":"purchasable","12":"product-type-simple"},"_links":{"self":[{"href":"https:\/\/baldumarket.lt\/lt\/wp-json\/wp\/v2\/product\/160340","targetHints":{"allow":["GET"]}}],"collection":[{"href":"https:\/\/baldumarket.lt\/lt\/wp-json\/wp\/v2\/product"}],"about":[{"href":"https:\/\/baldumarket.lt\/lt\/wp-json\/wp\/v2\/types\/product"}],"replies":[{"embeddable":true,"href":"https:\/\/baldumarket.lt\/lt\/wp-json\/wp\/v2\/comments?post=160340"}],"wp:featuredmedia":[{"embeddable":true,"href":"https:\/\/baldumarket.lt\/lt\/wp-json\/wp\/v2\/media\/160341"}],"wp:attachment":[{"href":"https:\/\/baldumarket.lt\/lt\/wp-json\/wp\/v2\/media?parent=160340"}],"wp:term":[{"taxonomy":"product_brand","embeddable":true,"href":"https:\/\/baldumarket.lt\/lt\/wp-json\/wp\/v2\/product_brand?post=160340"},{"taxonomy":"product_cat","embeddable":true,"href":"https:\/\/baldumarket.lt\/lt\/wp-json\/wp\/v2\/product_cat?post=160340"},{"taxonomy":"product_tag","embeddable":true,"href":"https:\/\/baldumarket.lt\/lt\/wp-json\/wp\/v2\/product_tag?post=160340"}],"curies":[{"name":"wp","href":"https:\/\/api.w.org\/{rel}","templated":true}]}}