{"id":160335,"date":"2025-12-19T01:07:15","date_gmt":"2025-12-18T22:07:15","guid":{"rendered":"https:\/\/baldumarket.lt\/product\/szafka-kuchenna-dolna-1d-sorento-d45-p-l-baltic-storm\/"},"modified":"2026-02-18T11:18:37","modified_gmt":"2026-02-18T08:18:37","slug":"szafka-kuchenna-dolna-1d-sorento-d45-p-l-baltic-storm","status":"publish","type":"product","link":"https:\/\/baldumarket.lt\/lt\/product\/szafka-kuchenna-dolna-1d-sorento-d45-p-l-baltic-storm\/","title":{"rendered":"Apatin\u0117 virtuv\u0117s spintel\u0117 1D Sorento D45 P\/L Baltic Storm"},"content":{"rendered":"<p>\u201eSorento D45 1-D\u201c apatin\u0117 virtuv\u0117s spintel\u0117 \u2013 tai tobulas modernaus dizaino ir funkcionalumo derinys, pasi\u017eymintis i\u0161ties \u017eaviu stiliumi. Gra\u017ei \u201eBaltic Storm\u201c spalva suteikia virtuvei unikali\u0105 atmosfer\u0105, sukurdama elegancijos ir komforto kupin\u0105 erdv\u0119. Galima \u012fsigyti prakti\u0161k\u0173 dyd\u017ei\u0173, tod\u0117l puikiai tiks \u012fvairiuose i\u0161d\u0117stymuose \u2013 nuo minimalistinio iki klasikinio. D\u0117l auk\u0161tos kokyb\u0117s apdailos \u0161i spintel\u0117 taps j\u016bs\u0173 virtuv\u0117s traukos centru, pritraukdama kiekvieno sve\u010dio d\u0117mes\u012f. Pagaminta i\u0161 auk\u0161tos kokyb\u0117s laminuotos plok\u0161t\u0117s, spintel\u0117 pasi\u017eymi ne tik i\u0161skirtine estetika, bet ir atsparumu kasdieniams pa\u017eeidimams. Tvirta konstrukcija u\u017etikrina ilgalaik\u012f patvarum\u0105, o reguliuojamos 15 cm kojel\u0117s ne tik suteikia jai eleganti\u0161k\u0105 i\u0161vaizd\u0105, bet ir palengvina kasdien\u012f naudojim\u0105. D\u0117l reguliuojamo kojeli\u0173 auk\u0161\u010dio nuo 150 iki 170 mm, spintel\u0117 lengvai prisitaiko prie individuali\u0173 naudotoj\u0173 poreiki\u0173 \u2013 tai pagrindinis privalumas ie\u0161kantiems funkcionali\u0173 virtuv\u0117s sprendim\u0173. I\u0161skirtinai tylus veikimas d\u0117l \u201eClip-On\u201c vyri\u0173 paver\u010dia \u0161ios spintel\u0117s naudojim\u0105 tikru malonumu. Kiekvien\u0105 kart\u0105 atidarius dureles, ji bus patogi ir tyli, o tai ypa\u010d svarbu ryte. Be to, eleganti\u0161ka juodo metalo rankena papildo vis\u0105 dizain\u0105, suteikdama jam modernumo. Prakti\u0161kas 15 cm ilgis u\u017etikrina patogum\u0105 kasdien naudojant.<\/p>","protected":false},"excerpt":{"rendered":"<p>Plotis (cm): 45<br \/>\n\u016agis (cm): 87<br \/>\nGylis (cm): 52<\/p>","protected":false},"featured_media":160336,"comment_status":"open","ping_status":"open","template":"","meta":[],"product_brand":[],"product_cat":[9436,4106],"product_tag":[],"class_list":{"0":"post-160335","1":"product","2":"type-product","3":"status-publish","4":"has-post-thumbnail","6":"product_cat-kitchen-system-sorento","7":"product_cat-gala-meble","9":"first","10":"instock","11":"purchasable","12":"product-type-simple"},"_links":{"self":[{"href":"https:\/\/baldumarket.lt\/lt\/wp-json\/wp\/v2\/product\/160335","targetHints":{"allow":["GET"]}}],"collection":[{"href":"https:\/\/baldumarket.lt\/lt\/wp-json\/wp\/v2\/product"}],"about":[{"href":"https:\/\/baldumarket.lt\/lt\/wp-json\/wp\/v2\/types\/product"}],"replies":[{"embeddable":true,"href":"https:\/\/baldumarket.lt\/lt\/wp-json\/wp\/v2\/comments?post=160335"}],"wp:featuredmedia":[{"embeddable":true,"href":"https:\/\/baldumarket.lt\/lt\/wp-json\/wp\/v2\/media\/160336"}],"wp:attachment":[{"href":"https:\/\/baldumarket.lt\/lt\/wp-json\/wp\/v2\/media?parent=160335"}],"wp:term":[{"taxonomy":"product_brand","embeddable":true,"href":"https:\/\/baldumarket.lt\/lt\/wp-json\/wp\/v2\/product_brand?post=160335"},{"taxonomy":"product_cat","embeddable":true,"href":"https:\/\/baldumarket.lt\/lt\/wp-json\/wp\/v2\/product_cat?post=160335"},{"taxonomy":"product_tag","embeddable":true,"href":"https:\/\/baldumarket.lt\/lt\/wp-json\/wp\/v2\/product_tag?post=160335"}],"curies":[{"name":"wp","href":"https:\/\/api.w.org\/{rel}","templated":true}]}}