{"id":160330,"date":"2025-12-19T01:07:06","date_gmt":"2025-12-18T22:07:06","guid":{"rendered":"https:\/\/baldumarket.lt\/product\/szafka-kuchenna-dolna-1d-sorento-d45-p-l-baltic-storm-bezowy-mat\/"},"modified":"2026-02-18T11:18:37","modified_gmt":"2026-02-18T08:18:37","slug":"szafka-kuchenna-dolna-1d-sorento-d45-p-l-baltic-storm-bezowy-mat","status":"publish","type":"product","link":"https:\/\/baldumarket.lt\/lt\/product\/szafka-kuchenna-dolna-1d-sorento-d45-p-l-baltic-storm-bezowy-mat\/","title":{"rendered":"Apatin\u0117 virtuv\u0117s spintel\u0117 1D Sorento D45 P\/L Baltic Storm Beige Matte"},"content":{"rendered":"<p>Apatin\u0117 virtuv\u0117s spintel\u0117 \u201eSorento D45\u201c \u2013 tai elegancijos ir funkcionalumo \u012fsik\u016bnijimas, puikiai tinkantis bet kuriai moderniai virtuvei. Matin\u0117s sm\u0117lio spalvos priekis kartu su \u201eBaltic Storm\u201c korpusu sukuria sant\u016bri\u0105, ta\u010diau ak\u012f traukian\u010di\u0105 kompozicij\u0105. \u0160is spalv\u0173 derinys suteikia interjerui harmonijos ir ramyb\u0117s, kartu suteikdamas virtuvei subtil\u0173 akcent\u0105. \u0160ios spintel\u0117s prakti\u0161kumas akivaizdus kiekviename jos naudojimo aspekte. Reguliuojamos kojel\u0117s leid\u017eia puikiai reguliuoti auk\u0161t\u012f pagal naudotojo poreikius, o tai ypa\u010d svarbu montuojant ant nelygaus pavir\u0161iaus. Juoda metalin\u0117 rankena ne tik pabr\u0117\u017eia modern\u0173 spintel\u0117s charakter\u012f, bet ir u\u017etikrina paprast\u0105 naudojim\u0105 bei ilgaam\u017ei\u0161kum\u0105, o tai ne\u012fkainojama kasdien naudojant. Spintel\u0117 buvo sukurta atsi\u017evelgiant \u012f patogum\u0105 ir ilgaam\u017ei\u0161kum\u0105. D\u0117l laminuotos plok\u0161t\u0117s naudojimo \u0161i spintel\u0117 yra itin atspari pa\u017eeidimams ir \u012fbr\u0117\u017eimams, garantuojanti jos ilgaam\u017ei\u0161kum\u0105. \u201eClip-On\u201c \u0161velnaus u\u017edarymo sistema leid\u017eia beveik begarsiai atidaryti ir u\u017edaryti dureles, dar labiau padidindama komfort\u0105.<\/p>","protected":false},"excerpt":{"rendered":"<p>Plotis (cm): 45<br \/>\n\u016agis (cm): 87<br \/>\nGylis (cm): 52<\/p>","protected":false},"featured_media":160331,"comment_status":"open","ping_status":"open","template":"","meta":[],"product_brand":[],"product_cat":[9436,4106],"product_tag":[],"class_list":{"0":"post-160330","1":"product","2":"type-product","3":"status-publish","4":"has-post-thumbnail","6":"product_cat-kitchen-system-sorento","7":"product_cat-gala-meble","9":"first","10":"instock","11":"purchasable","12":"product-type-simple"},"_links":{"self":[{"href":"https:\/\/baldumarket.lt\/lt\/wp-json\/wp\/v2\/product\/160330","targetHints":{"allow":["GET"]}}],"collection":[{"href":"https:\/\/baldumarket.lt\/lt\/wp-json\/wp\/v2\/product"}],"about":[{"href":"https:\/\/baldumarket.lt\/lt\/wp-json\/wp\/v2\/types\/product"}],"replies":[{"embeddable":true,"href":"https:\/\/baldumarket.lt\/lt\/wp-json\/wp\/v2\/comments?post=160330"}],"wp:featuredmedia":[{"embeddable":true,"href":"https:\/\/baldumarket.lt\/lt\/wp-json\/wp\/v2\/media\/160331"}],"wp:attachment":[{"href":"https:\/\/baldumarket.lt\/lt\/wp-json\/wp\/v2\/media?parent=160330"}],"wp:term":[{"taxonomy":"product_brand","embeddable":true,"href":"https:\/\/baldumarket.lt\/lt\/wp-json\/wp\/v2\/product_brand?post=160330"},{"taxonomy":"product_cat","embeddable":true,"href":"https:\/\/baldumarket.lt\/lt\/wp-json\/wp\/v2\/product_cat?post=160330"},{"taxonomy":"product_tag","embeddable":true,"href":"https:\/\/baldumarket.lt\/lt\/wp-json\/wp\/v2\/product_tag?post=160330"}],"curies":[{"name":"wp","href":"https:\/\/api.w.org\/{rel}","templated":true}]}}