{"id":160324,"date":"2025-12-19T01:06:53","date_gmt":"2025-12-18T22:06:53","guid":{"rendered":"https:\/\/baldumarket.lt\/product\/szafka-kuchenna-dolna-1d-sorento-d45-p-l-bialy-mat\/"},"modified":"2026-02-18T11:18:37","modified_gmt":"2026-02-18T08:18:37","slug":"szafka-kuchenna-dolna-1d-sorento-d45-p-l-bialy-mat","status":"publish","type":"product","link":"https:\/\/baldumarket.lt\/lt\/product\/szafka-kuchenna-dolna-1d-sorento-d45-p-l-bialy-mat\/","title":{"rendered":"Apatin\u0117 virtuv\u0117s spintel\u0117 1D Sorento D45 P\/L matin\u0117 balta"},"content":{"rendered":"<p>Suteikite savo virtuvei modernaus elegancijos su matin\u0117s baltos spalvos \u201eSorento D45\u201c virtuv\u0117s spintele. Tai puikus sprendimas tiems, kurie trok\u0161ta minimalistinio stiliaus neprarandant funkcionalumo. Kruop\u0161\u010diai sukurta garsaus \u201eGa\u0142a Meble\u201c prek\u0117s \u017eenklo, \u0161i spintel\u0117 puikiai atrodo bet kurioje virtuv\u0117je, suteikdama jai ry\u0161kumo ir erdv\u0117s. Pa\u017eym\u0117tinas eleganti\u0161kas spintel\u0117s paprastumas, leid\u017eiantis jai harmoningai der\u0117ti prie \u012fvairi\u0173 interjero dizain\u0173. Subtilus baltas MDF fasadas kartu su laminuotos plok\u0161t\u0117s korpusu sukuria darni\u0105, vientis\u0105 visum\u0105, pasi\u017eymin\u010di\u0105 auk\u0161ta estetika. Aukso spalvos metalin\u0117 rankena suteikia prabangos ir pabr\u0117\u017eia unikal\u0173 charakter\u012f. Prakti\u0161kumas yra ne\u012fkainojamas \u201eSorento D45\u201c spintel\u0117s privalumas. D\u0117l tylaus u\u017edarymo funkcijos vartotojas jau\u010dia komfort\u0105 ir malonum\u0105 kasdien naudojantis spintele. Reguliuojamos 15 cm kojel\u0117s leid\u017eia pritaikyti spintel\u0119 individualiems poreikiams, u\u017etikrinant stabilum\u0105 ir lengv\u0105 spintel\u0117s apa\u010dios valym\u0105.<\/p>","protected":false},"excerpt":{"rendered":"<p>Plotis (cm): 45<br \/>\n\u016agis (cm): 87<br \/>\nGylis (cm): 52<\/p>","protected":false},"featured_media":160325,"comment_status":"open","ping_status":"open","template":"","meta":[],"product_brand":[],"product_cat":[9436,4106],"product_tag":[],"class_list":{"0":"post-160324","1":"product","2":"type-product","3":"status-publish","4":"has-post-thumbnail","6":"product_cat-kitchen-system-sorento","7":"product_cat-gala-meble","9":"first","10":"instock","11":"purchasable","12":"product-type-simple"},"_links":{"self":[{"href":"https:\/\/baldumarket.lt\/lt\/wp-json\/wp\/v2\/product\/160324","targetHints":{"allow":["GET"]}}],"collection":[{"href":"https:\/\/baldumarket.lt\/lt\/wp-json\/wp\/v2\/product"}],"about":[{"href":"https:\/\/baldumarket.lt\/lt\/wp-json\/wp\/v2\/types\/product"}],"replies":[{"embeddable":true,"href":"https:\/\/baldumarket.lt\/lt\/wp-json\/wp\/v2\/comments?post=160324"}],"wp:featuredmedia":[{"embeddable":true,"href":"https:\/\/baldumarket.lt\/lt\/wp-json\/wp\/v2\/media\/160325"}],"wp:attachment":[{"href":"https:\/\/baldumarket.lt\/lt\/wp-json\/wp\/v2\/media?parent=160324"}],"wp:term":[{"taxonomy":"product_brand","embeddable":true,"href":"https:\/\/baldumarket.lt\/lt\/wp-json\/wp\/v2\/product_brand?post=160324"},{"taxonomy":"product_cat","embeddable":true,"href":"https:\/\/baldumarket.lt\/lt\/wp-json\/wp\/v2\/product_cat?post=160324"},{"taxonomy":"product_tag","embeddable":true,"href":"https:\/\/baldumarket.lt\/lt\/wp-json\/wp\/v2\/product_tag?post=160324"}],"curies":[{"name":"wp","href":"https:\/\/api.w.org\/{rel}","templated":true}]}}