{"id":160314,"date":"2025-12-19T01:06:33","date_gmt":"2025-12-18T22:06:33","guid":{"rendered":"https:\/\/baldumarket.lt\/product\/szafka-kuchenna-dolna-1d-sorento-d45-p-l-puccini\/"},"modified":"2026-02-18T11:18:37","modified_gmt":"2026-02-18T08:18:37","slug":"szafka-kuchenna-dolna-1d-sorento-d45-p-l-puccini","status":"publish","type":"product","link":"https:\/\/baldumarket.lt\/lt\/product\/szafka-kuchenna-dolna-1d-sorento-d45-p-l-puccini\/","title":{"rendered":"Apatin\u0117 virtuv\u0117s spintel\u0117 1D Sorento D45 P\/L Puccini"},"content":{"rendered":"<p>Atid\u017eiau pa\u017evelkite \u012f \u201eGa\u0142a Meble\u201c \u201ePuccini Sorento D45 P\/L 1-D\u201c apatin\u0117s virtuv\u0117s spintel\u0117s elegancij\u0105 ir funkcionalum\u0105. \u0160is unikalus virtuv\u0117s elementas patraukia ak\u012f moderniomis linijomis ir stilinga \u201ePuccini\u201c apdaila. Tai tikras perlas, kuris suteiks j\u016bs\u0173 erdvei unikal\u0173 charakter\u012f ir pavers j\u016bs\u0173 virtuv\u0119 modernaus \u017eavesio kupina vieta. Korpusas ir fasadai, pagaminti i\u0161 laminuotos plok\u0161t\u0117s, garantuoja ne tik estetin\u012f patrauklum\u0105, bet ir ilgaam\u017ei\u0161kum\u0105 kasdieniam naudojimui. \u0160i med\u017eiaga \u017einoma d\u0117l savo atsparumo \u012fbr\u0117\u017eimams ir kitiems nedideliems pa\u017eeidimams, tod\u0117l tai idealus pasirinkimas dinami\u0161kam \u0161eimos gyvenimui. \u201ePuccini\u201c spalva suteikia interjerui \u0161ilumos ir subtilaus \u017eavesio, derindama modernum\u0105 su nesenstan\u010diu stiliumi. Kruop\u0161\u010diai parinktos kontrastingos juodos metalin\u0117s rankenos suteikia spintelei ai\u0161kumo ir funkcionalumo. J\u0173 ergonomi\u0161kas ir patogus dizainas palengvina prieig\u0105 prie spintel\u0117s turinio ir kartu suteikia elegancijos. \u0160is elementas puikiai atitinka \u0161iuolaikines tendencijas, u\u017etikrindamas, kad j\u016bs\u0173 virtuv\u0117 b\u016bt\u0173 ne tik prakti\u0161ka, bet ir stilinga.<\/p>","protected":false},"excerpt":{"rendered":"<p>Plotis (cm): 45<br \/>\n\u016agis (cm): 87<br \/>\nGylis (cm): 52<\/p>","protected":false},"featured_media":160315,"comment_status":"open","ping_status":"open","template":"","meta":[],"product_brand":[],"product_cat":[9436,4106],"product_tag":[],"class_list":{"0":"post-160314","1":"product","2":"type-product","3":"status-publish","4":"has-post-thumbnail","6":"product_cat-kitchen-system-sorento","7":"product_cat-gala-meble","9":"first","10":"instock","11":"purchasable","12":"product-type-simple"},"_links":{"self":[{"href":"https:\/\/baldumarket.lt\/lt\/wp-json\/wp\/v2\/product\/160314","targetHints":{"allow":["GET"]}}],"collection":[{"href":"https:\/\/baldumarket.lt\/lt\/wp-json\/wp\/v2\/product"}],"about":[{"href":"https:\/\/baldumarket.lt\/lt\/wp-json\/wp\/v2\/types\/product"}],"replies":[{"embeddable":true,"href":"https:\/\/baldumarket.lt\/lt\/wp-json\/wp\/v2\/comments?post=160314"}],"wp:featuredmedia":[{"embeddable":true,"href":"https:\/\/baldumarket.lt\/lt\/wp-json\/wp\/v2\/media\/160315"}],"wp:attachment":[{"href":"https:\/\/baldumarket.lt\/lt\/wp-json\/wp\/v2\/media?parent=160314"}],"wp:term":[{"taxonomy":"product_brand","embeddable":true,"href":"https:\/\/baldumarket.lt\/lt\/wp-json\/wp\/v2\/product_brand?post=160314"},{"taxonomy":"product_cat","embeddable":true,"href":"https:\/\/baldumarket.lt\/lt\/wp-json\/wp\/v2\/product_cat?post=160314"},{"taxonomy":"product_tag","embeddable":true,"href":"https:\/\/baldumarket.lt\/lt\/wp-json\/wp\/v2\/product_tag?post=160314"}],"curies":[{"name":"wp","href":"https:\/\/api.w.org\/{rel}","templated":true}]}}