{"id":160309,"date":"2025-12-19T01:06:22","date_gmt":"2025-12-18T22:06:22","guid":{"rendered":"https:\/\/baldumarket.lt\/product\/szafka-kuchenna-dolna-1d-sorento-d45-p-l-puccini-bezowy-mat\/"},"modified":"2026-02-18T11:18:37","modified_gmt":"2026-02-18T08:18:37","slug":"szafka-kuchenna-dolna-1d-sorento-d45-p-l-puccini-bezowy-mat","status":"publish","type":"product","link":"https:\/\/baldumarket.lt\/lt\/product\/szafka-kuchenna-dolna-1d-sorento-d45-p-l-puccini-bezowy-mat\/","title":{"rendered":"Apatin\u0117 virtuv\u0117s spintel\u0117 1D Sorento D45 P\/L Puccini matin\u0117s sm\u0117lio spalvos"},"content":{"rendered":"<p>Atraskite elegancij\u0105 ir funkcionalum\u0105 su \u201eSorento D45\u201c apatine virtuv\u0117s spintele \u2013 puikiu pasirinkimu tiek moderniam, tiek klasikiniam interjerui. Subtilus, matin\u0117s sm\u0117lio spalvos priekis kartu su Puccini spalvos korpusu suteikia j\u016bs\u0173 virtuv\u0117s erdvei jaukumo ir kartu rafinuotumo. Tai puikus sprendimas tiems, kurie vertina stiling\u0105 apdail\u0105 ir stilistin\u0119 darn\u0105. Be estetinio patrauklumo, \u201eSorento\u201c apatin\u0117 spintel\u0117 pasi\u017eymi pla\u010diu funkcionalumu, tod\u0117l yra esminis bet kurios virtuv\u0117s elementas. Jos prakti\u0161kum\u0105 dar labiau padidina gerai apgalvotas interjeras, kuriame lengvai telpa svarbiausi virtuv\u0117s reikmenys, padedantys palaikyti tvark\u0105 j\u016bs\u0173 namuose. D\u0117l \u201eClip-On\u201c vyri\u0173 su \u0161velnaus u\u017edarymo funkcija galite m\u0117gautis ramybe ir harmonija gamindami maist\u0105, nes durel\u0117s u\u017esidaro tyliai. Reguliuojamos kojel\u0117s yra dar viena \u0161ios spintel\u0117s savyb\u0117, leid\u017eianti reguliuoti jos auk\u0161t\u012f, kad ji der\u0117t\u0173 prie kitos virtuv\u0117s \u012frangos. Jos palaiko stabili\u0105 konstrukcij\u0105 ir kartu suteikia lengvumo bei elegancijos bendram dizainui. Nesvarbu, ar j\u016bs\u0173 virtuv\u0117 dekoruota moderniu, ar tradiciniu stiliumi, \u201eSorento D45\u201c spintel\u0117 lengvai tiks prie bet kokio i\u0161d\u0117stymo.<\/p>","protected":false},"excerpt":{"rendered":"<p>Plotis (cm): 45<br \/>\n\u016agis (cm): 87<br \/>\nGylis (cm): 52<\/p>","protected":false},"featured_media":160310,"comment_status":"open","ping_status":"open","template":"","meta":[],"product_brand":[],"product_cat":[9436,4106],"product_tag":[],"class_list":{"0":"post-160309","1":"product","2":"type-product","3":"status-publish","4":"has-post-thumbnail","6":"product_cat-kitchen-system-sorento","7":"product_cat-gala-meble","9":"first","10":"instock","11":"purchasable","12":"product-type-simple"},"_links":{"self":[{"href":"https:\/\/baldumarket.lt\/lt\/wp-json\/wp\/v2\/product\/160309","targetHints":{"allow":["GET"]}}],"collection":[{"href":"https:\/\/baldumarket.lt\/lt\/wp-json\/wp\/v2\/product"}],"about":[{"href":"https:\/\/baldumarket.lt\/lt\/wp-json\/wp\/v2\/types\/product"}],"replies":[{"embeddable":true,"href":"https:\/\/baldumarket.lt\/lt\/wp-json\/wp\/v2\/comments?post=160309"}],"wp:featuredmedia":[{"embeddable":true,"href":"https:\/\/baldumarket.lt\/lt\/wp-json\/wp\/v2\/media\/160310"}],"wp:attachment":[{"href":"https:\/\/baldumarket.lt\/lt\/wp-json\/wp\/v2\/media?parent=160309"}],"wp:term":[{"taxonomy":"product_brand","embeddable":true,"href":"https:\/\/baldumarket.lt\/lt\/wp-json\/wp\/v2\/product_brand?post=160309"},{"taxonomy":"product_cat","embeddable":true,"href":"https:\/\/baldumarket.lt\/lt\/wp-json\/wp\/v2\/product_cat?post=160309"},{"taxonomy":"product_tag","embeddable":true,"href":"https:\/\/baldumarket.lt\/lt\/wp-json\/wp\/v2\/product_tag?post=160309"}],"curies":[{"name":"wp","href":"https:\/\/api.w.org\/{rel}","templated":true}]}}