{"id":160304,"date":"2025-12-19T01:06:12","date_gmt":"2025-12-18T22:06:12","guid":{"rendered":"https:\/\/baldumarket.lt\/product\/szafka-kuchenna-dolna-1d-sorento-d45-p-l-puccini-bialy-mat-ramka\/"},"modified":"2026-02-18T11:18:37","modified_gmt":"2026-02-18T08:18:37","slug":"szafka-kuchenna-dolna-1d-sorento-d45-p-l-puccini-bialy-mat-ramka","status":"publish","type":"product","link":"https:\/\/baldumarket.lt\/lt\/product\/szafka-kuchenna-dolna-1d-sorento-d45-p-l-puccini-bialy-mat-ramka\/","title":{"rendered":"Apatin\u0117 virtuv\u0117s spintel\u0117 1D Sorento D45 P\/L Puccini matin\u0117s baltos spalvos r\u0117meliu"},"content":{"rendered":"<p>Pakelkite savo virtuv\u0119 \u012f kit\u0105 lyg\u012f su \u201eSorento D45 Puccini\u201c stiliaus apatine spintele. Jos modernus dizainas ir subtili matin\u0117 balta apdaila dera prie \u012fvairi\u0173 interjero stili\u0173. Gerai apgalvota konstrukcija ir eleganti\u0161kas r\u0117mas suteikia jai unikalaus \u017eavesio, patraukian\u010dio kiekvieno lankytojo ak\u012f. Funkcionalumas susitinka su gro\u017eiu, atrasdami harmoning\u0105 spalv\u0173 ir med\u017eiag\u0173 s\u0105veik\u0105. Puccini spalvos korpusas ir auksin\u0117s metalin\u0117s rankenos suteikia spintelei i\u0161skirtin\u012f charakter\u012f, kuris puikiai papildo bet koki\u0105 virtuv\u0117s erdv\u0119. Ergonomi\u0161ka forma lengvai integruojasi \u012f aplink\u0105 ir u\u017etikrina skland\u0173 naudojim\u0105 kiekvien\u0105 dien\u0105. Kiekviena \u201eSorento\u201c spintel\u0117s detal\u0117 buvo kruop\u0161\u010diai apgalvota, siekiant u\u017etikrinti maksimal\u0173 komfort\u0105. Reguliuojamos kojel\u0117s leid\u017eia idealiai i\u0161lyginti, o \u0161velniai u\u017esidarantys vyriai suteikia patogumo ir pa\u0161alina nereikaling\u0105 virtuv\u0117s triuk\u0161m\u0105. Tai tobulas klas\u0117s ir moderni\u0173 technologij\u0173 derinys.<\/p>","protected":false},"excerpt":{"rendered":"<p>Plotis (cm): 45<br \/>\n\u016agis (cm): 87<br \/>\nGylis (cm): 52<\/p>","protected":false},"featured_media":160305,"comment_status":"open","ping_status":"open","template":"","meta":[],"product_brand":[],"product_cat":[9436,4106],"product_tag":[],"class_list":{"0":"post-160304","1":"product","2":"type-product","3":"status-publish","4":"has-post-thumbnail","6":"product_cat-kitchen-system-sorento","7":"product_cat-gala-meble","9":"first","10":"instock","11":"purchasable","12":"product-type-simple"},"_links":{"self":[{"href":"https:\/\/baldumarket.lt\/lt\/wp-json\/wp\/v2\/product\/160304","targetHints":{"allow":["GET"]}}],"collection":[{"href":"https:\/\/baldumarket.lt\/lt\/wp-json\/wp\/v2\/product"}],"about":[{"href":"https:\/\/baldumarket.lt\/lt\/wp-json\/wp\/v2\/types\/product"}],"replies":[{"embeddable":true,"href":"https:\/\/baldumarket.lt\/lt\/wp-json\/wp\/v2\/comments?post=160304"}],"wp:featuredmedia":[{"embeddable":true,"href":"https:\/\/baldumarket.lt\/lt\/wp-json\/wp\/v2\/media\/160305"}],"wp:attachment":[{"href":"https:\/\/baldumarket.lt\/lt\/wp-json\/wp\/v2\/media?parent=160304"}],"wp:term":[{"taxonomy":"product_brand","embeddable":true,"href":"https:\/\/baldumarket.lt\/lt\/wp-json\/wp\/v2\/product_brand?post=160304"},{"taxonomy":"product_cat","embeddable":true,"href":"https:\/\/baldumarket.lt\/lt\/wp-json\/wp\/v2\/product_cat?post=160304"},{"taxonomy":"product_tag","embeddable":true,"href":"https:\/\/baldumarket.lt\/lt\/wp-json\/wp\/v2\/product_tag?post=160304"}],"curies":[{"name":"wp","href":"https:\/\/api.w.org\/{rel}","templated":true}]}}