{"id":160299,"date":"2025-12-19T01:06:03","date_gmt":"2025-12-18T22:06:03","guid":{"rendered":"https:\/\/baldumarket.lt\/product\/szafka-kuchenna-dolna-1d-sorento-d45-p-l-puccini-green\/"},"modified":"2026-02-18T11:18:37","modified_gmt":"2026-02-18T08:18:37","slug":"szafka-kuchenna-dolna-1d-sorento-d45-p-l-puccini-green","status":"publish","type":"product","link":"https:\/\/baldumarket.lt\/lt\/product\/szafka-kuchenna-dolna-1d-sorento-d45-p-l-puccini-green\/","title":{"rendered":"Apatin\u0117 virtuv\u0117s spintel\u0117 1D Sorento D45 P\/L Puccini \u017ealia"},"content":{"rendered":"<p>Atraskite elegancij\u0105 ir funkcionalum\u0105 su \u201eSorento D45\u201c apatine virtuv\u0117s spintele \u201ePuccini Green\u201c spalvos. \u0160i unikali spintel\u0117 derina klasikin\u012f dizain\u0105 su moderniais sprendimais, suteikdama j\u016bs\u0173 virtuvei gaivumo ir stiliaus. \u201ePuccini\u201c \u017ealios spalvos fasadas puikiai papildo juodas metalines rankenas, suteikdamas visam baldui unikal\u0173 charakter\u012f. Kurdami \u0161i\u0105 spintel\u0119, daugiausia d\u0117mesio skyr\u0117me erdv\u0117s i\u0161naudojimui. D\u0117l kompakti\u0161k\u0173 45 cm plo\u010dio, 52 cm gylio ir 87 cm auk\u0161\u010dio matmen\u0173 ji puikiai tinka ma\u017eesn\u0117ms virtuv\u0117ms ir taip pat tarnauja kaip papildomas elementas didesn\u0117se erdv\u0117se. \u201eSorento\u201c spintel\u0117 pasi\u017eymi steb\u0117tina talpa, leisdama laikyti b\u016btiniausius virtuv\u0117s reikmenis neu\u017egriozdinant stalvir\u0161io. Kad ir kaip intensyviai j\u0105 naudotum\u0117te, \u201eSorento\u201c apatin\u0117 spintel\u0117 daugel\u012f met\u0173 i\u0161liks puikios b\u016bkl\u0117s, nes naudojama atspari pa\u017eeidimams, laminuotos plok\u0161t\u0117s. Reguliuojamos kojel\u0117s u\u017etikrina stabilum\u0105 ir patogum\u0105, tod\u0117l galite reguliuoti spintel\u0117s auk\u0161t\u012f, kad ji atitikt\u0173 nelygius grindis, tod\u0117l tai itin prakti\u0161kas sprendimas bet kurioje erdv\u0117je.<\/p>","protected":false},"excerpt":{"rendered":"<p>Plotis (cm): 45<br \/>\n\u016agis (cm): 87<br \/>\nGylis (cm): 52<\/p>","protected":false},"featured_media":160300,"comment_status":"open","ping_status":"open","template":"","meta":[],"product_brand":[],"product_cat":[9436,4106],"product_tag":[],"class_list":{"0":"post-160299","1":"product","2":"type-product","3":"status-publish","4":"has-post-thumbnail","6":"product_cat-kitchen-system-sorento","7":"product_cat-gala-meble","9":"first","10":"instock","11":"purchasable","12":"product-type-simple"},"_links":{"self":[{"href":"https:\/\/baldumarket.lt\/lt\/wp-json\/wp\/v2\/product\/160299","targetHints":{"allow":["GET"]}}],"collection":[{"href":"https:\/\/baldumarket.lt\/lt\/wp-json\/wp\/v2\/product"}],"about":[{"href":"https:\/\/baldumarket.lt\/lt\/wp-json\/wp\/v2\/types\/product"}],"replies":[{"embeddable":true,"href":"https:\/\/baldumarket.lt\/lt\/wp-json\/wp\/v2\/comments?post=160299"}],"wp:featuredmedia":[{"embeddable":true,"href":"https:\/\/baldumarket.lt\/lt\/wp-json\/wp\/v2\/media\/160300"}],"wp:attachment":[{"href":"https:\/\/baldumarket.lt\/lt\/wp-json\/wp\/v2\/media?parent=160299"}],"wp:term":[{"taxonomy":"product_brand","embeddable":true,"href":"https:\/\/baldumarket.lt\/lt\/wp-json\/wp\/v2\/product_brand?post=160299"},{"taxonomy":"product_cat","embeddable":true,"href":"https:\/\/baldumarket.lt\/lt\/wp-json\/wp\/v2\/product_cat?post=160299"},{"taxonomy":"product_tag","embeddable":true,"href":"https:\/\/baldumarket.lt\/lt\/wp-json\/wp\/v2\/product_tag?post=160299"}],"curies":[{"name":"wp","href":"https:\/\/api.w.org\/{rel}","templated":true}]}}