{"id":160294,"date":"2025-12-19T01:05:54","date_gmt":"2025-12-18T22:05:54","guid":{"rendered":"https:\/\/baldumarket.lt\/product\/szafka-kuchenna-dolna-1d-sorento-d60-p-l-baltic-storm\/"},"modified":"2026-02-18T11:18:22","modified_gmt":"2026-02-18T08:18:22","slug":"szafka-kuchenna-dolna-1d-sorento-d60-p-l-baltic-storm","status":"publish","type":"product","link":"https:\/\/baldumarket.lt\/lt\/product\/szafka-kuchenna-dolna-1d-sorento-d60-p-l-baltic-storm\/","title":{"rendered":"Apatin\u0117 virtuv\u0117s spintel\u0117 1D Sorento D60 P\/L Baltic Storm"},"content":{"rendered":"<p>Atraskite \u201eSorento D60 1-D\u201c apatin\u0117s virtuv\u0117s spintel\u0117s funkcionalum\u0105 ir stili\u0173. \u0160i \u201eBaltic Storm\u201c apdaila puikiai atspindi \u0161iuolaikines interjero dizaino tendencijas, derindama elegancij\u0105 ir prakti\u0161kum\u0105. Pagaminta i\u0161 atsparios pa\u017eeidimams laminuotos plok\u0161t\u0117s, spintel\u0117 lengvai patenkins net ir labiausiai naudojamos virtuv\u0117s poreikius, i\u0161laikydama unikali\u0105 i\u0161vaizd\u0105 ilgus metus. 87 cm auk\u0161\u010dio, 60 cm plo\u010dio ir 52 cm gylio spintel\u0117 si\u016blo daug vietos daiktams susid\u0117ti. Prakti\u0161kos savyb\u0117s, tokios kaip \u0161velnaus u\u017edarymo sistema ir reguliuojamos 15 cm kojel\u0117s, u\u017etikrina ne\u012ftik\u0117tin\u0105 patogum\u0105 naudoti. Reguliuojamas kojeli\u0173 auk\u0161tis leid\u017eia lengvai pritaikyti jas prie individuali\u0173 poreiki\u0173. Stilinga 15 cm juoda metalin\u0117 rankena suteikia modernumo, papildydama eleganti\u0161k\u0105 \u201eBaltic Storm\u201c fasad\u0173 apdail\u0105. \u0160i spintel\u0117 ne tik \u017eavi savo estetiniu patrauklumu, bet ir sukuria unikali\u0105 atmosfer\u0105 j\u016bs\u0173 virtuv\u0117je, tod\u0117l ji yra puiki vieta gaminti maist\u0105 ir leisti laik\u0105 kartu.<\/p>","protected":false},"excerpt":{"rendered":"<p>Plotis (cm): 60<br \/>\n\u016agis (cm): 87<br \/>\nGylis (cm): 52<\/p>","protected":false},"featured_media":160295,"comment_status":"open","ping_status":"open","template":"","meta":[],"product_brand":[],"product_cat":[9436,4106],"product_tag":[],"class_list":{"0":"post-160294","1":"product","2":"type-product","3":"status-publish","4":"has-post-thumbnail","6":"product_cat-kitchen-system-sorento","7":"product_cat-gala-meble","9":"first","10":"instock","11":"purchasable","12":"product-type-simple"},"_links":{"self":[{"href":"https:\/\/baldumarket.lt\/lt\/wp-json\/wp\/v2\/product\/160294","targetHints":{"allow":["GET"]}}],"collection":[{"href":"https:\/\/baldumarket.lt\/lt\/wp-json\/wp\/v2\/product"}],"about":[{"href":"https:\/\/baldumarket.lt\/lt\/wp-json\/wp\/v2\/types\/product"}],"replies":[{"embeddable":true,"href":"https:\/\/baldumarket.lt\/lt\/wp-json\/wp\/v2\/comments?post=160294"}],"wp:featuredmedia":[{"embeddable":true,"href":"https:\/\/baldumarket.lt\/lt\/wp-json\/wp\/v2\/media\/160295"}],"wp:attachment":[{"href":"https:\/\/baldumarket.lt\/lt\/wp-json\/wp\/v2\/media?parent=160294"}],"wp:term":[{"taxonomy":"product_brand","embeddable":true,"href":"https:\/\/baldumarket.lt\/lt\/wp-json\/wp\/v2\/product_brand?post=160294"},{"taxonomy":"product_cat","embeddable":true,"href":"https:\/\/baldumarket.lt\/lt\/wp-json\/wp\/v2\/product_cat?post=160294"},{"taxonomy":"product_tag","embeddable":true,"href":"https:\/\/baldumarket.lt\/lt\/wp-json\/wp\/v2\/product_tag?post=160294"}],"curies":[{"name":"wp","href":"https:\/\/api.w.org\/{rel}","templated":true}]}}