{"id":160289,"date":"2025-12-19T01:05:44","date_gmt":"2025-12-18T22:05:44","guid":{"rendered":"https:\/\/baldumarket.lt\/product\/szafka-kuchenna-dolna-1d-sorento-d60-p-l-baltic-storm-bezowy-mat\/"},"modified":"2026-02-18T11:18:22","modified_gmt":"2026-02-18T08:18:22","slug":"szafka-kuchenna-dolna-1d-sorento-d60-p-l-baltic-storm-bezowy-mat","status":"publish","type":"product","link":"https:\/\/baldumarket.lt\/lt\/product\/szafka-kuchenna-dolna-1d-sorento-d60-p-l-baltic-storm-bezowy-mat\/","title":{"rendered":"Apatin\u0117 virtuv\u0117s spintel\u0117 1D Sorento D60 P\/L Baltic Storm Beige Matte"},"content":{"rendered":"<p>Pristatome \u201eSorento D60\u201c apatin\u0119 virtuv\u0117s spintel\u0119 matinio sm\u0117lio atspalvio, kuri puikiai dera prie modernaus virtuv\u0117s dizaino. Eleganti\u0161ka i\u0161vaizda paver\u010dia j\u0105 ne tik prakti\u0161ku, bet ir esteti\u0161kai patraukliu bet kurios virtuv\u0117s elementu. D\u0117l universalios spalvos spintel\u0117 harmoningai dera su \u012fvairiais interjero dizainais, suteikdama kambariui \u0161ilt\u0105 ir jauk\u0173 poj\u016bt\u012f. I\u0161skirtin\u0117 \u201eBaltic Storm\u201c korpuso spalva suteikia modernumo ir elegancijos, traukia ak\u012f savo giliu tonu. Tai ne tik spintel\u0117, bet ir stiliaus bei funkcionalumo derinys, suteikiantis puik\u0173 pagrind\u0105 kurti kulinarinius oazes. I\u0161 laminuotos plok\u0161t\u0117s pagaminti fasadai u\u017etikrina ilgaam\u017ei\u0161kum\u0105 \u2013 ne\u012fkainojamas privalumas judrioje virtuv\u0117s erdv\u0117je. D\u0117l prakti\u0161k\u0173 \u201eClip-On\u201c vyri\u0173 su \u0161velnaus u\u017edarymo sistema, \u201eSorento D60\u201c spintel\u0117 u\u017etikrina i\u0161skirtin\u012f naudojimo komfort\u0105, pa\u0161alindama nemalon\u0173 triuk\u0161m\u0105 u\u017edarant dureles. \u0160i detal\u0117 \u017eymiai pagerina kasdienio gyvenimo komfort\u0105, prisid\u0117dama prie harmoningos atmosferos virtuv\u0117je. Papildomas privalumas \u2013 reguliuojamos kojel\u0117s, leid\u017eian\u010dios puikiai reguliuoti spintel\u0117s auk\u0161t\u012f pagal individualius naudotojo poreikius.<\/p>","protected":false},"excerpt":{"rendered":"<p>Plotis (cm): 60<br \/>\n\u016agis (cm): 87<br \/>\nGylis (cm): 52<\/p>","protected":false},"featured_media":160290,"comment_status":"open","ping_status":"open","template":"","meta":[],"product_brand":[],"product_cat":[9436,4106],"product_tag":[],"class_list":{"0":"post-160289","1":"product","2":"type-product","3":"status-publish","4":"has-post-thumbnail","6":"product_cat-kitchen-system-sorento","7":"product_cat-gala-meble","9":"first","10":"instock","11":"purchasable","12":"product-type-simple"},"_links":{"self":[{"href":"https:\/\/baldumarket.lt\/lt\/wp-json\/wp\/v2\/product\/160289","targetHints":{"allow":["GET"]}}],"collection":[{"href":"https:\/\/baldumarket.lt\/lt\/wp-json\/wp\/v2\/product"}],"about":[{"href":"https:\/\/baldumarket.lt\/lt\/wp-json\/wp\/v2\/types\/product"}],"replies":[{"embeddable":true,"href":"https:\/\/baldumarket.lt\/lt\/wp-json\/wp\/v2\/comments?post=160289"}],"wp:featuredmedia":[{"embeddable":true,"href":"https:\/\/baldumarket.lt\/lt\/wp-json\/wp\/v2\/media\/160290"}],"wp:attachment":[{"href":"https:\/\/baldumarket.lt\/lt\/wp-json\/wp\/v2\/media?parent=160289"}],"wp:term":[{"taxonomy":"product_brand","embeddable":true,"href":"https:\/\/baldumarket.lt\/lt\/wp-json\/wp\/v2\/product_brand?post=160289"},{"taxonomy":"product_cat","embeddable":true,"href":"https:\/\/baldumarket.lt\/lt\/wp-json\/wp\/v2\/product_cat?post=160289"},{"taxonomy":"product_tag","embeddable":true,"href":"https:\/\/baldumarket.lt\/lt\/wp-json\/wp\/v2\/product_tag?post=160289"}],"curies":[{"name":"wp","href":"https:\/\/api.w.org\/{rel}","templated":true}]}}