{"id":160284,"date":"2025-12-19T01:05:35","date_gmt":"2025-12-18T22:05:35","guid":{"rendered":"https:\/\/baldumarket.lt\/product\/szafka-kuchenna-dolna-1d-sorento-d60-p-l-baltic-storm-green\/"},"modified":"2026-02-18T11:18:22","modified_gmt":"2026-02-18T08:18:22","slug":"szafka-kuchenna-dolna-1d-sorento-d60-p-l-baltic-storm-green","status":"publish","type":"product","link":"https:\/\/baldumarket.lt\/lt\/product\/szafka-kuchenna-dolna-1d-sorento-d60-p-l-baltic-storm-green\/","title":{"rendered":"Apatin\u0117 virtuv\u0117s spintel\u0117 1D Sorento D60 P\/L Baltic Storm Green"},"content":{"rendered":"<p>Atraskite nauj\u0105 kokyb\u0117s lyg\u012f savo virtuv\u0117je su \u201eSorento D60\u201c apatine spintele \u201eBaltic Storm Green\u201c spalvos i\u0161 \u201eGa\u0142a Meble\u201c. \u0160is eleganti\u0161kas, \u017ealias dizaino elementas \u017eavi savo subtilumu, sukurdamas unikali\u0105 atmosfer\u0105 j\u016bs\u0173 erdv\u0117je. Matinis \u017ealias fasadas suteikia interjerui ramyb\u0117s ir harmonijos, puikiai dera su nat\u016braliomis med\u017eiagomis, tokiomis kaip mediena ir akmuo, paversdamas j\u016bs\u0173 virtuv\u0119 tikros atsipalaidavimo ir \u012fkv\u0117pimo vieta. \u201eSorento D60\u201c si\u016blo ne tik estetik\u0105, bet ir komfort\u0105. J\u016bs\u0173 naudai \u2013 \u201eClip-On\u201c vyriai su \u0161velnaus u\u017edarymo funkcija, u\u017etikrinantys skland\u0173, beveik tyl\u0173 u\u017edarym\u0105 \u2013 ne\u012fkainojam\u0105 prana\u0161um\u0105 kasdien naudojant. Prid\u0117kite prie to patogi\u0105 juod\u0105 metalin\u0119 ranken\u0117l\u0119 ir gausite spintel\u0119, kurioje dera funkcionalumas ir modernus dizainas. Spintel\u0117s korpusas suprojektuotas kruop\u0161\u010diai apgalvojant detales. \u201eBaltic Storm\u201c spalvos laminuota plok\u0161t\u0117 ne tik traukia ak\u012f, bet ir yra atspari pa\u017eeidimams, tod\u0117l u\u017etikrina ilgaam\u017ei\u0161kum\u0105. Reguliuojamos 15 cm auk\u0161\u010dio kojel\u0117s leid\u017eia reguliuoti spintel\u0117s auk\u0161t\u012f pagal individualius poreikius, suteikiant didesn\u012f i\u0161d\u0117stymo lankstum\u0105.<\/p>","protected":false},"excerpt":{"rendered":"<p>Plotis (cm): 60<br \/>\n\u016agis (cm): 87<br \/>\nGylis (cm): 52<\/p>","protected":false},"featured_media":160285,"comment_status":"open","ping_status":"open","template":"","meta":[],"product_brand":[],"product_cat":[9436,4106],"product_tag":[],"class_list":{"0":"post-160284","1":"product","2":"type-product","3":"status-publish","4":"has-post-thumbnail","6":"product_cat-kitchen-system-sorento","7":"product_cat-gala-meble","9":"first","10":"instock","11":"purchasable","12":"product-type-simple"},"_links":{"self":[{"href":"https:\/\/baldumarket.lt\/lt\/wp-json\/wp\/v2\/product\/160284","targetHints":{"allow":["GET"]}}],"collection":[{"href":"https:\/\/baldumarket.lt\/lt\/wp-json\/wp\/v2\/product"}],"about":[{"href":"https:\/\/baldumarket.lt\/lt\/wp-json\/wp\/v2\/types\/product"}],"replies":[{"embeddable":true,"href":"https:\/\/baldumarket.lt\/lt\/wp-json\/wp\/v2\/comments?post=160284"}],"wp:featuredmedia":[{"embeddable":true,"href":"https:\/\/baldumarket.lt\/lt\/wp-json\/wp\/v2\/media\/160285"}],"wp:attachment":[{"href":"https:\/\/baldumarket.lt\/lt\/wp-json\/wp\/v2\/media?parent=160284"}],"wp:term":[{"taxonomy":"product_brand","embeddable":true,"href":"https:\/\/baldumarket.lt\/lt\/wp-json\/wp\/v2\/product_brand?post=160284"},{"taxonomy":"product_cat","embeddable":true,"href":"https:\/\/baldumarket.lt\/lt\/wp-json\/wp\/v2\/product_cat?post=160284"},{"taxonomy":"product_tag","embeddable":true,"href":"https:\/\/baldumarket.lt\/lt\/wp-json\/wp\/v2\/product_tag?post=160284"}],"curies":[{"name":"wp","href":"https:\/\/api.w.org\/{rel}","templated":true}]}}