{"id":160279,"date":"2025-12-19T01:05:26","date_gmt":"2025-12-18T22:05:26","guid":{"rendered":"https:\/\/baldumarket.lt\/product\/szafka-kuchenna-dolna-1d-sorento-d60-p-l-bialy-green\/"},"modified":"2026-02-18T11:18:22","modified_gmt":"2026-02-18T08:18:22","slug":"szafka-kuchenna-dolna-1d-sorento-d60-p-l-bialy-green","status":"publish","type":"product","link":"https:\/\/baldumarket.lt\/lt\/product\/szafka-kuchenna-dolna-1d-sorento-d60-p-l-bialy-green\/","title":{"rendered":"Apatin\u0117 virtuv\u0117s spintel\u0117 1D Sorento D60 P\/L Balta \u017dalia"},"content":{"rendered":"<p>Pristatome \u201eSorento 1-D\u201c virtuv\u0117s spintel\u0119, puikiai tinkan\u010di\u0105 tiems, kurie nori susikurti erdvi\u0105 ir moderni\u0105 virtuv\u0119. Eleganti\u0161kas matin\u0117s baltos ir \u017ealios spalv\u0173 derinys ne tik prakti\u0161kai u\u017epildys bet koki\u0105 erdv\u0119, bet ir suteiks jai gaivumo bei charakterio. Minimalistinis dizainas puikiai tinka \u012fvairiems interjero stiliams \u2013 tiek moderniems, tiek klasikiniams. \u0160io tipo spintel\u0117 yra daugiau nei tiesiog naudingas virtuv\u0117s \u012frenginys. Auk\u0161tos, 15 cm reguliuojamo ilgio kojel\u0117s suteikia jai eleganti\u0161k\u0105 ir moderni\u0105 i\u0161vaizd\u0105, be to, palengvina kasdien\u012f valym\u0105 apa\u010dioje. Didelis funkcionalumas ir estetika yra neatsiejami, tod\u0117l naudotis spintele yra tikras malonumas. Spintel\u0117 pagaminta i\u0161 patvarios laminuotos plok\u0161t\u0117s, u\u017etikrinan\u010dios atsparum\u0105 kasdieniam d\u0117v\u0117jimuisi ir lengv\u0105 valym\u0105. D\u0117l \u201eClip-On\u201c vyri\u0173 spintel\u0117 turi \u0161velnaus u\u017edarymo sistem\u0105, kuri\u0105 tikrai \u012fvertins tie, kurie vertina komfort\u0105 virtuv\u0117je. Juoda metalin\u0117 rankena suteikia modernaus eleganti\u0161kumo ir yra patogi naudoti, o tai padidina kasdien\u0117s virtuv\u0117s veiklos komfort\u0105.<\/p>","protected":false},"excerpt":{"rendered":"<p>Plotis (cm): 60<br \/>\n\u016agis (cm): 87<br \/>\nGylis (cm): 52<\/p>","protected":false},"featured_media":160280,"comment_status":"open","ping_status":"open","template":"","meta":[],"product_brand":[],"product_cat":[9436,4106],"product_tag":[],"class_list":{"0":"post-160279","1":"product","2":"type-product","3":"status-publish","4":"has-post-thumbnail","6":"product_cat-kitchen-system-sorento","7":"product_cat-gala-meble","9":"first","10":"instock","11":"purchasable","12":"product-type-simple"},"_links":{"self":[{"href":"https:\/\/baldumarket.lt\/lt\/wp-json\/wp\/v2\/product\/160279","targetHints":{"allow":["GET"]}}],"collection":[{"href":"https:\/\/baldumarket.lt\/lt\/wp-json\/wp\/v2\/product"}],"about":[{"href":"https:\/\/baldumarket.lt\/lt\/wp-json\/wp\/v2\/types\/product"}],"replies":[{"embeddable":true,"href":"https:\/\/baldumarket.lt\/lt\/wp-json\/wp\/v2\/comments?post=160279"}],"wp:featuredmedia":[{"embeddable":true,"href":"https:\/\/baldumarket.lt\/lt\/wp-json\/wp\/v2\/media\/160280"}],"wp:attachment":[{"href":"https:\/\/baldumarket.lt\/lt\/wp-json\/wp\/v2\/media?parent=160279"}],"wp:term":[{"taxonomy":"product_brand","embeddable":true,"href":"https:\/\/baldumarket.lt\/lt\/wp-json\/wp\/v2\/product_brand?post=160279"},{"taxonomy":"product_cat","embeddable":true,"href":"https:\/\/baldumarket.lt\/lt\/wp-json\/wp\/v2\/product_cat?post=160279"},{"taxonomy":"product_tag","embeddable":true,"href":"https:\/\/baldumarket.lt\/lt\/wp-json\/wp\/v2\/product_tag?post=160279"}],"curies":[{"name":"wp","href":"https:\/\/api.w.org\/{rel}","templated":true}]}}