{"id":160273,"date":"2025-12-19T01:05:14","date_gmt":"2025-12-18T22:05:14","guid":{"rendered":"https:\/\/baldumarket.lt\/product\/szafka-kuchenna-dolna-1d-sorento-d60-p-l-bialy-mat\/"},"modified":"2026-02-18T11:18:22","modified_gmt":"2026-02-18T08:18:22","slug":"szafka-kuchenna-dolna-1d-sorento-d60-p-l-bialy-mat","status":"publish","type":"product","link":"https:\/\/baldumarket.lt\/lt\/product\/szafka-kuchenna-dolna-1d-sorento-d60-p-l-bialy-mat\/","title":{"rendered":"Apatin\u0117 virtuv\u0117s spintel\u0117 1D Sorento D60 P\/L matin\u0117 balta"},"content":{"rendered":"<p>Atraskite minimalistinio dizaino magij\u0105 su \u201eGa\u0142a Meble\u201c \u201eSorento D60\u201c virtuv\u0117s apatine spintele. Eleganti\u0161ka matin\u0117s baltos spalvos apdaila suteiks j\u016bs\u0173 virtuvei gaivumo ir modernumo, harmoningai \u012fsiliesdama \u012f bet kok\u012f interjer\u0105. Paprasta estetika ir nesenstantis stilius paver\u010dia \u201eSorento\u201c tobulu fonu kitiems dekoratyviniams elementams j\u016bs\u0173 namuose. \u201eSorento D60\u201c spintel\u0117 pasi\u017eymi ne tik gra\u017eu dizainu, bet ir, svarbiausia, apgalvotu funkcionalumu. D\u0117l tinkamo gylio ir plo\u010dio joje lengvai sutalpinsite visus b\u016btiniausius daiktus. Reguliuojamos kojel\u0117s leid\u017eia reguliuoti auk\u0161t\u012f pagal j\u016bs\u0173 poreikius, tod\u0117l j\u0105 lengva puikiai derinti su kitais baldais. \u0160velnaus u\u017edarymo sistema u\u017etikrina, kad ja naudotis b\u016bt\u0173 malonu, o j\u016bs\u0173 virtuv\u0117 \u012fgaut\u0173 nauj\u0105 komforto dimensij\u0105. Aukso spalvos metalin\u0117 rankena suteikia unikalaus charakterio ir prabangos, i\u0161skirdama j\u0105 i\u0161 tradicini\u0173 sprendim\u0173. D\u0117l tvirt\u0173 med\u017eiag\u0173, toki\u0173 kaip MDF ir laminuota plok\u0161t\u0117, spintel\u0117 garantuoja patvarum\u0105 ir atsparum\u0105 kasdieniam naudojimui, tod\u0117l ji tampa nepakei\u010diamu j\u016bs\u0173 virtuv\u0117s elementu.<\/p>","protected":false},"excerpt":{"rendered":"<p>Plotis (cm): 60<br \/>\n\u016agis (cm): 87<br \/>\nGylis (cm): 52<\/p>","protected":false},"featured_media":160274,"comment_status":"open","ping_status":"open","template":"","meta":[],"product_brand":[],"product_cat":[9436,4106],"product_tag":[],"class_list":{"0":"post-160273","1":"product","2":"type-product","3":"status-publish","4":"has-post-thumbnail","6":"product_cat-kitchen-system-sorento","7":"product_cat-gala-meble","9":"first","10":"instock","11":"purchasable","12":"product-type-simple"},"_links":{"self":[{"href":"https:\/\/baldumarket.lt\/lt\/wp-json\/wp\/v2\/product\/160273","targetHints":{"allow":["GET"]}}],"collection":[{"href":"https:\/\/baldumarket.lt\/lt\/wp-json\/wp\/v2\/product"}],"about":[{"href":"https:\/\/baldumarket.lt\/lt\/wp-json\/wp\/v2\/types\/product"}],"replies":[{"embeddable":true,"href":"https:\/\/baldumarket.lt\/lt\/wp-json\/wp\/v2\/comments?post=160273"}],"wp:featuredmedia":[{"embeddable":true,"href":"https:\/\/baldumarket.lt\/lt\/wp-json\/wp\/v2\/media\/160274"}],"wp:attachment":[{"href":"https:\/\/baldumarket.lt\/lt\/wp-json\/wp\/v2\/media?parent=160273"}],"wp:term":[{"taxonomy":"product_brand","embeddable":true,"href":"https:\/\/baldumarket.lt\/lt\/wp-json\/wp\/v2\/product_brand?post=160273"},{"taxonomy":"product_cat","embeddable":true,"href":"https:\/\/baldumarket.lt\/lt\/wp-json\/wp\/v2\/product_cat?post=160273"},{"taxonomy":"product_tag","embeddable":true,"href":"https:\/\/baldumarket.lt\/lt\/wp-json\/wp\/v2\/product_tag?post=160273"}],"curies":[{"name":"wp","href":"https:\/\/api.w.org\/{rel}","templated":true}]}}