{"id":160268,"date":"2025-12-19T01:05:04","date_gmt":"2025-12-18T22:05:04","guid":{"rendered":"https:\/\/baldumarket.lt\/product\/szafka-kuchenna-dolna-1d-sorento-d60-p-l-bialy-mat-bezowy-mat\/"},"modified":"2026-02-18T11:18:22","modified_gmt":"2026-02-18T08:18:22","slug":"szafka-kuchenna-dolna-1d-sorento-d60-p-l-bialy-mat-bezowy-mat","status":"publish","type":"product","link":"https:\/\/baldumarket.lt\/lt\/product\/szafka-kuchenna-dolna-1d-sorento-d60-p-l-bialy-mat-bezowy-mat\/","title":{"rendered":"Apatin\u0117 virtuv\u0117s spintel\u0117 1D Sorento D60 P\/L matin\u0117 balta matin\u0117 sm\u0117lio spalvos"},"content":{"rendered":"<p>Atraskite elegancij\u0105 ir subtil\u0173 modernum\u0105 su \u2019Sorento D60\u201c virtuv\u0117s spintele. Unikalus matin\u0117s sm\u0117lio spalvos priekio ir subtilaus matin\u0117s baltos spalvos korpuso derinys puikiai tinka bet kokiam interjero dizainui. \u0160is baldas derina funkcionalum\u0105 ir estetik\u0105, puikiai der\u0117damas stilingose virtuv\u0117se, kuriose i\u0161naudojama kiekviena erdv\u0117. \u201eSorento D60\u201c prakti\u0161kum\u0105 sustiprina reguliuojamos kojel\u0117s, kurios u\u017etikrina stabilum\u0105 ant \u012fvairi\u0173 pavir\u0161i\u0173 ir leid\u017eia reguliuoti auk\u0161t\u012f pagal individualius poreikius. Juoda metalin\u0117 rankena yra klas\u0117s ir patvarumo \u012fsik\u016bnijimas, palengvinantis kasdien\u012f \u0161ios unikalios spintel\u0117s naudojim\u0105. Juoda rankena harmoningai kontrastuoja su \u0161viesiomis spalvomis, suteikdama visam baldui charakterio ir pagerindama jo vizualin\u012f patrauklum\u0105. Kasdien naudojant ypa\u010d verti d\u0117mesio \u201eClip-On\u201c vyriai su \u0161velnaus u\u017edarymo funkcija. \u0160ie vyriai kiekvien\u0105 priekin\u0117s dalies judes\u012f padaro prakti\u0161kai tyl\u0173, ne tik prailgindami spintel\u0117s tarnavimo laik\u0105, bet ir suteikdami komforto visiems namuose. \u0160is funkcionalumas puikiai tiks bet kuriai gyvyb\u0117s kupinai virtuvei, kurioje vertinama ramyb\u0117 ir tyla.<\/p>","protected":false},"excerpt":{"rendered":"<p>Plotis (cm): 60<br \/>\n\u016agis (cm): 87<br \/>\nGylis (cm): 52<\/p>","protected":false},"featured_media":160269,"comment_status":"open","ping_status":"open","template":"","meta":[],"product_brand":[],"product_cat":[9436,4106],"product_tag":[],"class_list":{"0":"post-160268","1":"product","2":"type-product","3":"status-publish","4":"has-post-thumbnail","6":"product_cat-kitchen-system-sorento","7":"product_cat-gala-meble","9":"first","10":"instock","11":"purchasable","12":"product-type-simple"},"_links":{"self":[{"href":"https:\/\/baldumarket.lt\/lt\/wp-json\/wp\/v2\/product\/160268","targetHints":{"allow":["GET"]}}],"collection":[{"href":"https:\/\/baldumarket.lt\/lt\/wp-json\/wp\/v2\/product"}],"about":[{"href":"https:\/\/baldumarket.lt\/lt\/wp-json\/wp\/v2\/types\/product"}],"replies":[{"embeddable":true,"href":"https:\/\/baldumarket.lt\/lt\/wp-json\/wp\/v2\/comments?post=160268"}],"wp:featuredmedia":[{"embeddable":true,"href":"https:\/\/baldumarket.lt\/lt\/wp-json\/wp\/v2\/media\/160269"}],"wp:attachment":[{"href":"https:\/\/baldumarket.lt\/lt\/wp-json\/wp\/v2\/media?parent=160268"}],"wp:term":[{"taxonomy":"product_brand","embeddable":true,"href":"https:\/\/baldumarket.lt\/lt\/wp-json\/wp\/v2\/product_brand?post=160268"},{"taxonomy":"product_cat","embeddable":true,"href":"https:\/\/baldumarket.lt\/lt\/wp-json\/wp\/v2\/product_cat?post=160268"},{"taxonomy":"product_tag","embeddable":true,"href":"https:\/\/baldumarket.lt\/lt\/wp-json\/wp\/v2\/product_tag?post=160268"}],"curies":[{"name":"wp","href":"https:\/\/api.w.org\/{rel}","templated":true}]}}