{"id":160263,"date":"2025-12-19T01:04:55","date_gmt":"2025-12-18T22:04:55","guid":{"rendered":"https:\/\/baldumarket.lt\/product\/szafka-kuchenna-dolna-1d-sorento-d60-p-l-bialy-mat-puccini\/"},"modified":"2026-02-18T11:18:22","modified_gmt":"2026-02-18T08:18:22","slug":"szafka-kuchenna-dolna-1d-sorento-d60-p-l-bialy-mat-puccini","status":"publish","type":"product","link":"https:\/\/baldumarket.lt\/lt\/product\/szafka-kuchenna-dolna-1d-sorento-d60-p-l-bialy-mat-puccini\/","title":{"rendered":"Apatin\u0117 virtuv\u0117s spintel\u0117 1D Sorento D60 P\/L matin\u0117s baltos spalvos Puccini"},"content":{"rendered":"<p>Atraskite nepaprast\u0105 \u201eSorento D60\u201c apatin\u0117s virtuv\u0117s spintel\u0117s, pagamintos i\u0161 \u201ePuccini Matte White\u201c spalvos, elegancij\u0105 i\u0161 garsaus \u201eGa\u0142a Meble\u201c prek\u0117s \u017eenklo. \u0160i spintel\u0117 derina stili\u0173 ir funkcionalum\u0105, bet kuri\u0105 virtuv\u0119 paversdama profesionalia i\u0161vaizda ir prakti\u0161kais sprendimais. Minimalistinis matin\u0117s baltos spalvos dizainas ir rafinuotos \u201ePuccini\u201c detal\u0117s paver\u010dia j\u0105 puikiu pasirinkimu reiklioms kulinarin\u0117ms erdv\u0117ms. Priekin\u0117 dalis, pagaminta i\u0161 patvarios laminato plok\u0161t\u0117s, garantuoja ne tik eleganti\u0161k\u0105 i\u0161vaizd\u0105, bet ir atsparum\u0105 kasdieniams virtuv\u0117s i\u0161\u0161\u016bkiams. \u0160i virtuv\u0117s spintel\u0117 buvo sukurta atsi\u017evelgiant \u012f estetikos ir funkcionalumo pusiausvyr\u0105. Su stilingomis juodo metalo rankenomis \u201eSorento\u201c suteikia modern\u0173 prisilietim\u0105, kuris puikiai dera su kitais virtuv\u0117s dekoro elementais. Kalbant apie prakti\u0161kum\u0105, \u201eSorento\u201c yra neprilygstama. Patog\u016bs u\u017esegami vyriai su \u0161velnaus u\u017edarymo funkcija paver\u010dia \u0161ios spintel\u0117s naudojim\u0105 tikru malonumu. Prid\u0117kite prie to reguliuojamas kojeles, kurios leid\u017eia puikiai reguliuoti auk\u0161t\u012f pagal savo poreikius, ir gausite bald\u0105, kuris ne tik atrodo \u012fsp\u016bdingai, bet ir u\u017etikrina auk\u0161\u010diausi\u0105 komforto lyg\u012f.<\/p>","protected":false},"excerpt":{"rendered":"<p>Plotis (cm): 60<br \/>\n\u016agis (cm): 87<br \/>\nGylis (cm): 52<\/p>","protected":false},"featured_media":160264,"comment_status":"open","ping_status":"open","template":"","meta":[],"product_brand":[],"product_cat":[9436,4106],"product_tag":[],"class_list":{"0":"post-160263","1":"product","2":"type-product","3":"status-publish","4":"has-post-thumbnail","6":"product_cat-kitchen-system-sorento","7":"product_cat-gala-meble","9":"first","10":"instock","11":"purchasable","12":"product-type-simple"},"_links":{"self":[{"href":"https:\/\/baldumarket.lt\/lt\/wp-json\/wp\/v2\/product\/160263","targetHints":{"allow":["GET"]}}],"collection":[{"href":"https:\/\/baldumarket.lt\/lt\/wp-json\/wp\/v2\/product"}],"about":[{"href":"https:\/\/baldumarket.lt\/lt\/wp-json\/wp\/v2\/types\/product"}],"replies":[{"embeddable":true,"href":"https:\/\/baldumarket.lt\/lt\/wp-json\/wp\/v2\/comments?post=160263"}],"wp:featuredmedia":[{"embeddable":true,"href":"https:\/\/baldumarket.lt\/lt\/wp-json\/wp\/v2\/media\/160264"}],"wp:attachment":[{"href":"https:\/\/baldumarket.lt\/lt\/wp-json\/wp\/v2\/media?parent=160263"}],"wp:term":[{"taxonomy":"product_brand","embeddable":true,"href":"https:\/\/baldumarket.lt\/lt\/wp-json\/wp\/v2\/product_brand?post=160263"},{"taxonomy":"product_cat","embeddable":true,"href":"https:\/\/baldumarket.lt\/lt\/wp-json\/wp\/v2\/product_cat?post=160263"},{"taxonomy":"product_tag","embeddable":true,"href":"https:\/\/baldumarket.lt\/lt\/wp-json\/wp\/v2\/product_tag?post=160263"}],"curies":[{"name":"wp","href":"https:\/\/api.w.org\/{rel}","templated":true}]}}