{"id":160253,"date":"2025-12-19T01:04:35","date_gmt":"2025-12-18T22:04:35","guid":{"rendered":"https:\/\/baldumarket.lt\/product\/szafka-kuchenna-dolna-1d-sorento-d60-p-l-puccini-bezowy-mat\/"},"modified":"2026-02-18T11:18:06","modified_gmt":"2026-02-18T08:18:06","slug":"szafka-kuchenna-dolna-1d-sorento-d60-p-l-puccini-bezowy-mat","status":"publish","type":"product","link":"https:\/\/baldumarket.lt\/lt\/product\/szafka-kuchenna-dolna-1d-sorento-d60-p-l-puccini-bezowy-mat\/","title":{"rendered":"Apatin\u0117 virtuv\u0117s spintel\u0117 1D Sorento D60 P\/L Puccini matin\u0117s sm\u0117lio spalvos"},"content":{"rendered":"<p>Suteikite savo virtuvei modernumo ir stiliaus atnaujinimo su \u201ePuccini Sorento D60 Matte Beige 1-D Base\u201c virtuv\u0117s spintele. Eleganti\u0161kas matinis sm\u0117lio spalvos priekis kartu su novatori\u0161ka \u201ePuccini\u201c korpuso spalva sukuria harmoning\u0105 kompozicij\u0105, kuri der\u0117s prie beveik bet kokio interjero dizaino. \u0160i spintel\u0117 yra ne tik funkcionali, bet ir tikras dekoratyvinis elementas, pabr\u0117\u017eiantis j\u016bs\u0173 stiliaus poj\u016bt\u012f. Kiekvien\u0105 kart\u0105 atidarius dureles, pajusite skland\u0173 jud\u0117jim\u0105, kur\u012f u\u017etikrina modern\u016bs \u201eClip-On\u201c vyriai su \u0161velnaus u\u017edarymo funkcija. Ak\u012f traukianti juoda metalin\u0117 rankena pabr\u0117\u017eia eleganti\u0161k\u0105 dizain\u0105 ir suteikia i\u0161skirtinumo, kartu u\u017etikrindama ilgalaik\u012f patvarum\u0105 ir naudojimo komfort\u0105. \u201eSorento\u201c spintel\u0117 yra auk\u0161\u010diausios kokyb\u0117s sinonimas, leid\u017eianti lengvai ir maloniai naudoti kiekvien\u0105 dien\u0105. Prakti\u0161kumas ir dizainas yra neatsiejami, o \u201eSorento Base\u201c virtuv\u0117s spintel\u0117 yra puikus to pavyzdys. D\u0117l 15 cm reguliuojam\u0173 kojeli\u0173 galite j\u0105 pritaikyti savo poreikiams, u\u017etikrindami stabilum\u0105 net ant nelygaus pavir\u0161iaus. Lengvas surinkimas leid\u017eia m\u0117gautis nauja virtuv\u0117s i\u0161vaizda beveik i\u0161 karto po \u012fsigijimo. Surinkimas patiems bus ne tik malonumas, bet ir galimyb\u0117 lavinti \u201epasidaryk pats\u201c \u012fg\u016bd\u017eius.<\/p>","protected":false},"excerpt":{"rendered":"<p>Plotis (cm): 60<br \/>\n\u016agis (cm): 87<br \/>\nGylis (cm): 52<\/p>","protected":false},"featured_media":160254,"comment_status":"open","ping_status":"open","template":"","meta":[],"product_brand":[],"product_cat":[9436,4106],"product_tag":[],"class_list":{"0":"post-160253","1":"product","2":"type-product","3":"status-publish","4":"has-post-thumbnail","6":"product_cat-kitchen-system-sorento","7":"product_cat-gala-meble","9":"first","10":"instock","11":"purchasable","12":"product-type-simple"},"_links":{"self":[{"href":"https:\/\/baldumarket.lt\/lt\/wp-json\/wp\/v2\/product\/160253","targetHints":{"allow":["GET"]}}],"collection":[{"href":"https:\/\/baldumarket.lt\/lt\/wp-json\/wp\/v2\/product"}],"about":[{"href":"https:\/\/baldumarket.lt\/lt\/wp-json\/wp\/v2\/types\/product"}],"replies":[{"embeddable":true,"href":"https:\/\/baldumarket.lt\/lt\/wp-json\/wp\/v2\/comments?post=160253"}],"wp:featuredmedia":[{"embeddable":true,"href":"https:\/\/baldumarket.lt\/lt\/wp-json\/wp\/v2\/media\/160254"}],"wp:attachment":[{"href":"https:\/\/baldumarket.lt\/lt\/wp-json\/wp\/v2\/media?parent=160253"}],"wp:term":[{"taxonomy":"product_brand","embeddable":true,"href":"https:\/\/baldumarket.lt\/lt\/wp-json\/wp\/v2\/product_brand?post=160253"},{"taxonomy":"product_cat","embeddable":true,"href":"https:\/\/baldumarket.lt\/lt\/wp-json\/wp\/v2\/product_cat?post=160253"},{"taxonomy":"product_tag","embeddable":true,"href":"https:\/\/baldumarket.lt\/lt\/wp-json\/wp\/v2\/product_tag?post=160253"}],"curies":[{"name":"wp","href":"https:\/\/api.w.org\/{rel}","templated":true}]}}