{"id":160248,"date":"2025-12-19T01:04:25","date_gmt":"2025-12-18T22:04:25","guid":{"rendered":"https:\/\/baldumarket.lt\/product\/szafka-kuchenna-dolna-1d-sorento-d60-p-l-puccini-bialy-mat-ramka\/"},"modified":"2026-02-18T11:18:06","modified_gmt":"2026-02-18T08:18:06","slug":"szafka-kuchenna-dolna-1d-sorento-d60-p-l-puccini-bialy-mat-ramka","status":"publish","type":"product","link":"https:\/\/baldumarket.lt\/lt\/product\/szafka-kuchenna-dolna-1d-sorento-d60-p-l-puccini-bialy-mat-ramka\/","title":{"rendered":"Apatin\u0117 virtuv\u0117s spintel\u0117 1D Sorento D60 P\/L Puccini matin\u0117s baltos spalvos r\u0117meliu"},"content":{"rendered":"<p>\u012esirenkite savo virtuv\u0119 eleganti\u0161ka ir funkcionalia \u201eSorento D60 P\/L\u201c apatine spintele, kurioje dera modernus dizainas ir patikimumas. Subtilus matin\u0117s baltos spalvos fasadas puikiai dera su dabartin\u0117mis interjero dizaino tendencijomis ir yra universalus pagrindas svajoni\u0173 virtuv\u0117s erdv\u0117ms kurti. \u0160is baldas bet kuriai virtuvei suteikia harmonijos ir subtilaus \u017eavesio, efektyviai derindamas estetik\u0105 su kasdieniu funkcionalumu. \u201eSorento\u201c spintel\u0117 \u017eavi savo detal\u0117mis ir tiksliu meistri\u0161kumu. Subtil\u016bs matiniai MDF fasadai suteikia jai rafinuot\u0105 charakter\u012f, o Puccini spalvos korpusas u\u017ebaigia i\u0161vaizd\u0105. Tai tobulas derinys, kuris ne tik d\u017eiugina ak\u012f, bet ir u\u017etikrina patvarum\u0105 bei atsparum\u0105 kasdieniam naudojimui. Be to, eleganti\u0161kos auksin\u0117s ranken\u0117l\u0117s suteikia stiliaus prisilietim\u0105 ir i\u0161skiria spintel\u0119 i\u0161 kit\u0173 virtuv\u0117s bald\u0173. \u201eSorento D60 P\/L\u201c spintel\u0117s funkcionalumas per\u017eengia estetikos ribas. Reguliuojamos 15 cm kojel\u0117s u\u017etikrina lengv\u0105 surinkim\u0105 ir leid\u017eia reguliuoti auk\u0161t\u012f pagal individualius naudotojo poreikius. Tai u\u017etikrina, kad spintel\u0117 i\u0161likt\u0173 stabili net ant nelygaus pavir\u0161iaus. Papildomas privalumas yra u\u017espaud\u017eiam\u0173 vyri\u0173 su \u0161velnaus u\u017edarymo mechanizmu naudojimas, padidinantis naudojimo komfort\u0105, nes pa\u0161alina triuk\u0161m\u0105 ir nety\u010dinius pa\u017eeidimus.<\/p>","protected":false},"excerpt":{"rendered":"<p>Plotis (cm): 60<br \/>\n\u016agis (cm): 87<br \/>\nGylis (cm): 52<\/p>","protected":false},"featured_media":160249,"comment_status":"open","ping_status":"open","template":"","meta":[],"product_brand":[],"product_cat":[9436,4106],"product_tag":[],"class_list":{"0":"post-160248","1":"product","2":"type-product","3":"status-publish","4":"has-post-thumbnail","6":"product_cat-kitchen-system-sorento","7":"product_cat-gala-meble","9":"first","10":"instock","11":"purchasable","12":"product-type-simple"},"_links":{"self":[{"href":"https:\/\/baldumarket.lt\/lt\/wp-json\/wp\/v2\/product\/160248","targetHints":{"allow":["GET"]}}],"collection":[{"href":"https:\/\/baldumarket.lt\/lt\/wp-json\/wp\/v2\/product"}],"about":[{"href":"https:\/\/baldumarket.lt\/lt\/wp-json\/wp\/v2\/types\/product"}],"replies":[{"embeddable":true,"href":"https:\/\/baldumarket.lt\/lt\/wp-json\/wp\/v2\/comments?post=160248"}],"wp:featuredmedia":[{"embeddable":true,"href":"https:\/\/baldumarket.lt\/lt\/wp-json\/wp\/v2\/media\/160249"}],"wp:attachment":[{"href":"https:\/\/baldumarket.lt\/lt\/wp-json\/wp\/v2\/media?parent=160248"}],"wp:term":[{"taxonomy":"product_brand","embeddable":true,"href":"https:\/\/baldumarket.lt\/lt\/wp-json\/wp\/v2\/product_brand?post=160248"},{"taxonomy":"product_cat","embeddable":true,"href":"https:\/\/baldumarket.lt\/lt\/wp-json\/wp\/v2\/product_cat?post=160248"},{"taxonomy":"product_tag","embeddable":true,"href":"https:\/\/baldumarket.lt\/lt\/wp-json\/wp\/v2\/product_tag?post=160248"}],"curies":[{"name":"wp","href":"https:\/\/api.w.org\/{rel}","templated":true}]}}