{"id":160243,"date":"2025-12-19T01:04:15","date_gmt":"2025-12-18T22:04:15","guid":{"rendered":"https:\/\/baldumarket.lt\/product\/szafka-kuchenna-dolna-1d-sorento-d60-p-l-puccini-green\/"},"modified":"2026-02-18T11:18:06","modified_gmt":"2026-02-18T08:18:06","slug":"szafka-kuchenna-dolna-1d-sorento-d60-p-l-puccini-green","status":"publish","type":"product","link":"https:\/\/baldumarket.lt\/lt\/product\/szafka-kuchenna-dolna-1d-sorento-d60-p-l-puccini-green\/","title":{"rendered":"Apatin\u0117 virtuv\u0117s spintel\u0117 1D Sorento D60 P\/L Puccini \u017ealia"},"content":{"rendered":"<p>Atraskite modern\u0173 \u017eaves\u012f, kur\u012f \u012f j\u016bs\u0173 virtuv\u0119 atne\u0161 \u201eSorento D60 P\/L 1-D\u201c apatin\u0117 virtuv\u0117s spintel\u0117 \u201ePuccini Green\u201c spalvos. Stilingas \u017ealias priekis suteikia erdvei gaivumo ir elegancijos, sukurdamas nepamir\u0161tam\u0105 kontrast\u0105 su \u201ePuccini\u201c spalvos korpusu. \u0160i unikali spalv\u0173 palet\u0117 suteikia interjerui modernumo, kartu i\u0161laikydama subtili\u0105 ir jauki\u0105 atmosfer\u0105. \u201eSorento\u201c spintel\u0117 yra ne tik esteti\u0161kai patraukli, bet, svarbiausia, funkcionali, puikiai atitinkanti kasdienius bet kurios virtuv\u0117s poreikius. Pagaminta i\u0161 patvarios laminuotos plok\u0161t\u0117s, ji u\u017etikrina ilgaam\u017ei\u0161kum\u0105 ir atsparum\u0105 pa\u017eeidimams. Puikiai suprojektuota taip, kad tilpt\u0173 svarbiausi virtuv\u0117s reikmenys, ji si\u016blo daug vietos daiktams susid\u0117ti ir padeda palaikyti tvark\u0105. Subtilios, bet eleganti\u0161kos detal\u0117s, tokios kaip juoda metalin\u0117 rankena, suteikia rafinuotumo ir stiliaus. Gerai suprojektuota rankena palengvina kasdien\u012f naudojim\u0105, o tai labai svarbu dinami\u0161kam gyvenimo b\u016bdui. Be to, modern\u016bs \u201eClip-On\u201c vyriai su \u0161velnaus u\u017edarymo funkcija paver\u010dia spintel\u0117s naudojim\u0105 tikru malonumu.<\/p>","protected":false},"excerpt":{"rendered":"<p>Plotis (cm): 60<br \/>\n\u016agis (cm): 87<br \/>\nGylis (cm): 52<\/p>","protected":false},"featured_media":160244,"comment_status":"open","ping_status":"open","template":"","meta":[],"product_brand":[],"product_cat":[9436,4106],"product_tag":[],"class_list":{"0":"post-160243","1":"product","2":"type-product","3":"status-publish","4":"has-post-thumbnail","6":"product_cat-kitchen-system-sorento","7":"product_cat-gala-meble","9":"first","10":"instock","11":"purchasable","12":"product-type-simple"},"_links":{"self":[{"href":"https:\/\/baldumarket.lt\/lt\/wp-json\/wp\/v2\/product\/160243","targetHints":{"allow":["GET"]}}],"collection":[{"href":"https:\/\/baldumarket.lt\/lt\/wp-json\/wp\/v2\/product"}],"about":[{"href":"https:\/\/baldumarket.lt\/lt\/wp-json\/wp\/v2\/types\/product"}],"replies":[{"embeddable":true,"href":"https:\/\/baldumarket.lt\/lt\/wp-json\/wp\/v2\/comments?post=160243"}],"wp:featuredmedia":[{"embeddable":true,"href":"https:\/\/baldumarket.lt\/lt\/wp-json\/wp\/v2\/media\/160244"}],"wp:attachment":[{"href":"https:\/\/baldumarket.lt\/lt\/wp-json\/wp\/v2\/media?parent=160243"}],"wp:term":[{"taxonomy":"product_brand","embeddable":true,"href":"https:\/\/baldumarket.lt\/lt\/wp-json\/wp\/v2\/product_brand?post=160243"},{"taxonomy":"product_cat","embeddable":true,"href":"https:\/\/baldumarket.lt\/lt\/wp-json\/wp\/v2\/product_cat?post=160243"},{"taxonomy":"product_tag","embeddable":true,"href":"https:\/\/baldumarket.lt\/lt\/wp-json\/wp\/v2\/product_tag?post=160243"}],"curies":[{"name":"wp","href":"https:\/\/api.w.org\/{rel}","templated":true}]}}