{"id":160238,"date":"2025-12-19T01:04:04","date_gmt":"2025-12-18T22:04:04","guid":{"rendered":"https:\/\/baldumarket.lt\/product\/szafka-kuchenna-dolna-1d-sorento-d60z-p-l-baltic-storm-bezowy-mat\/"},"modified":"2026-02-18T11:18:06","modified_gmt":"2026-02-18T08:18:06","slug":"szafka-kuchenna-dolna-1d-sorento-d60z-p-l-baltic-storm-bezowy-mat","status":"publish","type":"product","link":"https:\/\/baldumarket.lt\/lt\/product\/szafka-kuchenna-dolna-1d-sorento-d60z-p-l-baltic-storm-bezowy-mat\/","title":{"rendered":"Apatin\u0117 virtuv\u0117s spintel\u0117 1D Sorento D60Z P\/L Baltic Storm Beige Matte"},"content":{"rendered":"<p>Matin\u0117s sm\u0117lio spalvos apatin\u0117 virtuv\u0117s spintel\u0117 \u201eSorento D60Z\u201c \u2013 puikus pasirinkimas ie\u0161kantiems eleganti\u0161ko, ta\u010diau funkcionalaus virtuv\u0117s sprendimo. Stilingas, subtilaus sm\u0117lio atspalvio fasadas dera su i\u0161skirtine \u201eBaltic Storm\u201c korpuso spalva, sukurdamas i\u0161skirtinai harmoning\u0105 visum\u0105. \u0160is derinys suteikia interjerui \u0161ilumos ir klas\u0117s, puikiai papildydamas tiek modern\u0173, tiek klasikin\u012f virtuv\u0117s dizain\u0105. Auk\u0161tos kokyb\u0117s laminuota plok\u0161t\u0117 u\u017etikrina patvarum\u0105 ir atsparum\u0105 kasdieniam naudojimui. Juoda metalin\u0117 rankena suteikia elegancijos ir subtilaus kontrasto, tod\u0117l \u0161i spintel\u0117 tampa tikru dizainerio elementu j\u016bs\u0173 virtuv\u0117je. Papildomas privalumas \u2013 \u0161velnaus u\u017edarymo funkcija, u\u017etikrinanti naudojimo komfort\u0105 ir prisidedanti prie spintel\u0117s patvarumo. \u201eSorento D60Z\u201c spintel\u0117s funkcionalum\u0105 sustiprina reguliuojamos kojel\u0117s, leid\u017eian\u010dios optimaliai reguliuoti auk\u0161t\u012f pagal individualius poreikius. 15 cm auk\u0161tis u\u017etikrina stabilum\u0105, o reguliuojamas auk\u0161tis \u2013 tai u\u017euomina \u012f naudotojus, kurie vertina komfort\u0105. Tai rei\u0161kia, kad net ir nelygios grindys nesukelia problem\u0173.<\/p>","protected":false},"excerpt":{"rendered":"<p>Plotis (cm): 60<br \/>\n\u016agis (cm): 87<br \/>\nGylis (cm): 52<\/p>","protected":false},"featured_media":160239,"comment_status":"open","ping_status":"open","template":"","meta":[],"product_brand":[],"product_cat":[9436,4106],"product_tag":[],"class_list":{"0":"post-160238","1":"product","2":"type-product","3":"status-publish","4":"has-post-thumbnail","6":"product_cat-kitchen-system-sorento","7":"product_cat-gala-meble","9":"first","10":"instock","11":"purchasable","12":"product-type-simple"},"_links":{"self":[{"href":"https:\/\/baldumarket.lt\/lt\/wp-json\/wp\/v2\/product\/160238","targetHints":{"allow":["GET"]}}],"collection":[{"href":"https:\/\/baldumarket.lt\/lt\/wp-json\/wp\/v2\/product"}],"about":[{"href":"https:\/\/baldumarket.lt\/lt\/wp-json\/wp\/v2\/types\/product"}],"replies":[{"embeddable":true,"href":"https:\/\/baldumarket.lt\/lt\/wp-json\/wp\/v2\/comments?post=160238"}],"wp:featuredmedia":[{"embeddable":true,"href":"https:\/\/baldumarket.lt\/lt\/wp-json\/wp\/v2\/media\/160239"}],"wp:attachment":[{"href":"https:\/\/baldumarket.lt\/lt\/wp-json\/wp\/v2\/media?parent=160238"}],"wp:term":[{"taxonomy":"product_brand","embeddable":true,"href":"https:\/\/baldumarket.lt\/lt\/wp-json\/wp\/v2\/product_brand?post=160238"},{"taxonomy":"product_cat","embeddable":true,"href":"https:\/\/baldumarket.lt\/lt\/wp-json\/wp\/v2\/product_cat?post=160238"},{"taxonomy":"product_tag","embeddable":true,"href":"https:\/\/baldumarket.lt\/lt\/wp-json\/wp\/v2\/product_tag?post=160238"}],"curies":[{"name":"wp","href":"https:\/\/api.w.org\/{rel}","templated":true}]}}