{"id":160233,"date":"2025-12-19T01:03:54","date_gmt":"2025-12-18T22:03:54","guid":{"rendered":"https:\/\/baldumarket.lt\/product\/szafka-kuchenna-dolna-1d-sorento-d60z-p-l-baltic-storm-green\/"},"modified":"2026-02-18T11:18:06","modified_gmt":"2026-02-18T08:18:06","slug":"szafka-kuchenna-dolna-1d-sorento-d60z-p-l-baltic-storm-green","status":"publish","type":"product","link":"https:\/\/baldumarket.lt\/lt\/product\/szafka-kuchenna-dolna-1d-sorento-d60z-p-l-baltic-storm-green\/","title":{"rendered":"Apatin\u0117 virtuv\u0117s spintel\u0117 1D Sorento D60Z P\/L Baltic Storm Green"},"content":{"rendered":"<p>\u201eSorento D60Z\u201c apatin\u0117 virtuv\u0117s spintel\u0117 \u2013 puikus pasirinkimas tiems, kurie siekia suderinti modern\u0173 dizain\u0105 su funkcionalumu. Ji pasi\u017eymi eleganti\u0161ka matine \u017ealia priekine dalimi, kuri puikiai dera su \u201eBaltic Storm\u201c korpuso spalva. \u0160is unikalus kontrastas tikrai patrauks ak\u012f ir taps i\u0161skirtiniu bet kurios virtuv\u0117s bruo\u017eu. D\u0117l savo proporcij\u0173 spintel\u0117 puikiai tiks tiek didesn\u0117se, tiek ma\u017eesn\u0117se erdv\u0117se, suteikdama gaivumo ir stiliaus. Prakti\u0161kumas \u2013 dar viena \u201eSorento\u201c spintel\u0117s savyb\u0117. Reguliuojamos kojel\u0117s leid\u017eia reguliuoti spintel\u0117s auk\u0161t\u012f pagal savo poreikius, u\u017etikrinant kasdien\u012f komfort\u0105. \u0160velnaus u\u017edarymo funkcija, d\u0117ka \u201eClip-On\u201c vyri\u0173, leid\u017eia spintele naudotis tyliai ir i\u0161skirtinai skland\u017eiai \u2013 tai savyb\u0117, kuri\u0105 ypa\u010d vertina tie, kurie vertina patogius virtuv\u0117s sprendimus. Juoda metalin\u0117 rankena \u2013 unikalus akcentas, pabr\u0117\u017eiantis modern\u0173 baldo charakter\u012f. Ji esteti\u0161kai papildo bendr\u0105 dizain\u0105, o ergonomi\u0161kas dizainas u\u017etikrina saug\u0173 su\u0117mim\u0105. Tokia detal\u0117 ne tik d\u017eiugina ak\u012f, bet ir turi \u012ftakos naudojimo patogumui, kuris yra itin svarbus intensyviai naudojamuose kambariuose, tokiuose kaip virtuv\u0117.<\/p>","protected":false},"excerpt":{"rendered":"<p>Plotis (cm): 60<br \/>\n\u016agis (cm): 87<br \/>\nGylis (cm): 52<\/p>","protected":false},"featured_media":160234,"comment_status":"open","ping_status":"open","template":"","meta":[],"product_brand":[],"product_cat":[9436,4106],"product_tag":[],"class_list":{"0":"post-160233","1":"product","2":"type-product","3":"status-publish","4":"has-post-thumbnail","6":"product_cat-kitchen-system-sorento","7":"product_cat-gala-meble","9":"first","10":"instock","11":"purchasable","12":"product-type-simple"},"_links":{"self":[{"href":"https:\/\/baldumarket.lt\/lt\/wp-json\/wp\/v2\/product\/160233","targetHints":{"allow":["GET"]}}],"collection":[{"href":"https:\/\/baldumarket.lt\/lt\/wp-json\/wp\/v2\/product"}],"about":[{"href":"https:\/\/baldumarket.lt\/lt\/wp-json\/wp\/v2\/types\/product"}],"replies":[{"embeddable":true,"href":"https:\/\/baldumarket.lt\/lt\/wp-json\/wp\/v2\/comments?post=160233"}],"wp:featuredmedia":[{"embeddable":true,"href":"https:\/\/baldumarket.lt\/lt\/wp-json\/wp\/v2\/media\/160234"}],"wp:attachment":[{"href":"https:\/\/baldumarket.lt\/lt\/wp-json\/wp\/v2\/media?parent=160233"}],"wp:term":[{"taxonomy":"product_brand","embeddable":true,"href":"https:\/\/baldumarket.lt\/lt\/wp-json\/wp\/v2\/product_brand?post=160233"},{"taxonomy":"product_cat","embeddable":true,"href":"https:\/\/baldumarket.lt\/lt\/wp-json\/wp\/v2\/product_cat?post=160233"},{"taxonomy":"product_tag","embeddable":true,"href":"https:\/\/baldumarket.lt\/lt\/wp-json\/wp\/v2\/product_tag?post=160233"}],"curies":[{"name":"wp","href":"https:\/\/api.w.org\/{rel}","templated":true}]}}