{"id":160228,"date":"2025-12-19T01:03:45","date_gmt":"2025-12-18T22:03:45","guid":{"rendered":"https:\/\/baldumarket.lt\/product\/szafka-kuchenna-dolna-1d-sorento-d60z-p-l-bialy-green\/"},"modified":"2026-02-18T11:18:06","modified_gmt":"2026-02-18T08:18:06","slug":"szafka-kuchenna-dolna-1d-sorento-d60z-p-l-bialy-green","status":"publish","type":"product","link":"https:\/\/baldumarket.lt\/lt\/product\/szafka-kuchenna-dolna-1d-sorento-d60z-p-l-bialy-green\/","title":{"rendered":"Apatin\u0117 virtuv\u0117s spintel\u0117 1D Sorento D60Z P\/L balta \u017ealia"},"content":{"rendered":"<p>Atraskite unikal\u0173 savo virtuv\u0117s \u017eaves\u012f su \u201eSorento 1-D Base\u201c virtuv\u0117s spintele, kuri puikiai derina modern\u0173 dizain\u0105 ir funkcionalum\u0105. Jos matin\u0117s \u017ealios spalvos priekis tikrai patrauks ak\u012f ir padarys j\u016bs\u0173 interjer\u0105 dar stilingesn\u012f. Eleganti\u0161kai derinama su matin\u0117s baltos spalvos korpusu, \u0161i spintel\u0117 suteiks j\u016bs\u0173 virtuvei gaivumo ir harmonijos, puikiai atitikdama naujausias interjero dizaino tendencijas. Ne tik estetika, bet ir prakti\u0161kumas daro \u0161\u012f bald\u0105 puikiu pasirinkimu. Auk\u0161tos, 15 cm reguliuojamo auk\u0161\u010dio kojel\u0117s pakelia spintel\u0119, o tai ne tik palengvina valym\u0105, bet ir suteikia jai eleganti\u0161kos i\u0161vaizdos. D\u0117l 18 mm storio laminuotos plok\u0161t\u0117s naudojimo spintel\u0117 yra labai atspari pa\u017eeidimams, garantuojanti jos patvarum\u0105 ir puiki\u0105 b\u016bkl\u0119 daugel\u012f met\u0173. Dar vienas \u201eSorento\u201c spintel\u0117s privalumas \u2013 tylus veikimas. \u012erengtas moderniais \u201eClip-On\u201c vyriais, \u0161velnaus u\u017edarymo mechanizmas leid\u017eia beveik begarsiai u\u017edaryti dureles. Tai puikus sprendimas \u017emon\u0117ms, kurie vertina ramyb\u0119 ir tyl\u0105 virtuv\u0117je, ypa\u010d rytais, kai kiekvienas garsas atrodo garsesnis.<\/p>","protected":false},"excerpt":{"rendered":"<p>Plotis (cm): 60<br \/>\n\u016agis (cm): 87<br \/>\nGylis (cm): 52<\/p>","protected":false},"featured_media":160229,"comment_status":"open","ping_status":"open","template":"","meta":[],"product_brand":[],"product_cat":[9436,4106],"product_tag":[],"class_list":{"0":"post-160228","1":"product","2":"type-product","3":"status-publish","4":"has-post-thumbnail","6":"product_cat-kitchen-system-sorento","7":"product_cat-gala-meble","9":"first","10":"instock","11":"purchasable","12":"product-type-simple"},"_links":{"self":[{"href":"https:\/\/baldumarket.lt\/lt\/wp-json\/wp\/v2\/product\/160228","targetHints":{"allow":["GET"]}}],"collection":[{"href":"https:\/\/baldumarket.lt\/lt\/wp-json\/wp\/v2\/product"}],"about":[{"href":"https:\/\/baldumarket.lt\/lt\/wp-json\/wp\/v2\/types\/product"}],"replies":[{"embeddable":true,"href":"https:\/\/baldumarket.lt\/lt\/wp-json\/wp\/v2\/comments?post=160228"}],"wp:featuredmedia":[{"embeddable":true,"href":"https:\/\/baldumarket.lt\/lt\/wp-json\/wp\/v2\/media\/160229"}],"wp:attachment":[{"href":"https:\/\/baldumarket.lt\/lt\/wp-json\/wp\/v2\/media?parent=160228"}],"wp:term":[{"taxonomy":"product_brand","embeddable":true,"href":"https:\/\/baldumarket.lt\/lt\/wp-json\/wp\/v2\/product_brand?post=160228"},{"taxonomy":"product_cat","embeddable":true,"href":"https:\/\/baldumarket.lt\/lt\/wp-json\/wp\/v2\/product_cat?post=160228"},{"taxonomy":"product_tag","embeddable":true,"href":"https:\/\/baldumarket.lt\/lt\/wp-json\/wp\/v2\/product_tag?post=160228"}],"curies":[{"name":"wp","href":"https:\/\/api.w.org\/{rel}","templated":true}]}}