{"id":160222,"date":"2025-12-19T01:03:32","date_gmt":"2025-12-18T22:03:32","guid":{"rendered":"https:\/\/baldumarket.lt\/product\/szafka-kuchenna-dolna-1d-sorento-d60z-p-l-bialy-mat\/"},"modified":"2026-02-18T11:18:06","modified_gmt":"2026-02-18T08:18:06","slug":"szafka-kuchenna-dolna-1d-sorento-d60z-p-l-bialy-mat","status":"publish","type":"product","link":"https:\/\/baldumarket.lt\/lt\/product\/szafka-kuchenna-dolna-1d-sorento-d60z-p-l-bialy-mat\/","title":{"rendered":"Apatin\u0117 virtuv\u0117s spintel\u0117 1D Sorento D60Z P\/L matin\u0117 balta"},"content":{"rendered":"<p>Suteikite savo virtuvei elegancijos ir funkcionalumo su stilinga matin\u0117s baltos spalvos \u201eSorento D60Z\u201c virtuv\u0117s spintele. \u0160is baldas ne tik subtiliu dizainu papuo\u0161 j\u016bs\u0173 interjer\u0105, bet ir suteiks prakti\u0161k\u0105 viet\u0105 kasdieniams virtuv\u0117s reikmenims laikyti. Balta priekin\u0117 dalis, pagaminta i\u0161 auk\u0161tos kokyb\u0117s MDF plok\u0161t\u0117s, harmoningai dera su laminuotu korpusu, sukurdama eleganti\u0161k\u0105 fon\u0105 bet kokiam virtuv\u0117s dizainui. Jei ie\u0161kote bald\u0173, kurie pary\u0161kint\u0173 modern\u0173 j\u016bs\u0173 nam\u0173 dizain\u0105, \u201eSorento\u201c spintel\u0117 yra puikus pasirinkimas. Aukso spalvos metalin\u0117s rankenos suteikia prabangos i\u0161vaizd\u0105 ir u\u017etikrina patog\u0173 naudojim\u0105. D\u0117l kompakti\u0161k\u0173 matmen\u0173 spintel\u0117 puikiai tinka ir ma\u017eesn\u0117se erdv\u0117se, palikdama unikali\u0105 stiling\u0105 i\u0161vaizd\u0105. Funkcionalumas yra neatsiejama \u201eSorento\u201c spintel\u0117s dalis. D\u0117l reguliuojam\u0173 kojeli\u0173 galite reguliuoti auk\u0161t\u012f pagal savo poreikius, tod\u0117l spintel\u0117 puikiai tinka \u012fvairiems grind\u0173 tipams ir u\u017etikrina stabilum\u0105. Spintel\u0117s \u0161velnaus u\u017edarymo \u201eClip-On\u201c vyri\u0173 sistema yra sprendimas, atitinkantis naujausias tendencijas, tod\u0117l spintele naudotis dar patogiau.<\/p>","protected":false},"excerpt":{"rendered":"<p>Plotis (cm): 60<br \/>\n\u016agis (cm): 87<br \/>\nGylis (cm): 52<\/p>","protected":false},"featured_media":160223,"comment_status":"open","ping_status":"open","template":"","meta":[],"product_brand":[],"product_cat":[9436,4106],"product_tag":[],"class_list":{"0":"post-160222","1":"product","2":"type-product","3":"status-publish","4":"has-post-thumbnail","6":"product_cat-kitchen-system-sorento","7":"product_cat-gala-meble","9":"first","10":"instock","11":"purchasable","12":"product-type-simple"},"_links":{"self":[{"href":"https:\/\/baldumarket.lt\/lt\/wp-json\/wp\/v2\/product\/160222","targetHints":{"allow":["GET"]}}],"collection":[{"href":"https:\/\/baldumarket.lt\/lt\/wp-json\/wp\/v2\/product"}],"about":[{"href":"https:\/\/baldumarket.lt\/lt\/wp-json\/wp\/v2\/types\/product"}],"replies":[{"embeddable":true,"href":"https:\/\/baldumarket.lt\/lt\/wp-json\/wp\/v2\/comments?post=160222"}],"wp:featuredmedia":[{"embeddable":true,"href":"https:\/\/baldumarket.lt\/lt\/wp-json\/wp\/v2\/media\/160223"}],"wp:attachment":[{"href":"https:\/\/baldumarket.lt\/lt\/wp-json\/wp\/v2\/media?parent=160222"}],"wp:term":[{"taxonomy":"product_brand","embeddable":true,"href":"https:\/\/baldumarket.lt\/lt\/wp-json\/wp\/v2\/product_brand?post=160222"},{"taxonomy":"product_cat","embeddable":true,"href":"https:\/\/baldumarket.lt\/lt\/wp-json\/wp\/v2\/product_cat?post=160222"},{"taxonomy":"product_tag","embeddable":true,"href":"https:\/\/baldumarket.lt\/lt\/wp-json\/wp\/v2\/product_tag?post=160222"}],"curies":[{"name":"wp","href":"https:\/\/api.w.org\/{rel}","templated":true}]}}