{"id":160217,"date":"2025-12-19T01:03:22","date_gmt":"2025-12-18T22:03:22","guid":{"rendered":"https:\/\/baldumarket.lt\/product\/szafka-kuchenna-dolna-1d-sorento-d60z-p-l-bialy-mat-bezowy-mat\/"},"modified":"2026-02-18T11:18:06","modified_gmt":"2026-02-18T08:18:06","slug":"szafka-kuchenna-dolna-1d-sorento-d60z-p-l-bialy-mat-bezowy-mat","status":"publish","type":"product","link":"https:\/\/baldumarket.lt\/lt\/product\/szafka-kuchenna-dolna-1d-sorento-d60z-p-l-bialy-mat-bezowy-mat\/","title":{"rendered":"Apatin\u0117 virtuv\u0117s spintel\u0117 1D Sorento D60Z P\/L matin\u0117 balta matin\u0117 sm\u0117lio spalvos"},"content":{"rendered":"<p>Atraskite elegancij\u0105 ir funkcionalum\u0105 viename su \u201eSorento D60Z\u201c apatine virtuv\u0117s spintele. \u0160is modernus baldas, si\u016blomas subtilaus sm\u0117lio ir matin\u0117s baltos spalv\u0173 derinio, puikiai dera prie \u0161iuolaikini\u0173 dizaino tendencij\u0173. Minimalistin\u0117s i\u0161vaizdos spintel\u0117 puikiai papildys bet kok\u012f virtuv\u0117s interjer\u0105, suteikdama jam stiling\u0105 akcent\u0105. \u201eSorento\u201c spintel\u0119 i\u0161skirtine daro ne tik i\u0161vaizda. Sukurta galvojant apie kasdien\u012f naudojim\u0105, auk\u0161tos kokyb\u0117s laminuotos plok\u0161t\u0117s u\u017etikrina ne tik estetin\u012f patrauklum\u0105, bet ir patvarum\u0105 bei atsparum\u0105 pa\u017eeidimams. Matin\u0117s sm\u0117lio spalvos priekin\u0117 dalis dera su baltu korpusu, sukurdama darni\u0105 ir eleganti\u0161k\u0105 kompozicij\u0105. D\u0117l moderni\u0173 sprendim\u0173, toki\u0173 kaip \u201eClip-On\u201c vyriai su \u0161velnaus u\u017edarymo mechanizmu, spintel\u0117s naudojimas yra grynas malonumas. Kiekvienas u\u017edarymas yra tylus ir \u0161velnus, tod\u0117l padid\u0117ja komfortas ir pa\u0161alinamas triuk\u0161mas, kuris da\u017enai gali b\u016bti problema judrioje virtuv\u0117je. Tuo tarpu juoda metalin\u0117 rankena suteikia subtilios elegancijos ir stiliaus.<\/p>","protected":false},"excerpt":{"rendered":"<p>Plotis (cm): 60<br \/>\n\u016agis (cm): 87<br \/>\nGylis (cm): 52<\/p>","protected":false},"featured_media":160218,"comment_status":"open","ping_status":"open","template":"","meta":[],"product_brand":[],"product_cat":[9436,4106],"product_tag":[],"class_list":{"0":"post-160217","1":"product","2":"type-product","3":"status-publish","4":"has-post-thumbnail","6":"product_cat-kitchen-system-sorento","7":"product_cat-gala-meble","9":"first","10":"instock","11":"purchasable","12":"product-type-simple"},"_links":{"self":[{"href":"https:\/\/baldumarket.lt\/lt\/wp-json\/wp\/v2\/product\/160217","targetHints":{"allow":["GET"]}}],"collection":[{"href":"https:\/\/baldumarket.lt\/lt\/wp-json\/wp\/v2\/product"}],"about":[{"href":"https:\/\/baldumarket.lt\/lt\/wp-json\/wp\/v2\/types\/product"}],"replies":[{"embeddable":true,"href":"https:\/\/baldumarket.lt\/lt\/wp-json\/wp\/v2\/comments?post=160217"}],"wp:featuredmedia":[{"embeddable":true,"href":"https:\/\/baldumarket.lt\/lt\/wp-json\/wp\/v2\/media\/160218"}],"wp:attachment":[{"href":"https:\/\/baldumarket.lt\/lt\/wp-json\/wp\/v2\/media?parent=160217"}],"wp:term":[{"taxonomy":"product_brand","embeddable":true,"href":"https:\/\/baldumarket.lt\/lt\/wp-json\/wp\/v2\/product_brand?post=160217"},{"taxonomy":"product_cat","embeddable":true,"href":"https:\/\/baldumarket.lt\/lt\/wp-json\/wp\/v2\/product_cat?post=160217"},{"taxonomy":"product_tag","embeddable":true,"href":"https:\/\/baldumarket.lt\/lt\/wp-json\/wp\/v2\/product_tag?post=160217"}],"curies":[{"name":"wp","href":"https:\/\/api.w.org\/{rel}","templated":true}]}}