{"id":160212,"date":"2025-12-19T01:03:12","date_gmt":"2025-12-18T22:03:12","guid":{"rendered":"https:\/\/baldumarket.lt\/product\/szafka-kuchenna-dolna-1d-sorento-d60z-p-l-bialy-mat-puccini\/"},"modified":"2026-02-18T11:17:51","modified_gmt":"2026-02-18T08:17:51","slug":"szafka-kuchenna-dolna-1d-sorento-d60z-p-l-bialy-mat-puccini","status":"publish","type":"product","link":"https:\/\/baldumarket.lt\/lt\/product\/szafka-kuchenna-dolna-1d-sorento-d60z-p-l-bialy-mat-puccini\/","title":{"rendered":"Apatin\u0117 virtuv\u0117s spintel\u0117 1D Sorento D60Z P\/L matin\u0117s baltos spalvos Puccini"},"content":{"rendered":"<p>Apatin\u0117 virtuv\u0117s spintel\u0117 \u201eSorento D60Z\u201c \u2013 puikus pasirinkimas tiems, kurie savo virtuv\u0117je ie\u0161ko subtilios elegancijos. \u201ePuccini\u201c spalv\u0173 gama ir matin\u0117 balta spalva sukuria harmoning\u0105 derin\u012f, kuris traukia ak\u012f ir sukuria tvarkos poj\u016bt\u012f. Unikali spintel\u0117s i\u0161vaizda \u2013 tai tikslaus klasikinio stiliaus ir modernumo derinio rezultatas. Puikiai tinka minimalistinio, ta\u010diau ry\u0161kaus dizaino, kuris niekada nei\u0161eina i\u0161 mados, m\u0117g\u0117jams. Prakti\u0161ki \u201eSorento D60Z\u201c spintel\u0117s aspektai puikiai tinka kasdieniam maisto gaminimui. Reguliuojamos kojel\u0117s u\u017etikrina stabilum\u0105 ir leid\u017eia reguliuoti auk\u0161t\u012f pagal individualius poreikius. Tai leid\u017eia spintelei prisitaikyti net prie nelygi\u0173 virtuv\u0117s pavir\u0161i\u0173, o tai labai svarbu patogumui. \u0160is sprendimas skirtas supaprastinti kasdien\u012f gyvenim\u0105. I\u0161 \u201ePuccini\u201c spalvos laminuotos plok\u0161t\u0117s pagaminti fasadai garantuoja patvarum\u0105 ir yra atspar\u016bs kasdieniam d\u0117v\u0117jimuisi. Juoda metalin\u0117 rankena suteikia elegancijos ir yra patogi naudoti. Tai detal\u0117s, kurios i\u0161skiria j\u016bs\u0173 virtuv\u0117s stili\u0173 ir u\u017etikrina komfort\u0105 ruo\u0161iant maist\u0105 ar tvarkantis patalpas.<\/p>","protected":false},"excerpt":{"rendered":"<p>Plotis (cm): 60<br \/>\n\u016agis (cm): 87<br \/>\nGylis (cm): 52<\/p>","protected":false},"featured_media":160213,"comment_status":"open","ping_status":"open","template":"","meta":[],"product_brand":[],"product_cat":[9436,4106],"product_tag":[],"class_list":{"0":"post-160212","1":"product","2":"type-product","3":"status-publish","4":"has-post-thumbnail","6":"product_cat-kitchen-system-sorento","7":"product_cat-gala-meble","9":"first","10":"instock","11":"purchasable","12":"product-type-simple"},"_links":{"self":[{"href":"https:\/\/baldumarket.lt\/lt\/wp-json\/wp\/v2\/product\/160212","targetHints":{"allow":["GET"]}}],"collection":[{"href":"https:\/\/baldumarket.lt\/lt\/wp-json\/wp\/v2\/product"}],"about":[{"href":"https:\/\/baldumarket.lt\/lt\/wp-json\/wp\/v2\/types\/product"}],"replies":[{"embeddable":true,"href":"https:\/\/baldumarket.lt\/lt\/wp-json\/wp\/v2\/comments?post=160212"}],"wp:featuredmedia":[{"embeddable":true,"href":"https:\/\/baldumarket.lt\/lt\/wp-json\/wp\/v2\/media\/160213"}],"wp:attachment":[{"href":"https:\/\/baldumarket.lt\/lt\/wp-json\/wp\/v2\/media?parent=160212"}],"wp:term":[{"taxonomy":"product_brand","embeddable":true,"href":"https:\/\/baldumarket.lt\/lt\/wp-json\/wp\/v2\/product_brand?post=160212"},{"taxonomy":"product_cat","embeddable":true,"href":"https:\/\/baldumarket.lt\/lt\/wp-json\/wp\/v2\/product_cat?post=160212"},{"taxonomy":"product_tag","embeddable":true,"href":"https:\/\/baldumarket.lt\/lt\/wp-json\/wp\/v2\/product_tag?post=160212"}],"curies":[{"name":"wp","href":"https:\/\/api.w.org\/{rel}","templated":true}]}}