{"id":160207,"date":"2025-12-19T01:03:01","date_gmt":"2025-12-18T22:03:01","guid":{"rendered":"https:\/\/baldumarket.lt\/product\/szafka-kuchenna-dolna-1d-sorento-d60z-p-l-puccini\/"},"modified":"2026-02-18T11:17:51","modified_gmt":"2026-02-18T08:17:51","slug":"szafka-kuchenna-dolna-1d-sorento-d60z-p-l-puccini","status":"publish","type":"product","link":"https:\/\/baldumarket.lt\/lt\/product\/szafka-kuchenna-dolna-1d-sorento-d60z-p-l-puccini\/","title":{"rendered":"Apatin\u0117 virtuv\u0117s spintel\u0117 1D Sorento D60Z P\/L Puccini"},"content":{"rendered":"<p>Suteikite savo virtuvei \u017eavesio su eleganti\u0161ka \u201eGa\u0142a Meble\u201c apatine \u201eSorento D60Z\u201c virtuv\u0117s spintele. Jos modernus stilius puikiai dera su prakti\u0161kumu, tod\u0117l tai puikus sprendimas moderniam interjerui. Priekini\u0173 dali\u0173 ir korpuso \u201ePuccini\u201c spalva sukuria harmoning\u0105 visum\u0105, suteikdama kambariui subtilios elegancijos ir modernumo. Pasirinkdami \u0161i\u0105 spintel\u0119, investuojate \u012f bald\u0105, kuris yra ne tik funkcionalus, bet ir esteti\u0161kai patrauklus. Minimalistinis dizainas lengvai dera su kitais interjero elementais. Juoda metalin\u0117 rankena suteikia charakterio, sukurdama subtil\u0173 kontrast\u0105 su \u0161iltu \u201ePuccini\u201c atspalviu. Reguliuojamos kojel\u0117s leid\u017eia reguliuoti spintel\u0117s auk\u0161t\u012f pagal savo poreikius, suteikiant lankstumo planuojant erdv\u0119. \u0160i spintel\u0117 ne tik patenkins j\u016bs\u0173 daikt\u0173 laikymo poreikius, bet ir pabr\u0117\u0161 rafinuot\u0105 j\u016bs\u0173 virtuv\u0117s skon\u012f bei stili\u0173. \u0160ios spintel\u0117s funkcionalumas toks pat \u012fsp\u016bdingas, kaip ir jos i\u0161vaizda. D\u0117l \u201eClip-On\u201c vyri\u0173 su \u0161velnaus u\u017edarymo funkcija ja naudotis tampa tikru malonumu. Lengvai atidarykite ir u\u017edarykite dureles be triuk\u0161mo ar \u012fbr\u0117\u017eim\u0173 rizikos, o tai ypa\u010d svarbu judrioje virtuv\u0117je. \u201eSorento\u201c spintel\u0117 derina patvarum\u0105 ir modern\u0173 komfort\u0105.<\/p>","protected":false},"excerpt":{"rendered":"<p>Plotis (cm): 60<br \/>\n\u016agis (cm): 87<br \/>\nGylis (cm): 52<\/p>","protected":false},"featured_media":160208,"comment_status":"open","ping_status":"open","template":"","meta":[],"product_brand":[],"product_cat":[9436,4106],"product_tag":[],"class_list":{"0":"post-160207","1":"product","2":"type-product","3":"status-publish","4":"has-post-thumbnail","6":"product_cat-kitchen-system-sorento","7":"product_cat-gala-meble","9":"first","10":"instock","11":"purchasable","12":"product-type-simple"},"_links":{"self":[{"href":"https:\/\/baldumarket.lt\/lt\/wp-json\/wp\/v2\/product\/160207","targetHints":{"allow":["GET"]}}],"collection":[{"href":"https:\/\/baldumarket.lt\/lt\/wp-json\/wp\/v2\/product"}],"about":[{"href":"https:\/\/baldumarket.lt\/lt\/wp-json\/wp\/v2\/types\/product"}],"replies":[{"embeddable":true,"href":"https:\/\/baldumarket.lt\/lt\/wp-json\/wp\/v2\/comments?post=160207"}],"wp:featuredmedia":[{"embeddable":true,"href":"https:\/\/baldumarket.lt\/lt\/wp-json\/wp\/v2\/media\/160208"}],"wp:attachment":[{"href":"https:\/\/baldumarket.lt\/lt\/wp-json\/wp\/v2\/media?parent=160207"}],"wp:term":[{"taxonomy":"product_brand","embeddable":true,"href":"https:\/\/baldumarket.lt\/lt\/wp-json\/wp\/v2\/product_brand?post=160207"},{"taxonomy":"product_cat","embeddable":true,"href":"https:\/\/baldumarket.lt\/lt\/wp-json\/wp\/v2\/product_cat?post=160207"},{"taxonomy":"product_tag","embeddable":true,"href":"https:\/\/baldumarket.lt\/lt\/wp-json\/wp\/v2\/product_tag?post=160207"}],"curies":[{"name":"wp","href":"https:\/\/api.w.org\/{rel}","templated":true}]}}