{"id":160202,"date":"2025-12-19T01:02:51","date_gmt":"2025-12-18T22:02:51","guid":{"rendered":"https:\/\/baldumarket.lt\/product\/szafka-kuchenna-dolna-1d-sorento-d60z-p-l-puccini-bezowy-mat\/"},"modified":"2026-02-18T11:17:51","modified_gmt":"2026-02-18T08:17:51","slug":"szafka-kuchenna-dolna-1d-sorento-d60z-p-l-puccini-bezowy-mat","status":"publish","type":"product","link":"https:\/\/baldumarket.lt\/lt\/product\/szafka-kuchenna-dolna-1d-sorento-d60z-p-l-puccini-bezowy-mat\/","title":{"rendered":"Apatin\u0117 virtuv\u0117s spintel\u0117 1D Sorento D60Z P\/L Puccini matin\u0117s sm\u0117lio spalvos"},"content":{"rendered":"<p>Atraskite magi\u0161k\u0105 virtuv\u0117s dizaino pasaul\u012f su eleganti\u0161ka matin\u0117s sm\u0117lio spalvos apdaila pasi\u017eymin\u010dia \u201eSorento D60Z\u201c apatine spintele. \u0160i gra\u017ei spintel\u0117 taps nepakei\u010diamu j\u016bs\u0173 virtuv\u0117s elementu, derinan\u010diu modern\u0173 stili\u0173 su auk\u0161\u010diausio lygio funkcionalumu. Matin\u0117s sm\u0117lio spalvos priekis pasi\u017eymi subtilia elegancija, sukurdamas jauki\u0105 ir harmoning\u0105 atmosfer\u0105. \u201eSorento\u201c apatin\u0117 spintel\u0117 \u017eavi ne tik savo i\u0161vaizda, bet ir prakti\u0161kumu. Erdviame dizaine lengvai tilps visi b\u016btini virtuv\u0117s reikmenys, tod\u0117l maisto gaminimas taps tikru malonumu. Puccini spalvos korpusas suteikia rafinuoto \u017eavesio, o tvirtos, reguliuojamos kojel\u0117s u\u017etikrina stabilum\u0105 ir leid\u017eia reguliuoti auk\u0161t\u012f pagal savo poreikius. Juoda metalin\u0117 rankena i\u0161rei\u0161kia elegancij\u0105 ir ilgaam\u017ei\u0161kum\u0105, puikiai papildydama likusi\u0105 spintel\u0117s dal\u012f. Ji leid\u017eia patogiai atidaryti ir u\u017edaryti spintel\u0117s dureles, u\u017etikrinant komfort\u0105 kasdien naudojantis. Tyl\u016bs \u201eClip-On\u201c vyriai yra sprendimas, kur\u012f vertina visi, m\u0117gstantys ramyb\u0119 ir harmonij\u0105 savo namuose. J\u0173 \u0161velnaus u\u017edarymo funkcija pa\u0161alina girg\u017ed\u0117jim\u0105, suteikdama interjerui ne\u012ftik\u0117tino subtilumo.<\/p>","protected":false},"excerpt":{"rendered":"<p>Plotis (cm): 60<br \/>\n\u016agis (cm): 87<br \/>\nGylis (cm): 52<\/p>","protected":false},"featured_media":160203,"comment_status":"open","ping_status":"open","template":"","meta":[],"product_brand":[],"product_cat":[9436,4106],"product_tag":[],"class_list":{"0":"post-160202","1":"product","2":"type-product","3":"status-publish","4":"has-post-thumbnail","6":"product_cat-kitchen-system-sorento","7":"product_cat-gala-meble","9":"first","10":"instock","11":"purchasable","12":"product-type-simple"},"_links":{"self":[{"href":"https:\/\/baldumarket.lt\/lt\/wp-json\/wp\/v2\/product\/160202","targetHints":{"allow":["GET"]}}],"collection":[{"href":"https:\/\/baldumarket.lt\/lt\/wp-json\/wp\/v2\/product"}],"about":[{"href":"https:\/\/baldumarket.lt\/lt\/wp-json\/wp\/v2\/types\/product"}],"replies":[{"embeddable":true,"href":"https:\/\/baldumarket.lt\/lt\/wp-json\/wp\/v2\/comments?post=160202"}],"wp:featuredmedia":[{"embeddable":true,"href":"https:\/\/baldumarket.lt\/lt\/wp-json\/wp\/v2\/media\/160203"}],"wp:attachment":[{"href":"https:\/\/baldumarket.lt\/lt\/wp-json\/wp\/v2\/media?parent=160202"}],"wp:term":[{"taxonomy":"product_brand","embeddable":true,"href":"https:\/\/baldumarket.lt\/lt\/wp-json\/wp\/v2\/product_brand?post=160202"},{"taxonomy":"product_cat","embeddable":true,"href":"https:\/\/baldumarket.lt\/lt\/wp-json\/wp\/v2\/product_cat?post=160202"},{"taxonomy":"product_tag","embeddable":true,"href":"https:\/\/baldumarket.lt\/lt\/wp-json\/wp\/v2\/product_tag?post=160202"}],"curies":[{"name":"wp","href":"https:\/\/api.w.org\/{rel}","templated":true}]}}