{"id":160197,"date":"2025-12-19T01:02:40","date_gmt":"2025-12-18T22:02:40","guid":{"rendered":"https:\/\/baldumarket.lt\/product\/szafka-kuchenna-dolna-1d-sorento-d60z-p-l-puccini-bialy-mat-ramka\/"},"modified":"2026-02-18T11:17:51","modified_gmt":"2026-02-18T08:17:51","slug":"szafka-kuchenna-dolna-1d-sorento-d60z-p-l-puccini-bialy-mat-ramka","status":"publish","type":"product","link":"https:\/\/baldumarket.lt\/lt\/product\/szafka-kuchenna-dolna-1d-sorento-d60z-p-l-puccini-bialy-mat-ramka\/","title":{"rendered":"Apatin\u0117 virtuv\u0117s spintel\u0117 1D Sorento D60Z P\/L Puccini matin\u0117s baltos spalvos r\u0117meliu"},"content":{"rendered":"<p>Apatin\u0117 virtuv\u0117s spintel\u0117 \u201eSorento D60Z\u201c derina elegancij\u0105 ir funkcionalum\u0105, patenkindama daugelio dizaino entuziast\u0173 poreikius. Jos matin\u0117 balta priekin\u0117 dalis yra nesenstanti klasika, suteikianti subtilios estetikos ir gaivumo bet kokiam interjerui. MDF \u2013 tai med\u017eiaga, kuri ne tik atrodo i\u0161skirtinai, bet ir garantuoja ilgalaik\u012f patvarum\u0105. Puccini spalvos korpusas kontrastuoja su \u0161viesia priekine dalimi, sukurdamas harmoning\u0105 visum\u0105, kuri papildys bet kuri\u0105 virtuv\u0119. Eleganti\u0161ko dizaino ir universalumo derinys daro \u0161i\u0105 spintel\u0119 idealiu pasirinkimu tiek moderniam, tiek tradiciniam interjerui. Auksin\u0117 metalin\u0117 rankena suteikia rafinuotumo. Ta\u010diau patraukli i\u0161vaizda \u2013 tai dar ne viskas, k\u0105 ji gali pasi\u016blyti. \u201eSorento\u201c spintel\u0117 si\u016blo prakti\u0161kus sprendimus, kurie supaprastina kasdien\u012f gyvenim\u0105 virtuv\u0117je. D\u0117l tyli\u0173 \u201eClip-On\u201c vyri\u0173 kiekvienos durel\u0117s u\u017esidaro diskreti\u0161kai ir be nereikalingo triuk\u0161mo \u2013 tai savyb\u0117, kuri\u0105 ypa\u010d vertina tie, kurie vertina ramyb\u0119 ir tyl\u0105 namuose.<\/p>","protected":false},"excerpt":{"rendered":"<p>Plotis (cm): 60<br \/>\n\u016agis (cm): 87<br \/>\nGylis (cm): 52<\/p>","protected":false},"featured_media":160198,"comment_status":"open","ping_status":"open","template":"","meta":[],"product_brand":[],"product_cat":[9436,4106],"product_tag":[],"class_list":{"0":"post-160197","1":"product","2":"type-product","3":"status-publish","4":"has-post-thumbnail","6":"product_cat-kitchen-system-sorento","7":"product_cat-gala-meble","9":"first","10":"instock","11":"purchasable","12":"product-type-simple"},"_links":{"self":[{"href":"https:\/\/baldumarket.lt\/lt\/wp-json\/wp\/v2\/product\/160197","targetHints":{"allow":["GET"]}}],"collection":[{"href":"https:\/\/baldumarket.lt\/lt\/wp-json\/wp\/v2\/product"}],"about":[{"href":"https:\/\/baldumarket.lt\/lt\/wp-json\/wp\/v2\/types\/product"}],"replies":[{"embeddable":true,"href":"https:\/\/baldumarket.lt\/lt\/wp-json\/wp\/v2\/comments?post=160197"}],"wp:featuredmedia":[{"embeddable":true,"href":"https:\/\/baldumarket.lt\/lt\/wp-json\/wp\/v2\/media\/160198"}],"wp:attachment":[{"href":"https:\/\/baldumarket.lt\/lt\/wp-json\/wp\/v2\/media?parent=160197"}],"wp:term":[{"taxonomy":"product_brand","embeddable":true,"href":"https:\/\/baldumarket.lt\/lt\/wp-json\/wp\/v2\/product_brand?post=160197"},{"taxonomy":"product_cat","embeddable":true,"href":"https:\/\/baldumarket.lt\/lt\/wp-json\/wp\/v2\/product_cat?post=160197"},{"taxonomy":"product_tag","embeddable":true,"href":"https:\/\/baldumarket.lt\/lt\/wp-json\/wp\/v2\/product_tag?post=160197"}],"curies":[{"name":"wp","href":"https:\/\/api.w.org\/{rel}","templated":true}]}}