{"id":160192,"date":"2025-12-19T01:02:27","date_gmt":"2025-12-18T22:02:27","guid":{"rendered":"https:\/\/baldumarket.lt\/product\/szafka-kuchenna-dolna-1d-sorento-d60z-p-l-puccini-green\/"},"modified":"2026-02-18T11:17:51","modified_gmt":"2026-02-18T08:17:51","slug":"szafka-kuchenna-dolna-1d-sorento-d60z-p-l-puccini-green","status":"publish","type":"product","link":"https:\/\/baldumarket.lt\/lt\/product\/szafka-kuchenna-dolna-1d-sorento-d60z-p-l-puccini-green\/","title":{"rendered":"Apatin\u0117 virtuv\u0117s spintel\u0117 1D Sorento D60Z P\/L Puccini \u017ealia"},"content":{"rendered":"<p>Pakeiskite savo virtuv\u0119 su unikalios \u201ePuccini Green\u201c spalvos apatine virtuv\u0117s spintele \u201eSorento D60Z\u201c. \u0160i eleganti\u0161ka \u201eGa\u0142a Meble\u201c spintel\u0117, pasi\u017eyminti unikaliu \u017ealiu atspalviu, suteiks j\u016bs\u0173 virtuv\u0117s erdvei gaivumo ir modernumo. Spalv\u0173 harmonija sukuria \u0161ilumos ir jaukumo poj\u016bt\u012f, tod\u0117l virtuv\u0117 taps vieta, kurioje nor\u0117site praleisti laik\u0105. \u201eSorento\u201c spintel\u0117 sukurta atsi\u017evelgiant \u012f kasdien\u012f naudojim\u0105 ir ilgaam\u017ei\u0161kum\u0105. Kontrastinga juoda metalin\u0117 rankena ne tik pagerina jos stili\u0173, bet ir u\u017etikrina patog\u0173 naudojim\u0105. Visi \u0161ios spintel\u0117s elementai puikiai dera tarpusavyje, sukurdami auk\u0161tos estetin\u0117s vert\u0117s komplekt\u0105. D\u0117l reguliuojam\u0173 kojeli\u0173 galite reguliuoti spintel\u0117s auk\u0161t\u012f pagal savo poreikius, o tai \u017eymiai supaprastina montavim\u0105 ir u\u017etikrina stabili\u0105 pad\u0117t\u012f. \u0160io sprendimo teikiamas funkcionalumas paver\u010dia j\u012f prakti\u0161ku ir universaliu baldu bet kuriai virtuvei. Jums nereikia r\u016bpintis surinkimu, nes ji sukurta taip, kad b\u016bt\u0173 lengva surinkti patiems.<\/p>","protected":false},"excerpt":{"rendered":"<p>Plotis (cm): 60<br \/>\n\u016agis (cm): 87<br \/>\nGylis (cm): 52<\/p>","protected":false},"featured_media":160193,"comment_status":"open","ping_status":"open","template":"","meta":[],"product_brand":[],"product_cat":[9436,4106],"product_tag":[],"class_list":{"0":"post-160192","1":"product","2":"type-product","3":"status-publish","4":"has-post-thumbnail","6":"product_cat-kitchen-system-sorento","7":"product_cat-gala-meble","9":"first","10":"instock","11":"purchasable","12":"product-type-simple"},"_links":{"self":[{"href":"https:\/\/baldumarket.lt\/lt\/wp-json\/wp\/v2\/product\/160192","targetHints":{"allow":["GET"]}}],"collection":[{"href":"https:\/\/baldumarket.lt\/lt\/wp-json\/wp\/v2\/product"}],"about":[{"href":"https:\/\/baldumarket.lt\/lt\/wp-json\/wp\/v2\/types\/product"}],"replies":[{"embeddable":true,"href":"https:\/\/baldumarket.lt\/lt\/wp-json\/wp\/v2\/comments?post=160192"}],"wp:featuredmedia":[{"embeddable":true,"href":"https:\/\/baldumarket.lt\/lt\/wp-json\/wp\/v2\/media\/160193"}],"wp:attachment":[{"href":"https:\/\/baldumarket.lt\/lt\/wp-json\/wp\/v2\/media?parent=160192"}],"wp:term":[{"taxonomy":"product_brand","embeddable":true,"href":"https:\/\/baldumarket.lt\/lt\/wp-json\/wp\/v2\/product_brand?post=160192"},{"taxonomy":"product_cat","embeddable":true,"href":"https:\/\/baldumarket.lt\/lt\/wp-json\/wp\/v2\/product_cat?post=160192"},{"taxonomy":"product_tag","embeddable":true,"href":"https:\/\/baldumarket.lt\/lt\/wp-json\/wp\/v2\/product_tag?post=160192"}],"curies":[{"name":"wp","href":"https:\/\/api.w.org\/{rel}","templated":true}]}}