{"id":160187,"date":"2025-12-19T01:02:17","date_gmt":"2025-12-18T22:02:17","guid":{"rendered":"https:\/\/baldumarket.lt\/product\/szafka-kuchenna-dolna-1d-z-wkladem-do-segregacji-sorento-d60zs-ax-bialy-green\/"},"modified":"2026-02-18T11:17:51","modified_gmt":"2026-02-18T08:17:51","slug":"szafka-kuchenna-dolna-1d-z-wkladem-do-segregacji-sorento-d60zs-ax-bialy-green","status":"publish","type":"product","link":"https:\/\/baldumarket.lt\/lt\/product\/szafka-kuchenna-dolna-1d-z-wkladem-do-segregacji-sorento-d60zs-ax-bialy-green\/","title":{"rendered":"1 dur\u0173 apatin\u0117 virtuv\u0117s spintel\u0117 su r\u016b\u0161iavimo \u012fd\u0117klu Sorento D60ZS AX balta \u017ealia"},"content":{"rendered":"<p>Su \u201eSorento D60ZS AX 1-D\u201c apatine virtuv\u0117s spintele su atliek\u0173 r\u016b\u0161iavimo \u012fd\u0117klu suteikite savo virtuvei modernaus stiliaus. Eleganti\u0161ka balta ir \u017ealia spalv\u0173 gama kiekvien\u0105 virtuv\u0117je praleist\u0105 akimirk\u0105 pavers i\u0161skirtine. Matin\u0117 \u017ealia fasad\u0173 apdaila kartu su baltu korpusu sukuria harmoning\u0105 visum\u0105, kuri suteiks j\u016bs\u0173 erdvei gaivumo. \u0160i spintel\u0117 buvo sukurta atsi\u017evelgiant \u012f estetik\u0105 ir funkcionalum\u0105, tod\u0117l ji puikiai dera su bet kuria modernia virtuve. Be \u012fsp\u016bdingo dizaino, \u201eSorento\u201c spintel\u0117 yra \u017einoma d\u0117l savo prakti\u0161kumo. \u012emontuotas atliek\u0173 r\u016b\u0161iavimo \u012fd\u0117klas su dviem 15 litr\u0173 konteineriais atspindi j\u0173 ekologi\u0161k\u0105 po\u017ei\u016br\u012f. Tai leid\u017eia paprastai ir patogiai r\u016b\u0161iuoti atliekas, skatinant vis\u0105 \u0161eim\u0105 r\u016bpintis m\u016bs\u0173 planeta. Savaranki\u0161kas surinkimas yra papildomas privalumas, leid\u017eiantis pritaikyti baldus pagal savo poreikius ir pageidavimus. Auk\u0161tos, 15 cm reguliuojamos kojel\u0117s ne tik suteikia spintelei lengvumo, bet ir palengvina grind\u0173 valym\u0105. Be to, tylus u\u017edarymo mechanizmas su u\u017espaud\u017eiamais vyriais ir pilno i\u0161traukimo b\u0117geliais u\u017etikrina patog\u0173 kasdien\u012f naudojim\u0105. Tai leid\u017eia kiekvien\u0105 judes\u012f virtuv\u0117je padaryti skland\u0173 ir be r\u016bpes\u010di\u0173, tikrai su\u017eav\u0117sdami \u0161eim\u0105 ir sve\u010dius.<\/p>","protected":false},"excerpt":{"rendered":"<p>Plotis (cm): 60<br \/>\n\u016agis (cm): 87<br \/>\nGylis (cm): 52<\/p>","protected":false},"featured_media":160188,"comment_status":"open","ping_status":"open","template":"","meta":[],"product_brand":[],"product_cat":[9436,4106],"product_tag":[],"class_list":{"0":"post-160187","1":"product","2":"type-product","3":"status-publish","4":"has-post-thumbnail","6":"product_cat-kitchen-system-sorento","7":"product_cat-gala-meble","9":"first","10":"instock","11":"purchasable","12":"product-type-simple"},"_links":{"self":[{"href":"https:\/\/baldumarket.lt\/lt\/wp-json\/wp\/v2\/product\/160187","targetHints":{"allow":["GET"]}}],"collection":[{"href":"https:\/\/baldumarket.lt\/lt\/wp-json\/wp\/v2\/product"}],"about":[{"href":"https:\/\/baldumarket.lt\/lt\/wp-json\/wp\/v2\/types\/product"}],"replies":[{"embeddable":true,"href":"https:\/\/baldumarket.lt\/lt\/wp-json\/wp\/v2\/comments?post=160187"}],"wp:featuredmedia":[{"embeddable":true,"href":"https:\/\/baldumarket.lt\/lt\/wp-json\/wp\/v2\/media\/160188"}],"wp:attachment":[{"href":"https:\/\/baldumarket.lt\/lt\/wp-json\/wp\/v2\/media?parent=160187"}],"wp:term":[{"taxonomy":"product_brand","embeddable":true,"href":"https:\/\/baldumarket.lt\/lt\/wp-json\/wp\/v2\/product_brand?post=160187"},{"taxonomy":"product_cat","embeddable":true,"href":"https:\/\/baldumarket.lt\/lt\/wp-json\/wp\/v2\/product_cat?post=160187"},{"taxonomy":"product_tag","embeddable":true,"href":"https:\/\/baldumarket.lt\/lt\/wp-json\/wp\/v2\/product_tag?post=160187"}],"curies":[{"name":"wp","href":"https:\/\/api.w.org\/{rel}","templated":true}]}}