{"id":160181,"date":"2025-12-19T01:02:05","date_gmt":"2025-12-18T22:02:05","guid":{"rendered":"https:\/\/baldumarket.lt\/product\/szafka-kuchenna-dolna-1d-z-wkladem-do-segregacji-sorento-d60zs-ax-bialy-mat\/"},"modified":"2026-02-18T11:17:51","modified_gmt":"2026-02-18T08:17:51","slug":"szafka-kuchenna-dolna-1d-z-wkladem-do-segregacji-sorento-d60zs-ax-bialy-mat","status":"publish","type":"product","link":"https:\/\/baldumarket.lt\/lt\/product\/szafka-kuchenna-dolna-1d-z-wkladem-do-segregacji-sorento-d60zs-ax-bialy-mat\/","title":{"rendered":"1 dur\u0173 apatin\u0117 virtuv\u0117s spintel\u0117 su r\u016b\u0161iavimo \u012fd\u0117klu Sorento D60ZS AX matin\u0117s baltos spalvos"},"content":{"rendered":"<p>Atraskite funkcional\u0173 ir eleganti\u0161k\u0105 \u201eSorento D60ZS AX\u201c apatin\u0119 virtuv\u0117s spintel\u0119 su vienomis durimis, kurios yra matin\u0117s baltos spalvos. Minimalistinis dizainas puikiai tinka bet kuriai moderniai virtuvei, sukuriant ramyb\u0117s ir harmonijos aur\u0105. Subtilus matin\u0117s baltos spalvos fasad\u0173 ir subtilaus auksinio akcento ant ranken\u0173 derinys suteikia spintelei rafinuotumo, kartu u\u017etikrindamas patvarum\u0105 ir paprast\u0105 kasdien\u012f naudojim\u0105. Prakti\u0161kumas dera su stiliumi d\u0117l integruotos atliek\u0173 r\u016b\u0161iavimo sistemos, kuri r\u016bpinim\u0105si aplinka leid\u017eia ne tik lengvai, bet ir maloniai. \u012emontuotos 2 x 15 litr\u0173 talpos \u0161iuk\u0161liad\u0117\u017e\u0117s leid\u017eia patogiai ir higieni\u0161kai laikyti atliekas, o pilno i\u0161traukimo b\u0117geliai suteikia lengv\u0105 prieig\u0105 prie j\u0173 turinio. Patogus dureli\u0173 u\u017edarymas d\u0117l u\u017espaud\u017eiam\u0173 vyri\u0173 su \u0161velnaus u\u017edarymo mechanizmu yra dar vienas privalumas, kuris patenkins net reikliausius vartotojus. Spintel\u0117 pagaminta i\u0161 matin\u0117s baltos MDF plok\u0161t\u0117s ir papildomai paremta 18 mm storio laminuota plok\u0161te, u\u017etikrinan\u010dia patvarum\u0105 ir atsparum\u0105 kasdieniams pa\u017eeidimams. Auk\u0161tos ir reguliuojamos kojel\u0117s ne tik suteikia moderni\u0105 i\u0161vaizd\u0105, bet ir palengvina \u0161varos palaikym\u0105, reguliuojant auk\u0161t\u012f pagal vartotojo poreikius.<\/p>","protected":false},"excerpt":{"rendered":"<p>Plotis (cm): 60<br \/>\n\u016agis (cm): 87<br \/>\nGylis (cm): 52<\/p>","protected":false},"featured_media":160182,"comment_status":"open","ping_status":"open","template":"","meta":[],"product_brand":[],"product_cat":[9436,4106],"product_tag":[],"class_list":{"0":"post-160181","1":"product","2":"type-product","3":"status-publish","4":"has-post-thumbnail","6":"product_cat-kitchen-system-sorento","7":"product_cat-gala-meble","9":"first","10":"instock","11":"purchasable","12":"product-type-simple"},"_links":{"self":[{"href":"https:\/\/baldumarket.lt\/lt\/wp-json\/wp\/v2\/product\/160181","targetHints":{"allow":["GET"]}}],"collection":[{"href":"https:\/\/baldumarket.lt\/lt\/wp-json\/wp\/v2\/product"}],"about":[{"href":"https:\/\/baldumarket.lt\/lt\/wp-json\/wp\/v2\/types\/product"}],"replies":[{"embeddable":true,"href":"https:\/\/baldumarket.lt\/lt\/wp-json\/wp\/v2\/comments?post=160181"}],"wp:featuredmedia":[{"embeddable":true,"href":"https:\/\/baldumarket.lt\/lt\/wp-json\/wp\/v2\/media\/160182"}],"wp:attachment":[{"href":"https:\/\/baldumarket.lt\/lt\/wp-json\/wp\/v2\/media?parent=160181"}],"wp:term":[{"taxonomy":"product_brand","embeddable":true,"href":"https:\/\/baldumarket.lt\/lt\/wp-json\/wp\/v2\/product_brand?post=160181"},{"taxonomy":"product_cat","embeddable":true,"href":"https:\/\/baldumarket.lt\/lt\/wp-json\/wp\/v2\/product_cat?post=160181"},{"taxonomy":"product_tag","embeddable":true,"href":"https:\/\/baldumarket.lt\/lt\/wp-json\/wp\/v2\/product_tag?post=160181"}],"curies":[{"name":"wp","href":"https:\/\/api.w.org\/{rel}","templated":true}]}}