{"id":160176,"date":"2025-12-19T01:01:55","date_gmt":"2025-12-18T22:01:55","guid":{"rendered":"https:\/\/baldumarket.lt\/product\/szafka-kuchenna-dolna-1d-z-wkladem-do-segregacji-sorento-d60zs-ax-puccini-bialy-mat-ramka\/"},"modified":"2026-02-18T11:17:51","modified_gmt":"2026-02-18T08:17:51","slug":"szafka-kuchenna-dolna-1d-z-wkladem-do-segregacji-sorento-d60zs-ax-puccini-bialy-mat-ramka","status":"publish","type":"product","link":"https:\/\/baldumarket.lt\/lt\/product\/szafka-kuchenna-dolna-1d-z-wkladem-do-segregacji-sorento-d60zs-ax-puccini-bialy-mat-ramka\/","title":{"rendered":"1 dur\u0173 apatin\u0117 virtuv\u0117s spintel\u0117 su r\u016b\u0161iavimo \u012fd\u0117klu Sorento D60ZS AX Puccini matin\u0117s baltos spalvos r\u0117meliu"},"content":{"rendered":"<p>Atraskite skoning\u0105 modernaus dizaino ir funkcionalumo derin\u012f su \u201ePuccini Sorento D60ZS AX 1-D\u201c virtuv\u0117s spintele. \u0160is modelis \u2013 tikras pasirinkimas tiems, kurie vertina paprastas formas ir estetin\u012f elegancij\u0105. Matin\u0117s baltos spalvos priekis, pagamintas i\u0161 patvarios MDF plok\u0161t\u0117s, suteikia virtuvei lengvumo ir gaivumo, sukurdamas puik\u0173 fon\u0105 kitiems interjero dizaino elementams. Spintel\u0117 sukurta siekiant maksimalaus komforto. Ji turi pilno i\u0161traukimo b\u0117gelius ir \u0161velnaus u\u017edarymo mechanizm\u0105, tod\u0117l naudoti yra ne tik tylu, bet ir patogu. Be to, spintel\u0117s viduje yra prakti\u0161kas atliek\u0173 r\u016b\u0161iavimo \u012fd\u0117klas, tod\u0117l lengviau r\u016bpintis aplinka ir palaikyti tvark\u0105 virtuv\u0117je. \u201ePuccini\u201c spalvos korpusas \u2013 tai harmoningas modernaus stiliaus ir funkcionalumo derinys. Auksin\u0117s metalin\u0117s rankenos su rafinuota linija traukia ak\u012f ir suteikia spintelei prabangos. Reguliuojamos kojel\u0117s, leid\u017eian\u010dios reguliuoti auk\u0161t\u012f pagal individualius naudotojo poreikius, dar labiau pabr\u0117\u017eia \u0161io sprendimo universalum\u0105.<\/p>","protected":false},"excerpt":{"rendered":"<p>Plotis (cm): 60<br \/>\n\u016agis (cm): 87<br \/>\nGylis (cm): 52<\/p>","protected":false},"featured_media":160177,"comment_status":"open","ping_status":"open","template":"","meta":[],"product_brand":[],"product_cat":[9436,4106],"product_tag":[],"class_list":{"0":"post-160176","1":"product","2":"type-product","3":"status-publish","4":"has-post-thumbnail","6":"product_cat-kitchen-system-sorento","7":"product_cat-gala-meble","9":"first","10":"instock","11":"purchasable","12":"product-type-simple"},"_links":{"self":[{"href":"https:\/\/baldumarket.lt\/lt\/wp-json\/wp\/v2\/product\/160176","targetHints":{"allow":["GET"]}}],"collection":[{"href":"https:\/\/baldumarket.lt\/lt\/wp-json\/wp\/v2\/product"}],"about":[{"href":"https:\/\/baldumarket.lt\/lt\/wp-json\/wp\/v2\/types\/product"}],"replies":[{"embeddable":true,"href":"https:\/\/baldumarket.lt\/lt\/wp-json\/wp\/v2\/comments?post=160176"}],"wp:featuredmedia":[{"embeddable":true,"href":"https:\/\/baldumarket.lt\/lt\/wp-json\/wp\/v2\/media\/160177"}],"wp:attachment":[{"href":"https:\/\/baldumarket.lt\/lt\/wp-json\/wp\/v2\/media?parent=160176"}],"wp:term":[{"taxonomy":"product_brand","embeddable":true,"href":"https:\/\/baldumarket.lt\/lt\/wp-json\/wp\/v2\/product_brand?post=160176"},{"taxonomy":"product_cat","embeddable":true,"href":"https:\/\/baldumarket.lt\/lt\/wp-json\/wp\/v2\/product_cat?post=160176"},{"taxonomy":"product_tag","embeddable":true,"href":"https:\/\/baldumarket.lt\/lt\/wp-json\/wp\/v2\/product_tag?post=160176"}],"curies":[{"name":"wp","href":"https:\/\/api.w.org\/{rel}","templated":true}]}}