{"id":160171,"date":"2025-12-19T01:01:45","date_gmt":"2025-12-18T22:01:45","guid":{"rendered":"https:\/\/baldumarket.lt\/product\/szafka-kuchenna-dolna-1d1s-d40s1-p-l-push-open-langen-beige\/"},"modified":"2026-02-18T11:27:19","modified_gmt":"2026-02-18T08:27:19","slug":"szafka-kuchenna-dolna-1d1s-d40s1-p-l-push-open-langen-beige","status":"publish","type":"product","link":"https:\/\/baldumarket.lt\/lt\/product\/szafka-kuchenna-dolna-1d1s-d40s1-p-l-push-open-langen-beige\/","title":{"rendered":"Apatin\u0117 virtuv\u0117s spintel\u0117 1D1S D40S1 P\/L PUSH OPEN Langen Beige"},"content":{"rendered":"<p>Atraskite ramyb\u0119 ir minimalistin\u0119 elegancij\u0105 savo virtuv\u0117je su \u201eGa\u0142a Meble\u201c \u201eLangen Beige\u201c apatine spintele. \u0160i gra\u017ei spintel\u0117 su prislopintu, matiniu sm\u0117lio spalvos priekiu harmoningai dera su nat\u016bralia \u201eArtisan Oak\u201c \u0105\u017euolo spalva, sukurdama \u0161ilt\u0105 ir jauki\u0105 atmosfer\u0105 j\u016bs\u0173 virtuv\u0117je. Klasikinis dizainas su moderniu prisilietimu puikiai papildys bet kuri\u0105 virtuv\u0119, nepriklausomai nuo stiliaus. \u0160ios spintel\u0117s prakti\u0161kumas dera su estetika. D\u0117l \u201ePush-to-Open\u201c atidarymo sistemos galite patogiai atidaryti stal\u010dius ir dureles nenaudojant ranken\u0173, tod\u0117l valdymas yra ne\u012ftik\u0117tinai paprastas ir eleganti\u0161kas. Tai puikus sprendimas tiems, kurie vertina minimalistines apdailas, kurios suteikia erdvumo ir modernumo bet kokiam interjerui. Spintel\u0117s auk\u0161tis ir gylis buvo sukurti atsi\u017evelgiant \u012f j\u016bs\u0173 kasdienius poreikius. Reguliuojamos kojel\u0117s leid\u017eia puikiai pritaikyti jos auk\u0161t\u012f prie j\u016bs\u0173 virtuv\u0117s, u\u017etikrinant stabilum\u0105 ir paprast\u0105 naudojim\u0105. Tai padarys j\u016bs\u0173 kasdien\u012f darb\u0105 virtuv\u0117je patog\u0173 ir malon\u0173.<\/p>","protected":false},"excerpt":{"rendered":"<p>Plotis (cm): 40<br \/>\n\u016agis (cm): 82<br \/>\nGylis (cm): 47<\/p>","protected":false},"featured_media":160172,"comment_status":"open","ping_status":"open","template":"","meta":[],"product_brand":[],"product_cat":[9442,4106],"product_tag":[],"class_list":{"0":"post-160171","1":"product","2":"type-product","3":"status-publish","4":"has-post-thumbnail","6":"product_cat-kitchen-system-langen-dab-artisan","7":"product_cat-gala-meble","9":"first","10":"instock","11":"purchasable","12":"product-type-simple"},"_links":{"self":[{"href":"https:\/\/baldumarket.lt\/lt\/wp-json\/wp\/v2\/product\/160171","targetHints":{"allow":["GET"]}}],"collection":[{"href":"https:\/\/baldumarket.lt\/lt\/wp-json\/wp\/v2\/product"}],"about":[{"href":"https:\/\/baldumarket.lt\/lt\/wp-json\/wp\/v2\/types\/product"}],"replies":[{"embeddable":true,"href":"https:\/\/baldumarket.lt\/lt\/wp-json\/wp\/v2\/comments?post=160171"}],"wp:featuredmedia":[{"embeddable":true,"href":"https:\/\/baldumarket.lt\/lt\/wp-json\/wp\/v2\/media\/160172"}],"wp:attachment":[{"href":"https:\/\/baldumarket.lt\/lt\/wp-json\/wp\/v2\/media?parent=160171"}],"wp:term":[{"taxonomy":"product_brand","embeddable":true,"href":"https:\/\/baldumarket.lt\/lt\/wp-json\/wp\/v2\/product_brand?post=160171"},{"taxonomy":"product_cat","embeddable":true,"href":"https:\/\/baldumarket.lt\/lt\/wp-json\/wp\/v2\/product_cat?post=160171"},{"taxonomy":"product_tag","embeddable":true,"href":"https:\/\/baldumarket.lt\/lt\/wp-json\/wp\/v2\/product_tag?post=160171"}],"curies":[{"name":"wp","href":"https:\/\/api.w.org\/{rel}","templated":true}]}}