{"id":160166,"date":"2025-12-19T01:01:36","date_gmt":"2025-12-18T22:01:36","guid":{"rendered":"https:\/\/baldumarket.lt\/product\/szafka-kuchenna-dolna-1d1s-d40s1-linea-white-bialy-mat\/"},"modified":"2026-02-18T11:35:21","modified_gmt":"2026-02-18T08:35:21","slug":"szafka-kuchenna-dolna-1d1s-d40s1-linea-white-bialy-mat","status":"publish","type":"product","link":"https:\/\/baldumarket.lt\/lt\/product\/szafka-kuchenna-dolna-1d1s-d40s1-linea-white-bialy-mat\/","title":{"rendered":"Apatin\u0117 virtuv\u0117s spintel\u0117 1D1S D40S1 Linea balta matin\u0117 balta"},"content":{"rendered":"<p>Atraskite i\u0161skirtin\u0119 1D1S Linea White D40S1 matin\u0117s baltos virtuv\u0117s spintel\u0117s elegancij\u0105 ir modern\u0173 stili\u0173. Sukurta garsaus \u201eGa\u0142a Meble\u201c prek\u0117s \u017eenklo, \u0161i spintel\u0117 puikiai dera prie bet kokio virtuv\u0117s interjero. Minimalistinis dizainas kartu su auksin\u0117mis ranken\u0117l\u0117mis suteikia elegancijos ir rafinuotumo, tod\u0117l yra nepakei\u010diamas bet kurios modernios virtuv\u0117s elementas. \u201eLinea White\u201c spintel\u0117 \u017eavi ne tik savo i\u0161vaizda, bet ir funkcionalumu. MDF fasadai ir laminuotas korpusas u\u017etikrina patvarum\u0105 ir atsparum\u0105 kasdieniam naudojimui. Tai u\u017etikrins, kad j\u016bs\u0173 virtuv\u0117s interjeras daugel\u012f met\u0173 i\u0161liks prakti\u0161kas ir stilingas. Reguliuojamos kojel\u0117s leid\u017eia reguliuoti auk\u0161t\u012f pagal individualius poreikius, dar labiau padidinant komfort\u0105. Kasdien naudojant tikrai \u012fvertinsite tyl\u0173 abiej\u0173 vyri\u0173 ir stal\u010di\u0173 b\u0117geli\u0173 u\u017edarym\u0105. Tai u\u017etikrina, kad kiekvienas dureli\u0173 ir stal\u010di\u0173 jud\u0117jimas bus \u0161velnus ir tylus, suteikdamas j\u016bs\u0173 virtuvei ramyb\u0117s ir rafinuotumo. Auksin\u0117s spalvos metalin\u0117s ranken\u0117l\u0117s suteikia prabangos ir yra labai patogios naudoti.<\/p>","protected":false},"excerpt":{"rendered":"<p>Plotis (cm): 40<br \/>\n\u016agis (cm): 82<br \/>\nGylis (cm): 47<\/p>","protected":false},"featured_media":160167,"comment_status":"open","ping_status":"open","template":"","meta":[],"product_brand":[],"product_cat":[9446,4106],"product_tag":[],"class_list":{"0":"post-160166","1":"product","2":"type-product","3":"status-publish","4":"has-post-thumbnail","6":"product_cat-kitchen-system-linea-white","7":"product_cat-gala-meble","9":"first","10":"instock","11":"purchasable","12":"product-type-simple"},"_links":{"self":[{"href":"https:\/\/baldumarket.lt\/lt\/wp-json\/wp\/v2\/product\/160166","targetHints":{"allow":["GET"]}}],"collection":[{"href":"https:\/\/baldumarket.lt\/lt\/wp-json\/wp\/v2\/product"}],"about":[{"href":"https:\/\/baldumarket.lt\/lt\/wp-json\/wp\/v2\/types\/product"}],"replies":[{"embeddable":true,"href":"https:\/\/baldumarket.lt\/lt\/wp-json\/wp\/v2\/comments?post=160166"}],"wp:featuredmedia":[{"embeddable":true,"href":"https:\/\/baldumarket.lt\/lt\/wp-json\/wp\/v2\/media\/160167"}],"wp:attachment":[{"href":"https:\/\/baldumarket.lt\/lt\/wp-json\/wp\/v2\/media?parent=160166"}],"wp:term":[{"taxonomy":"product_brand","embeddable":true,"href":"https:\/\/baldumarket.lt\/lt\/wp-json\/wp\/v2\/product_brand?post=160166"},{"taxonomy":"product_cat","embeddable":true,"href":"https:\/\/baldumarket.lt\/lt\/wp-json\/wp\/v2\/product_cat?post=160166"},{"taxonomy":"product_tag","embeddable":true,"href":"https:\/\/baldumarket.lt\/lt\/wp-json\/wp\/v2\/product_tag?post=160166"}],"curies":[{"name":"wp","href":"https:\/\/api.w.org\/{rel}","templated":true}]}}