{"id":160160,"date":"2025-12-19T01:01:24","date_gmt":"2025-12-18T22:01:24","guid":{"rendered":"https:\/\/baldumarket.lt\/product\/szafka-kuchenna-dolna-1d1s-d40s1-p-l-linea-grey-szary-mat\/"},"modified":"2026-02-18T11:35:21","modified_gmt":"2026-02-18T08:35:21","slug":"szafka-kuchenna-dolna-1d1s-d40s1-p-l-linea-grey-szary-mat","status":"publish","type":"product","link":"https:\/\/baldumarket.lt\/lt\/product\/szafka-kuchenna-dolna-1d1s-d40s1-p-l-linea-grey-szary-mat\/","title":{"rendered":"Apatin\u0117 virtuv\u0117s spintel\u0117 1D1S D40S1 P\/L Linea Grey Matte"},"content":{"rendered":"<p>Atraskite \u201eLinea Grey\u201c apatin\u0117s spintel\u0117s elegancij\u0105 ir funkcionalum\u0105, kuri bet kuriai virtuvei suteikia modernumo ir gaivumo. Subtil\u016bs pilki blizg\u016bs fasadai, derantys su matin\u0117s baltos spalvos korpusu, sukuria unikal\u0173 stili\u0173, kuris traukia d\u0117mes\u012f ir suteikia klas\u0117s. \u0160i spintel\u0117 \u2013 puikus pasirinkimas tiems, kurie vertina minimalistin\u0119 estetik\u0105 su prabangos prieskoniu. D\u0117l kruop\u0161\u010diai suprojektuotos konstrukcijos ir auk\u0161tos kokyb\u0117s MDF bei laminato plok\u0161\u010di\u0173 naudojimo \u0161i spintel\u0117 derina patvarum\u0105 ir elegancij\u0105. Ji idealiai tinka daikt\u0173 laikymui \u2013 stal\u010diai ar lentynos leid\u017eia lengvai pasiekti b\u016btiniausius daiktus. Savaime u\u017esidaran\u010dios sistemos u\u017etikrina komfort\u0105 kiekviename \u017eingsnyje ir skland\u0173 kasdien\u012f naudojim\u0105. Reguliuojamos kojel\u0117s leid\u017eia reguliuoti spintel\u0117s auk\u0161t\u012f pagal savo poreikius \u2013 tai ne\u012fkainojama esant nelygioms grindims arba norint pritaikyti virtuv\u0117s auk\u0161t\u012f pagal savo poreikius. \u0160is lankstumas yra labai svarbus kuriant erdv\u0119, kuri ne tik atrodo nuostabiai, bet ir atitinka visus praktinius poreikius.<\/p>","protected":false},"excerpt":{"rendered":"<p>Plotis (cm): 40<br \/>\n\u016agis (cm): 82<br \/>\nGylis (cm): 47<\/p>","protected":false},"featured_media":160161,"comment_status":"open","ping_status":"open","template":"","meta":[],"product_brand":[],"product_cat":[9446,4106],"product_tag":[],"class_list":{"0":"post-160160","1":"product","2":"type-product","3":"status-publish","4":"has-post-thumbnail","6":"product_cat-kitchen-system-linea-white","7":"product_cat-gala-meble","9":"first","10":"instock","11":"purchasable","12":"product-type-simple"},"_links":{"self":[{"href":"https:\/\/baldumarket.lt\/lt\/wp-json\/wp\/v2\/product\/160160","targetHints":{"allow":["GET"]}}],"collection":[{"href":"https:\/\/baldumarket.lt\/lt\/wp-json\/wp\/v2\/product"}],"about":[{"href":"https:\/\/baldumarket.lt\/lt\/wp-json\/wp\/v2\/types\/product"}],"replies":[{"embeddable":true,"href":"https:\/\/baldumarket.lt\/lt\/wp-json\/wp\/v2\/comments?post=160160"}],"wp:featuredmedia":[{"embeddable":true,"href":"https:\/\/baldumarket.lt\/lt\/wp-json\/wp\/v2\/media\/160161"}],"wp:attachment":[{"href":"https:\/\/baldumarket.lt\/lt\/wp-json\/wp\/v2\/media?parent=160160"}],"wp:term":[{"taxonomy":"product_brand","embeddable":true,"href":"https:\/\/baldumarket.lt\/lt\/wp-json\/wp\/v2\/product_brand?post=160160"},{"taxonomy":"product_cat","embeddable":true,"href":"https:\/\/baldumarket.lt\/lt\/wp-json\/wp\/v2\/product_cat?post=160160"},{"taxonomy":"product_tag","embeddable":true,"href":"https:\/\/baldumarket.lt\/lt\/wp-json\/wp\/v2\/product_tag?post=160160"}],"curies":[{"name":"wp","href":"https:\/\/api.w.org\/{rel}","templated":true}]}}