{"id":160156,"date":"2025-12-19T01:01:17","date_gmt":"2025-12-18T22:01:17","guid":{"rendered":"https:\/\/baldumarket.lt\/product\/szafka-kuchenna-dolna-1d1s-d40s1-p-l-push-open-langen-artisan\/"},"modified":"2026-02-18T11:27:19","modified_gmt":"2026-02-18T08:27:19","slug":"szafka-kuchenna-dolna-1d1s-d40s1-p-l-push-open-langen-artisan","status":"publish","type":"product","link":"https:\/\/baldumarket.lt\/lt\/product\/szafka-kuchenna-dolna-1d1s-d40s1-p-l-push-open-langen-artisan\/","title":{"rendered":"Apatin\u0117 virtuv\u0117s spintel\u0117 1D1S D40S1 P\/L STOPP OPERA Langen Artisan"},"content":{"rendered":"<p>Atraskite subtil\u0173 \u201eLangen Artisan\u201c apatin\u0117s virtuv\u0117s spintel\u0117s elegancij\u0105. Tai sprendimas modernaus minimalizmo m\u0117g\u0117jams, kur nat\u016bralus \u201eArtisan Oak\u201c gro\u017eis sukuria \u0161ilumos ir jaukumo atmosfer\u0105 bet kurioje virtuv\u0117je. Dizaineriai sutelk\u0117 d\u0117mes\u012f \u012f harmonij\u0105 ir paprastum\u0105, si\u016blydami bald\u0105, kuris pagerins interjero dizain\u0105 jo neu\u017ego\u017edamas.<\/p>\n<p>Ar svajojate apie virtuv\u0119, kurioje kiekvienas elementas yra ne tik funkcionalus, bet ir esteti\u0161kai patrauklus? Su \u201eLangen Artisan\u201c spintele su atidarymo spustel\u0117jus sistema galite \u012fgyvendinti \u0161i\u0105 svajon\u0119. Pamir\u0161kite tradicines ranken\u0117les \u2013 futuristiniai sprendimai palengvina gyvenim\u0105, i\u0161laikant rafinuot\u0105 i\u0161vaizd\u0105. Tai puikus pasirinkimas tiems, kurie vertina komfort\u0105 ir stili\u0173 viename.<\/p>\n<p>\u010cia funkcionalumas dera su apgalvotu dizainu. Reguliuojamos kojel\u0117s leid\u017eia spintel\u0119 lengvai pritaikyti prie virtuv\u0117s auk\u0161\u010dio, be jokios abejon\u0117s, padidindamos jos universalum\u0105. Laminuotos plok\u0161t\u0117s, i\u0161 kuri\u0173 ji pagaminta, yra itin atsparios pa\u017eeidimams, garantuoja ilgaam\u017ei\u0161kum\u0105 ir naudotoj\u0173 pasitenkinim\u0105.<\/p>\n<p>Papildomas \u0161io baldo privalumas yra savaranki\u0161kas surinkimas, supaprastinantis transportavim\u0105 ir sand\u0117liavim\u0105, bei suteikiantis galimyb\u0119 k\u016brybi\u0161kai atsipalaiduoti. Leiskite sau dizaino laisv\u0119 ir suteikite savo virtuvei unikal\u0173 charakter\u012f su \u201eLangen Artisan\u201c virtuv\u0117s spintele \u2013 juk gro\u017eis ir funkcionalumas turi eiti koja kojon.<\/p>","protected":false},"excerpt":{"rendered":"<p>Plotis (cm): 40<br \/>\n\u016agis (cm): 82<br \/>\nGylis (cm): 47<\/p>","protected":false},"featured_media":160157,"comment_status":"open","ping_status":"open","template":"","meta":[],"product_brand":[],"product_cat":[9442,4106],"product_tag":[],"class_list":{"0":"post-160156","1":"product","2":"type-product","3":"status-publish","4":"has-post-thumbnail","6":"product_cat-kitchen-system-langen-dab-artisan","7":"product_cat-gala-meble","9":"first","10":"instock","11":"purchasable","12":"product-type-simple"},"_links":{"self":[{"href":"https:\/\/baldumarket.lt\/lt\/wp-json\/wp\/v2\/product\/160156","targetHints":{"allow":["GET"]}}],"collection":[{"href":"https:\/\/baldumarket.lt\/lt\/wp-json\/wp\/v2\/product"}],"about":[{"href":"https:\/\/baldumarket.lt\/lt\/wp-json\/wp\/v2\/types\/product"}],"replies":[{"embeddable":true,"href":"https:\/\/baldumarket.lt\/lt\/wp-json\/wp\/v2\/comments?post=160156"}],"wp:featuredmedia":[{"embeddable":true,"href":"https:\/\/baldumarket.lt\/lt\/wp-json\/wp\/v2\/media\/160157"}],"wp:attachment":[{"href":"https:\/\/baldumarket.lt\/lt\/wp-json\/wp\/v2\/media?parent=160156"}],"wp:term":[{"taxonomy":"product_brand","embeddable":true,"href":"https:\/\/baldumarket.lt\/lt\/wp-json\/wp\/v2\/product_brand?post=160156"},{"taxonomy":"product_cat","embeddable":true,"href":"https:\/\/baldumarket.lt\/lt\/wp-json\/wp\/v2\/product_cat?post=160156"},{"taxonomy":"product_tag","embeddable":true,"href":"https:\/\/baldumarket.lt\/lt\/wp-json\/wp\/v2\/product_tag?post=160156"}],"curies":[{"name":"wp","href":"https:\/\/api.w.org\/{rel}","templated":true}]}}