{"id":160152,"date":"2025-12-19T01:01:09","date_gmt":"2025-12-18T22:01:09","guid":{"rendered":"https:\/\/baldumarket.lt\/product\/szafka-kuchenna-dolna-1d1s-d40s1-p-l-push-open-langen-grey\/"},"modified":"2026-02-18T11:27:19","modified_gmt":"2026-02-18T08:27:19","slug":"szafka-kuchenna-dolna-1d1s-d40s1-p-l-push-open-langen-grey","status":"publish","type":"product","link":"https:\/\/baldumarket.lt\/lt\/product\/szafka-kuchenna-dolna-1d1s-d40s1-p-l-push-open-langen-grey\/","title":{"rendered":"Apatin\u0117 virtuv\u0117s spintel\u0117 1D1S D40S1 P\/L PUSH OPEN Langen pilka"},"content":{"rendered":"<p>Atgaivinkite savo virtuv\u0119 elegancija ir modernumu su \u201eLangen Grey\u201c apatine virtuv\u0117s spintele. Subtilus matinis pilkas fasadas, pagamintas i\u0161 auk\u0161\u010diausios kokyb\u0117s MDF, harmoningai dera su \u0161iltu \u201eArtisan Oak\u201c korpuso atspalviu. \u0160is spalv\u0173 derinys suteikia ramyb\u0117s ir rafinuotumo poj\u016bt\u012f, kur\u012f galima lengvai priderinti prie beveik bet kokio interjero dizaino.<\/p>\n<p>\u201eLangen Grey\u201c virtuv\u0117s spintel\u0117 buvo sukurta atsi\u017evelgiant \u012f funkcionalum\u0105 ir naudojimo paprastum\u0105. Atidarymo spustel\u0117jus sistema panaikina ranken\u0173 varg\u0105 ir u\u017etikrina greit\u0105 bei lengv\u0105 fasad\u0173 atidarym\u0105 be joki\u0173 nereikaling\u0173 kli\u016b\u010di\u0173. \u0160io sprendimo pasirinkimas yra ne tik prakti\u0161kumo, bet ir estetikos klausimas \u2013 paprasta forma be matom\u0173 ranken\u0117li\u0173 suteikia elegancijos bendram dizainui.<\/p>\n<p>Auk\u0161\u010diausios kokyb\u0117s med\u017eiagos, i\u0161 kuri\u0173 pagaminta spintel\u0117, u\u017etikrina jos ilgaam\u017ei\u0161kum\u0105 ir atsparum\u0105 kasdieniams virtuv\u0117s i\u0161\u0161\u016bkiams. Laminuotas korpusas garantuoja ne tik ilgaam\u017ei\u0161kum\u0105, bet ir lengv\u0105 valym\u0105, tod\u0117l tai idealus pasirinkimas bet kokiems namams. \u010cia tvirtumas ir funkcionalumas dera su estetika.<\/p>\n<p>\u201eLangen Grey\u201c \u2013 tai spintel\u0117, kuri auga kartu su j\u016bs\u0173 poreikiais \u2013 reguliuojamos kojel\u0117s leid\u017eia puikiai pritaikyti auk\u0161t\u012f prie j\u016bs\u0173 virtuv\u0117s i\u0161planavimo, u\u017etikrinant visi\u0161k\u0105 komfort\u0105. Su \u0161ia stilinga apatine spintele suteikite savo interjerui elegancijos ir modernumo, o j\u016bs\u0173 virtuv\u0117s dizainas \u012fgis nauj\u0105 kokyb\u0117s lyg\u012f.<\/p>","protected":false},"excerpt":{"rendered":"<p>Plotis (cm): 40<br \/>\n\u016agis (cm): 82<br \/>\nGylis (cm): 47<\/p>","protected":false},"featured_media":160153,"comment_status":"open","ping_status":"open","template":"","meta":[],"product_brand":[],"product_cat":[9442,4106],"product_tag":[],"class_list":{"0":"post-160152","1":"product","2":"type-product","3":"status-publish","4":"has-post-thumbnail","6":"product_cat-kitchen-system-langen-dab-artisan","7":"product_cat-gala-meble","9":"first","10":"instock","11":"purchasable","12":"product-type-simple"},"_links":{"self":[{"href":"https:\/\/baldumarket.lt\/lt\/wp-json\/wp\/v2\/product\/160152","targetHints":{"allow":["GET"]}}],"collection":[{"href":"https:\/\/baldumarket.lt\/lt\/wp-json\/wp\/v2\/product"}],"about":[{"href":"https:\/\/baldumarket.lt\/lt\/wp-json\/wp\/v2\/types\/product"}],"replies":[{"embeddable":true,"href":"https:\/\/baldumarket.lt\/lt\/wp-json\/wp\/v2\/comments?post=160152"}],"wp:featuredmedia":[{"embeddable":true,"href":"https:\/\/baldumarket.lt\/lt\/wp-json\/wp\/v2\/media\/160153"}],"wp:attachment":[{"href":"https:\/\/baldumarket.lt\/lt\/wp-json\/wp\/v2\/media?parent=160152"}],"wp:term":[{"taxonomy":"product_brand","embeddable":true,"href":"https:\/\/baldumarket.lt\/lt\/wp-json\/wp\/v2\/product_brand?post=160152"},{"taxonomy":"product_cat","embeddable":true,"href":"https:\/\/baldumarket.lt\/lt\/wp-json\/wp\/v2\/product_cat?post=160152"},{"taxonomy":"product_tag","embeddable":true,"href":"https:\/\/baldumarket.lt\/lt\/wp-json\/wp\/v2\/product_tag?post=160152"}],"curies":[{"name":"wp","href":"https:\/\/api.w.org\/{rel}","templated":true}]}}